{"id":30375,"date":"2024-02-23T19:02:02","date_gmt":"2024-02-23T19:02:02","guid":{"rendered":"https:\/\/chilimag.hu\/webshop\/?post_type=product&#038;p=30375"},"modified":"2026-01-06T14:58:31","modified_gmt":"2026-01-06T14:58:31","slug":"high-fly-2","status":"publish","type":"product","link":"https:\/\/chilimag.hu\/webshop\/termek\/high-fly-2\/","title":{"rendered":"High Fly F1 Non S-P"},"content":{"rendered":"<p>&nbsp;<\/p>\n<p>&nbsp;<\/p>\n<p>&nbsp;<\/p>\n","protected":false},"excerpt":{"rendered":"<p><img decoding=\"async\" class=\"general_border\" src=\"https:\/\/seminteplante.ro\/img\/m\/282-brand_default.jpg\" alt=\"NongWoo Bio\" width=\"154\" height=\"70\" \/><\/p>\n<p>Le\u00edr\u00e1s<\/p>\n<p>A High Fly 2 F1 egy professzion\u00e1lis cs\u00edp\u0151s paprika hibrid, z\u00f6ldt\u0151l pirosig \u00e9r\u0151 gy\u00fcm\u00f6lcs\u00f6kkel, k\u00f6nnyen termeszthet\u0151 \u00e9s rendk\u00edv\u00fcl term\u00e9keny, amelyet a n\u00f6v\u00e9nyen l\u00e9v\u0151 term\u00e9sek elrendez\u00e9se, d\u00edszes megjelen\u00e9st k\u00f6lcs\u00f6n\u00f6z<\/p>\n<p>A High Fly 2 F1 cs\u00edp\u0151s paprik\u00e1t magas term\u00e9shozam \u00e9s nagyon k\u00f6nnyen termeszthet\u0151, betegs\u00e9gekre nem fog\u00e9kony n\u00f6v\u00e9ny jellemzi.<\/p>\n<p>Gy\u00fcm\u00f6lcsei z\u00f6ldr\u0151l pirosra \u00e9rnek, gyorsak, finomak \u00e9s f\u00e9nyesek. A High Fly 2 F1 cs\u00edp\u0151s paprika hossza 6-8 centim\u00e9ter, \u00e1tm\u00e9r\u0151je 0,9-1,1 centim\u00e9ter, s\u00falya 5-6 gramm.<\/p>\n<p>A High Fly 2 F1 cs\u00edp\u0151s paprika hossz\u00fa eltarthat\u00f3s\u00e1ggal rendelkezik, alkalmas a hossz\u00fa t\u00e1v\u00fa t\u00e1rol\u00e1sra \u00e9s a t\u00e1vols\u00e1gi sz\u00e1ll\u00edt\u00e1sra, ide\u00e1lis az \u00fcvegekbe p\u00e1col\u00e1shoz \u00e9s a konzerv\u00e1l\u00e1sho<\/p>\n<p>A High Fly 2 F1 cs\u00edp\u0151s paprik\u00e1t magas term\u00e9shozam \u00e9s nagyon k\u00f6nnyen termeszthet\u0151, betegs\u00e9gekre nem fog\u00e9kony n\u00f6v\u00e9ny jellemzi.<\/p>\n<p>Gy\u00fcm\u00f6lcsei z\u00f6ldr\u0151l pirosra \u00e9rnek, gyorsak, finomak \u00e9s f\u00e9nyesek. A High Fly 2 F1 cs\u00edp\u0151s paprika hossza 6-8 centim\u00e9ter, \u00e1tm\u00e9r\u0151je 0,9-1,1 centim\u00e9ter, s\u00falya 5-6 gramm.<\/p>\n<p>A High Fly 2 F1 cs\u00edp\u0151s paprika hossz\u00fa eltarthat\u00f3s\u00e1ggal rendelkezik, alkalmas a hossz\u00fa t\u00e1v\u00fa t\u00e1rol\u00e1sra \u00e9s a t\u00e1vols\u00e1gi sz\u00e1ll\u00edt\u00e1sra, ide\u00e1lis az \u00fcvegekbe p\u00e1col\u00e1shoz \u00e9s a konzerv\u00e1l\u00e1shoz.<\/p>\n<p>&nbsp;<\/p>\n","protected":false},"featured_media":30376,"comment_status":"closed","ping_status":"closed","template":"","meta":[],"product_brand":[],"product_cat":[8],"product_tag":[],"class_list":{"0":"post-30375","1":"product","2":"type-product","3":"status-publish","4":"has-post-thumbnail","6":"product_cat-paprika","8":"first","9":"instock","10":"taxable","11":"shipping-taxable","12":"purchasable","13":"product-type-variable"},"_links":{"self":[{"href":"https:\/\/chilimag.hu\/webshop\/wp-json\/wp\/v2\/product\/30375","targetHints":{"allow":["GET"]}}],"collection":[{"href":"https:\/\/chilimag.hu\/webshop\/wp-json\/wp\/v2\/product"}],"about":[{"href":"https:\/\/chilimag.hu\/webshop\/wp-json\/wp\/v2\/types\/product"}],"replies":[{"embeddable":true,"href":"https:\/\/chilimag.hu\/webshop\/wp-json\/wp\/v2\/comments?post=30375"}],"wp:featuredmedia":[{"embeddable":true,"href":"https:\/\/chilimag.hu\/webshop\/wp-json\/wp\/v2\/media\/30376"}],"wp:attachment":[{"href":"https:\/\/chilimag.hu\/webshop\/wp-json\/wp\/v2\/media?parent=30375"}],"wp:term":[{"taxonomy":"product_brand","embeddable":true,"href":"https:\/\/chilimag.hu\/webshop\/wp-json\/wp\/v2\/product_brand?post=30375"},{"taxonomy":"product_cat","embeddable":true,"href":"https:\/\/chilimag.hu\/webshop\/wp-json\/wp\/v2\/product_cat?post=30375"},{"taxonomy":"product_tag","embeddable":true,"href":"https:\/\/chilimag.hu\/webshop\/wp-json\/wp\/v2\/product_tag?post=30375"}],"curies":[{"name":"wp","href":"https:\/\/api.w.org\/{rel}","templated":true}]}}