{"id":30362,"date":"2024-02-23T18:19:50","date_gmt":"2024-02-23T18:19:50","guid":{"rendered":"https:\/\/chilimag.hu\/webshop\/?post_type=product&#038;p=30362"},"modified":"2026-03-18T17:47:08","modified_gmt":"2026-03-18T17:47:08","slug":"orvosi-koromvirag-florian-bg","status":"publish","type":"product","link":"https:\/\/chilimag.hu\/webshop\/termek\/orvosi-koromvirag-florian-bg\/","title":{"rendered":"Orvosi K\u00f6r\u00f6mvir\u00e1g Florian Bg"},"content":{"rendered":"","protected":false},"excerpt":{"rendered":"<p><img decoding=\"async\" class=\"img-inline\" src=\"https:\/\/brcci.eu\/cache\/thumbnails\/12ecd0e6e419f1b9b1484ef02ad361979dd8e054\/1a6c5e1406ad462ca86d17b2800862d7f837862c-829875ad0a268b741b7edd818ffce098.png\" alt=\"FLORIAN OOD\" \/><\/p>\n<p>\u00c9vel\u0151 n\u00f6v\u00e9ny, amelyet nagyon hasznos gy\u00f3gyn\u00f6v\u00e9nyk\u00e9nt vagy gy\u00f6ny\u00f6r\u0171 vir\u00e1gk\u00e9nt termesztenek. Vir\u00e1gai tel\u00edtett s\u00e1rg\u00e1t\u00f3l narancss\u00e1rg\u00e1ig terjednek. Teljes kivir\u00e1gz\u00e1suk ut\u00e1n szedj\u00fck le, \u00e9s szobah\u0151m\u00e9rs\u00e9kleten sz\u00e1r\u00edtjuk.Teljes kisz\u00e1rad\u00e1s ut\u00e1n k\u00e9szen \u00e1llnak a t\u00e1rol\u00e1sra, k\u00f6nnyen t\u00f6rnek, k\u00fcl\u00f6nben megpen\u00e9szednek. A s\u00e1rga vir\u00e1gok antimikrobi\u00e1lis, antiszeptikus \u00e9s antiallerg\u00e9n hat\u00e1s\u00faak. Ehet\u0151ek, sal\u00e1t\u00e1khoz \u00e9s k\u00f6retekhez haszn\u00e1lhat\u00f3k. K\u00f6nnyen nevelhet\u0151k, nem ig\u00e9nyesek, de a legjobban napos helyeken, gazdag \u00e9s oml\u00f3s talajokon fejl\u0151dnek. Nem t\u0171ri az alacsony h\u0151m\u00e9rs\u00e9kletet \u00e9s a h\u0151hull\u00e1mokat. Rendszeres \u00f6nt\u00f6z\u00e9sre van sz\u00fcks\u00e9g\u00fck. Vir\u00e1gcser\u00e9pben is nevelhet\u0151k.<\/p>\n<p>Vet\u00e9s: \u00e1prilis-m\u00e1jus.<\/p>\n<p>N\u00f6v\u00e9ny magass\u00e1ga 40 cm.<\/p>\n","protected":false},"featured_media":30363,"comment_status":"closed","ping_status":"closed","template":"","meta":[],"product_brand":[],"product_cat":[374],"product_tag":[],"class_list":{"0":"post-30362","1":"product","2":"type-product","3":"status-publish","4":"has-post-thumbnail","6":"product_cat-fuszer-es-gyogynoveny-vetomagok-bolgar-florian-vetomagok","8":"first","9":"instock","10":"taxable","11":"shipping-taxable","12":"purchasable","13":"product-type-simple"},"_links":{"self":[{"href":"https:\/\/chilimag.hu\/webshop\/wp-json\/wp\/v2\/product\/30362","targetHints":{"allow":["GET"]}}],"collection":[{"href":"https:\/\/chilimag.hu\/webshop\/wp-json\/wp\/v2\/product"}],"about":[{"href":"https:\/\/chilimag.hu\/webshop\/wp-json\/wp\/v2\/types\/product"}],"replies":[{"embeddable":true,"href":"https:\/\/chilimag.hu\/webshop\/wp-json\/wp\/v2\/comments?post=30362"}],"wp:featuredmedia":[{"embeddable":true,"href":"https:\/\/chilimag.hu\/webshop\/wp-json\/wp\/v2\/media\/30363"}],"wp:attachment":[{"href":"https:\/\/chilimag.hu\/webshop\/wp-json\/wp\/v2\/media?parent=30362"}],"wp:term":[{"taxonomy":"product_brand","embeddable":true,"href":"https:\/\/chilimag.hu\/webshop\/wp-json\/wp\/v2\/product_brand?post=30362"},{"taxonomy":"product_cat","embeddable":true,"href":"https:\/\/chilimag.hu\/webshop\/wp-json\/wp\/v2\/product_cat?post=30362"},{"taxonomy":"product_tag","embeddable":true,"href":"https:\/\/chilimag.hu\/webshop\/wp-json\/wp\/v2\/product_tag?post=30362"}],"curies":[{"name":"wp","href":"https:\/\/api.w.org\/{rel}","templated":true}]}}