{"id":30356,"date":"2024-02-23T18:11:55","date_gmt":"2024-02-23T18:11:55","guid":{"rendered":"https:\/\/chilimag.hu\/webshop\/?post_type=product&#038;p=30356"},"modified":"2026-04-03T15:55:55","modified_gmt":"2026-04-03T15:55:55","slug":"echinacea-kasvirag-florian-bg","status":"publish","type":"product","link":"https:\/\/chilimag.hu\/webshop\/termek\/echinacea-kasvirag-florian-bg\/","title":{"rendered":"Echinacea Kasvir\u00e1g Florian Bg"},"content":{"rendered":"","protected":false},"excerpt":{"rendered":"<p><img decoding=\"async\" class=\"img-inline\" src=\"https:\/\/brcci.eu\/cache\/thumbnails\/12ecd0e6e419f1b9b1484ef02ad361979dd8e054\/1a6c5e1406ad462ca86d17b2800862d7f837862c-829875ad0a268b741b7edd818ffce098.png\" alt=\"FLORIAN OOD\" \/><\/p>\n<p>Az echinacea egy \u00e9vel\u0151 n\u00f6v\u00e9ny, amely 1-1,5 m\u00e9ter magass\u00e1got \u00e9r el. A napos helyeket kedveli, gazdag \u00e9s j\u00f3l karbantartott talajokkal. A magvakat \u00e1prilis-m\u00e1jusban vetik el, a pal\u00e1nt\u00e1kat augusztus-szeptemberben \u00fcltetik ki meghat\u00e1rozott helyre. Az echinacea a k\u00f6vetkez\u0151 \u00e9v j\u00falius-augusztus\u00e1ban vir\u00e1gzik. Gy\u00f3gyn\u00f6v\u00e9nyk\u00e9nt haszn\u00e1lj\u00e1k influenza \u00e9s l\u00e9g\u00fati gyullad\u00e1sok megel\u0151z\u00e9s\u00e9re.<\/p>\n<p>N\u00f6v\u00e9nymagass\u00e1g 90-160 cm.<\/p>\n<p>M\u0170SZAKI ADATOK:<br \/>\nM\u00e9lys\u00e9ge: 2-2,5 cm<br \/>\nVet\u00e9s: m\u00e1rcius-\u00e1prilist\u00f3l kezd\u0151d\u0151en<br \/>\nTermeszt\u00e9si m\u00f3dok: magr\u00f3l, pal\u00e1nt\u00e1r\u00f3l<\/p>\n<p>\u00dcltet\u00e9s: m\u00e1rcius-\u00e1prilis-j\u00falius-augusztus<br \/>\nBetakar\u00edt\u00e1s: j\u00falius-augusztus, a k\u00f6vetkez\u0151 \u00e9v<br \/>\nVeget\u00e1ci\u00f3: 250 nap<\/p>\n<p>&nbsp;<\/p>\n","protected":false},"featured_media":30357,"comment_status":"closed","ping_status":"closed","template":"","meta":[],"product_brand":[],"product_cat":[374],"product_tag":[],"class_list":{"0":"post-30356","1":"product","2":"type-product","3":"status-publish","4":"has-post-thumbnail","6":"product_cat-fuszer-es-gyogynoveny-vetomagok-bolgar-florian-vetomagok","8":"first","9":"instock","10":"taxable","11":"shipping-taxable","12":"purchasable","13":"product-type-simple"},"_links":{"self":[{"href":"https:\/\/chilimag.hu\/webshop\/wp-json\/wp\/v2\/product\/30356","targetHints":{"allow":["GET"]}}],"collection":[{"href":"https:\/\/chilimag.hu\/webshop\/wp-json\/wp\/v2\/product"}],"about":[{"href":"https:\/\/chilimag.hu\/webshop\/wp-json\/wp\/v2\/types\/product"}],"replies":[{"embeddable":true,"href":"https:\/\/chilimag.hu\/webshop\/wp-json\/wp\/v2\/comments?post=30356"}],"wp:featuredmedia":[{"embeddable":true,"href":"https:\/\/chilimag.hu\/webshop\/wp-json\/wp\/v2\/media\/30357"}],"wp:attachment":[{"href":"https:\/\/chilimag.hu\/webshop\/wp-json\/wp\/v2\/media?parent=30356"}],"wp:term":[{"taxonomy":"product_brand","embeddable":true,"href":"https:\/\/chilimag.hu\/webshop\/wp-json\/wp\/v2\/product_brand?post=30356"},{"taxonomy":"product_cat","embeddable":true,"href":"https:\/\/chilimag.hu\/webshop\/wp-json\/wp\/v2\/product_cat?post=30356"},{"taxonomy":"product_tag","embeddable":true,"href":"https:\/\/chilimag.hu\/webshop\/wp-json\/wp\/v2\/product_tag?post=30356"}],"curies":[{"name":"wp","href":"https:\/\/api.w.org\/{rel}","templated":true}]}}