{"id":30354,"date":"2024-02-23T18:02:07","date_gmt":"2024-02-23T18:02:07","guid":{"rendered":"https:\/\/chilimag.hu\/webshop\/?post_type=product&#038;p=30354"},"modified":"2026-03-28T17:25:21","modified_gmt":"2026-03-28T17:25:21","slug":"bab-poseidon-florian-bg","status":"publish","type":"product","link":"https:\/\/chilimag.hu\/webshop\/termek\/bab-poseidon-florian-bg\/","title":{"rendered":"Bab Poseidon Florian Bg"},"content":{"rendered":"","protected":false},"excerpt":{"rendered":"<p><img decoding=\"async\" class=\"img-inline\" src=\"https:\/\/brcci.eu\/cache\/thumbnails\/12ecd0e6e419f1b9b1484ef02ad361979dd8e054\/1a6c5e1406ad462ca86d17b2800862d7f837862c-829875ad0a268b741b7edd818ffce098.png\" alt=\"FLORIAN OOD\" \/><\/p>\n<p>KERTI BAB &#8222;POSEIDON&#8221; sz\u00e9les z\u00f6ld t\u00f6rpe Lodi t\u00edpus\u00fa<br \/>\nKorai v\u00e1ltozatoss\u00e1g. Veget\u00e1ci\u00f3s id\u0151szak a kel\u00e9st\u0151l a technikai \u00e9r\u00e9sig 55-65 nap. Kis cserje, magass\u00e1ga 30-40 cm. Egy n\u00f6v\u00e9nyen ak\u00e1r 14 db 12-15 cm hossz\u00fa z\u00f6ld h\u00fcvely alakul ki. Az \u00e9retlen bogy\u00f3k \u00edztulajdons\u00e1gai kiv\u00e1l\u00f3ak. A biol\u00f3giai \u00e9retts\u00e9gben l\u00e9v\u0151 magvak feh\u00e9rek. Az \u00e9jszakai fagyvesz\u00e9ly elm\u00falt\u00e1val szabadf\u00f6ldre vetik. A bogy\u00f3kat a konyh\u00e1ban, tart\u00f3s\u00edt\u00e1sra \u00e9s fagyaszt\u00e1sra haszn\u00e1lj\u00e1k.<\/p>\n<p>A magvakat \u00e1prilis 1-t\u0151l m\u00e1jus 15-ig vetik el, amikor a talaj h\u0151m\u00e9rs\u00e9klete 12 Celsius-fok \u00e9s a fagyvesz\u00e9ly elm\u00falt.<\/p>\n<p>A soros vet\u00e9st a k\u00f6vetkez\u0151 t\u00e1vols\u00e1gra haszn\u00e1lj\u00e1k:<\/p>\n<p>&#8211; alacsony kult\u00far\u00e1khoz &#8211; 60\/40 cm.<\/p>\n<p>Veget\u00e1ci\u00f3s id\u0151szak 70-95 nap.<\/p>\n<p>Magok mennyis\u00e9ge zs\u00e1konk\u00e9nt: 50 gramm<\/p>\n<p>M\u0171szaki adatok<br \/>\nM\u00e9lys\u00e9ge 4-7 cm<br \/>\nZ\u00f6ld sz\u00edn<br \/>\nA h\u00fcvelyek rendeltet\u00e9si helye<br \/>\n\u00c1prilist\u00f3l kezd\u0151d\u0151en vetik<br \/>\nVet\u0151mennyis\u00e9g 8-10 Kg\/1000 m\u00e9ter<br \/>\nA vet\u0151magb\u00f3l t\u00f6rt\u00e9n\u0151 termel\u00e9s t\u00edpusai<br \/>\n\u00c1ttekint\u00e9s<br \/>\nbab alak\u00fa<br \/>\nS\u00falya 50 gramm<br \/>\n\u00dcltet\u00e9s \u00e1prilis-m\u00e1jus<br \/>\nSz\u00fcret j\u00fanius-j\u00falius<br \/>\nT\u00f6rpebab t\u00edpus<br \/>\nVeget\u00e1ci\u00f3ja 45-50 nap<\/p>\n","protected":false},"featured_media":30355,"comment_status":"closed","ping_status":"closed","template":"","meta":[],"product_brand":[],"product_cat":[377],"product_tag":[],"class_list":{"0":"post-30354","1":"product","2":"type-product","3":"status-publish","4":"has-post-thumbnail","6":"product_cat-huvelyesek-vetomagok","8":"first","9":"instock","10":"taxable","11":"shipping-taxable","12":"purchasable","13":"product-type-simple"},"_links":{"self":[{"href":"https:\/\/chilimag.hu\/webshop\/wp-json\/wp\/v2\/product\/30354","targetHints":{"allow":["GET"]}}],"collection":[{"href":"https:\/\/chilimag.hu\/webshop\/wp-json\/wp\/v2\/product"}],"about":[{"href":"https:\/\/chilimag.hu\/webshop\/wp-json\/wp\/v2\/types\/product"}],"replies":[{"embeddable":true,"href":"https:\/\/chilimag.hu\/webshop\/wp-json\/wp\/v2\/comments?post=30354"}],"wp:featuredmedia":[{"embeddable":true,"href":"https:\/\/chilimag.hu\/webshop\/wp-json\/wp\/v2\/media\/30355"}],"wp:attachment":[{"href":"https:\/\/chilimag.hu\/webshop\/wp-json\/wp\/v2\/media?parent=30354"}],"wp:term":[{"taxonomy":"product_brand","embeddable":true,"href":"https:\/\/chilimag.hu\/webshop\/wp-json\/wp\/v2\/product_brand?post=30354"},{"taxonomy":"product_cat","embeddable":true,"href":"https:\/\/chilimag.hu\/webshop\/wp-json\/wp\/v2\/product_cat?post=30354"},{"taxonomy":"product_tag","embeddable":true,"href":"https:\/\/chilimag.hu\/webshop\/wp-json\/wp\/v2\/product_tag?post=30354"}],"curies":[{"name":"wp","href":"https:\/\/api.w.org\/{rel}","templated":true}]}}