{"id":30348,"date":"2024-02-23T17:51:38","date_gmt":"2024-02-23T17:51:38","guid":{"rendered":"https:\/\/chilimag.hu\/webshop\/?post_type=product&#038;p=30348"},"modified":"2025-08-12T20:05:42","modified_gmt":"2025-08-12T20:05:42","slug":"tok-halloween-florian-bg","status":"publish","type":"product","link":"https:\/\/chilimag.hu\/webshop\/termek\/tok-halloween-florian-bg\/","title":{"rendered":"T\u00f6k Halloween Florian Bg"},"content":{"rendered":"","protected":false},"excerpt":{"rendered":"<p><img decoding=\"async\" class=\"img-inline\" src=\"https:\/\/brcci.eu\/cache\/thumbnails\/12ecd0e6e419f1b9b1484ef02ad361979dd8e054\/1a6c5e1406ad462ca86d17b2800862d7f837862c-829875ad0a268b741b7edd818ffce098.png\" alt=\"FLORIAN OOD\" \/><\/p>\n<p>Nagyon produkt\u00edv fajta t\u00f6k nagy \u00e9s ov\u00e1lis gy\u00fcm\u00f6lcs\u00f6kkel, alkalmas Halloween alkalm\u00e1b\u00f3l val\u00f3 d\u00edsz\u00edt\u00e9sre. Gy\u00fcm\u00f6lcsei el\u00e9rik a 25-30 cm nagys\u00e1got \u00e9s a 4-8 kg s\u00falyt. A h\u00e9ja v\u00e9kony cs\u00edkos, a mag pedig s\u00e1rg\u00e1s-narancss\u00e1rga sz\u00edn\u0171 \u00e9s k\u00f6nnyen sz\u00e9tv\u00e1lik. Kiv\u00e1l\u00f3 \u00edz\u0171 fajta, hossz\u00fa t\u00e1v\u00fa t\u00e1rol\u00e1sra alkalmas. A veget\u00e1ci\u00f3s id\u0151szak 105-115 nap.<\/p>\n<p>Vet\u00e9s: \u00e1prilis 10-25 6-7 cm m\u00e9lys\u00e9gben \u00e9s 200\/200 cm t\u00e1vols\u00e1gra.<\/p>\n<p>A csomag 2 gr magot tartalmaz<\/p>\n","protected":false},"featured_media":30349,"comment_status":"closed","ping_status":"closed","template":"","meta":[],"product_brand":[],"product_cat":[373],"product_tag":[],"class_list":{"0":"post-30348","1":"product","2":"type-product","3":"status-publish","4":"has-post-thumbnail","6":"product_cat-dinnye-es-tok-vetomagok-bolgar-florian-vetomagok","8":"first","9":"instock","10":"taxable","11":"shipping-taxable","12":"purchasable","13":"product-type-simple"},"_links":{"self":[{"href":"https:\/\/chilimag.hu\/webshop\/wp-json\/wp\/v2\/product\/30348","targetHints":{"allow":["GET"]}}],"collection":[{"href":"https:\/\/chilimag.hu\/webshop\/wp-json\/wp\/v2\/product"}],"about":[{"href":"https:\/\/chilimag.hu\/webshop\/wp-json\/wp\/v2\/types\/product"}],"replies":[{"embeddable":true,"href":"https:\/\/chilimag.hu\/webshop\/wp-json\/wp\/v2\/comments?post=30348"}],"wp:featuredmedia":[{"embeddable":true,"href":"https:\/\/chilimag.hu\/webshop\/wp-json\/wp\/v2\/media\/30349"}],"wp:attachment":[{"href":"https:\/\/chilimag.hu\/webshop\/wp-json\/wp\/v2\/media?parent=30348"}],"wp:term":[{"taxonomy":"product_brand","embeddable":true,"href":"https:\/\/chilimag.hu\/webshop\/wp-json\/wp\/v2\/product_brand?post=30348"},{"taxonomy":"product_cat","embeddable":true,"href":"https:\/\/chilimag.hu\/webshop\/wp-json\/wp\/v2\/product_cat?post=30348"},{"taxonomy":"product_tag","embeddable":true,"href":"https:\/\/chilimag.hu\/webshop\/wp-json\/wp\/v2\/product_tag?post=30348"}],"curies":[{"name":"wp","href":"https:\/\/api.w.org\/{rel}","templated":true}]}}