{"id":30347,"date":"2024-02-23T17:47:37","date_gmt":"2024-02-23T17:47:37","guid":{"rendered":"https:\/\/chilimag.hu\/webshop\/?post_type=product&#038;p=30347"},"modified":"2026-03-08T03:29:30","modified_gmt":"2026-03-08T03:29:30","slug":"sutotok-viola-orebrena-florian-bg","status":"publish","type":"product","link":"https:\/\/chilimag.hu\/webshop\/termek\/sutotok-viola-orebrena-florian-bg\/","title":{"rendered":"S\u00fct\u0151t\u00f6k Viola ribbed Florian Bg"},"content":{"rendered":"","protected":false},"excerpt":{"rendered":"<p><img decoding=\"async\" class=\"img-inline\" src=\"https:\/\/brcci.eu\/cache\/thumbnails\/12ecd0e6e419f1b9b1484ef02ad361979dd8e054\/1a6c5e1406ad462ca86d17b2800862d7f837862c-829875ad0a268b741b7edd818ffce098.png\" alt=\"FLORIAN OOD\" \/><\/p>\n<p>Nagyon term\u00e9keny olasz t\u00f6kfajta, amelyet nagyon nagy, 8-10 kg t\u00f6meg\u0171 gy\u00fcm\u00f6lcs\u00f6k jellemeznek. Gy\u00fcm\u00f6lcsei g\u00f6mb alak\u00faak, enyh\u00e9n lap\u00edtottak, br\u00e1csa alak\u00faak. Sz\u00fcrk\u00e9s-k\u00e9k sz\u00edn\u0171ek, kiss\u00e9 vil\u00e1gosabb cs\u00edkokkal. A mag s\u00e1rg\u00e1t\u00f3l az \u00e9l\u00e9nk narancss\u00e1rg\u00e1ig terjed, l\u00e9d\u00fas \u00e9s \u00e9des. A fajta kiv\u00e1l\u00f3 \u00edz\u0171. A veget\u00e1ci\u00f3s id\u0151szak 130-135 nap.<\/p>\n<p>Vet\u00e9si id\u0151szak \u00e1prilis 10-25.<\/p>\n<p>T\u00e1vols\u00e1g: 200\/200 cm M\u00e9lys\u00e9g 6-7 cm.<\/p>\n<p>A magok mennyis\u00e9ge zs\u00e1konk\u00e9nt: 3 gr<\/p>\n","protected":false},"featured_media":30364,"comment_status":"closed","ping_status":"closed","template":"","meta":[],"product_brand":[],"product_cat":[373],"product_tag":[],"class_list":{"0":"post-30347","1":"product","2":"type-product","3":"status-publish","4":"has-post-thumbnail","6":"product_cat-dinnye-es-tok-vetomagok-bolgar-florian-vetomagok","8":"first","9":"instock","10":"taxable","11":"shipping-taxable","12":"purchasable","13":"product-type-simple"},"_links":{"self":[{"href":"https:\/\/chilimag.hu\/webshop\/wp-json\/wp\/v2\/product\/30347","targetHints":{"allow":["GET"]}}],"collection":[{"href":"https:\/\/chilimag.hu\/webshop\/wp-json\/wp\/v2\/product"}],"about":[{"href":"https:\/\/chilimag.hu\/webshop\/wp-json\/wp\/v2\/types\/product"}],"replies":[{"embeddable":true,"href":"https:\/\/chilimag.hu\/webshop\/wp-json\/wp\/v2\/comments?post=30347"}],"wp:featuredmedia":[{"embeddable":true,"href":"https:\/\/chilimag.hu\/webshop\/wp-json\/wp\/v2\/media\/30364"}],"wp:attachment":[{"href":"https:\/\/chilimag.hu\/webshop\/wp-json\/wp\/v2\/media?parent=30347"}],"wp:term":[{"taxonomy":"product_brand","embeddable":true,"href":"https:\/\/chilimag.hu\/webshop\/wp-json\/wp\/v2\/product_brand?post=30347"},{"taxonomy":"product_cat","embeddable":true,"href":"https:\/\/chilimag.hu\/webshop\/wp-json\/wp\/v2\/product_cat?post=30347"},{"taxonomy":"product_tag","embeddable":true,"href":"https:\/\/chilimag.hu\/webshop\/wp-json\/wp\/v2\/product_tag?post=30347"}],"curies":[{"name":"wp","href":"https:\/\/api.w.org\/{rel}","templated":true}]}}