{"id":30343,"date":"2024-02-23T17:37:48","date_gmt":"2024-02-23T17:37:48","guid":{"rendered":"https:\/\/chilimag.hu\/webshop\/?post_type=product&#038;p=30343"},"modified":"2026-02-07T17:10:52","modified_gmt":"2026-02-07T17:10:52","slug":"zsazsa-florian-bg","status":"publish","type":"product","link":"https:\/\/chilimag.hu\/webshop\/termek\/zsazsa-florian-bg\/","title":{"rendered":"Zs\u00e1zsa Florian Bg"},"content":{"rendered":"","protected":false},"excerpt":{"rendered":"<p><img decoding=\"async\" class=\"img-inline\" src=\"https:\/\/brcci.eu\/cache\/thumbnails\/12ecd0e6e419f1b9b1484ef02ad361979dd8e054\/1a6c5e1406ad462ca86d17b2800862d7f837862c-829875ad0a268b741b7edd818ffce098.png\" alt=\"FLORIAN OOD\" \/><\/p>\n<p>Egy\u00e9ves, gyors n\u00f6veked\u00e9s\u0171, egyenes sz\u00e1r\u00fa, 60 cm magas kerti n\u00f6v\u00e9ny, mely leveles z\u00f6lds\u00e9gk\u00e9nt haszn\u00e1latos. A gy\u00fcm\u00f6lcs\u00f6k l\u00e9d\u00fasak, f\u0171szeres \u00e9s gyeng\u00e9d \u00edz\u0171ek, amelyek kiss\u00e9 hasonl\u00edtanak az \u00e9telek \u00edz\u00e9re. A v\u00edzitorma levelei gazdagok vitaminokban, karotinban \u00e9s \u00e1sv\u00e1nyi s\u00f3kban. Haszn\u00e1lj\u00e1k sal\u00e1t\u00e1khoz, sz\u00f3szokhoz, stb.. Rendszeresen megsz\u00f3rva vir\u00e1gcserepes termeszt\u00e9sre is alkalmas.Kihajt\u00e1s ut\u00e1n 2-3 h\u00e9t eltelt\u00e9vel a v\u00edzitorma sz\u00fcretelhet\u0151.A zs\u00e1zsa termeszt\u00e9s\u00e9re alkalmas.<\/p>\n<p>Vet\u00e9s: m\u00e1rcius-\u00e1prilis.<\/p>\n<p>Magok mennyis\u00e9ge zs\u00e1konk\u00e9nt: 5 gramm<\/p>\n<p>M\u0171szaki adatok:<\/p>\n<p>M\u00e9lys\u00e9ge 1-1,5 cm<br \/>\nM\u00e1rcius-\u00e1prilisban vetik<br \/>\nVet\u00e9smennyis\u00e9g 40-50 gramm\/hekt\u00e1r<br \/>\nA vet\u0151magb\u00f3l t\u00f6rt\u00e9n\u0151 termel\u00e9s t\u00edpusai<br \/>\n\u00c1ltal\u00e1noss\u00e1gok:<\/p>\n<p>700-900 magot tartalmaz grammonk\u00e9nt<br \/>\nS\u00falya 5 gramm<br \/>\n\u00dcltet\u00e9s m\u00e1rcius-\u00e1prilis<br \/>\nSz\u00fcret \u00e1prilis-m\u00e1jus<br \/>\nVeget\u00e1ci\u00f3ja 14-21 nap<\/p>\n","protected":false},"featured_media":30345,"comment_status":"closed","ping_status":"closed","template":"","meta":[],"product_brand":[],"product_cat":[374,382],"product_tag":[],"class_list":{"0":"post-30343","1":"product","2":"type-product","3":"status-publish","4":"has-post-thumbnail","6":"product_cat-fuszer-es-gyogynoveny-vetomagok-bolgar-florian-vetomagok","7":"product_cat-salata-es-retek-vetomagok","9":"first","10":"instock","11":"taxable","12":"shipping-taxable","13":"purchasable","14":"product-type-simple"},"_links":{"self":[{"href":"https:\/\/chilimag.hu\/webshop\/wp-json\/wp\/v2\/product\/30343","targetHints":{"allow":["GET"]}}],"collection":[{"href":"https:\/\/chilimag.hu\/webshop\/wp-json\/wp\/v2\/product"}],"about":[{"href":"https:\/\/chilimag.hu\/webshop\/wp-json\/wp\/v2\/types\/product"}],"replies":[{"embeddable":true,"href":"https:\/\/chilimag.hu\/webshop\/wp-json\/wp\/v2\/comments?post=30343"}],"wp:featuredmedia":[{"embeddable":true,"href":"https:\/\/chilimag.hu\/webshop\/wp-json\/wp\/v2\/media\/30345"}],"wp:attachment":[{"href":"https:\/\/chilimag.hu\/webshop\/wp-json\/wp\/v2\/media?parent=30343"}],"wp:term":[{"taxonomy":"product_brand","embeddable":true,"href":"https:\/\/chilimag.hu\/webshop\/wp-json\/wp\/v2\/product_brand?post=30343"},{"taxonomy":"product_cat","embeddable":true,"href":"https:\/\/chilimag.hu\/webshop\/wp-json\/wp\/v2\/product_cat?post=30343"},{"taxonomy":"product_tag","embeddable":true,"href":"https:\/\/chilimag.hu\/webshop\/wp-json\/wp\/v2\/product_tag?post=30343"}],"curies":[{"name":"wp","href":"https:\/\/api.w.org\/{rel}","templated":true}]}}