{"id":30336,"date":"2024-02-23T17:25:53","date_gmt":"2024-02-23T17:25:53","guid":{"rendered":"https:\/\/chilimag.hu\/webshop\/?post_type=product&#038;p=30336"},"modified":"2025-08-13T12:05:47","modified_gmt":"2025-08-13T12:05:47","slug":"salata-baby-leaf-florian-bg","status":"publish","type":"product","link":"https:\/\/chilimag.hu\/webshop\/termek\/salata-baby-leaf-florian-bg\/","title":{"rendered":"Sal\u00e1ta Baby Leaf Florian Bg"},"content":{"rendered":"","protected":false},"excerpt":{"rendered":"<p><img decoding=\"async\" class=\"img-inline\" src=\"https:\/\/brcci.eu\/cache\/thumbnails\/12ecd0e6e419f1b9b1484ef02ad361979dd8e054\/1a6c5e1406ad462ca86d17b2800862d7f837862c-829875ad0a268b741b7edd818ffce098.png\" alt=\"FLORIAN OOD\" \/><\/p>\n<p>A Baby Leaf sal\u00e1ta egy kis level\u0171 fajta, kiv\u00e1l\u00f3an alkalmas friss fogyaszt\u00e1sra. Vonz\u00f3 fajta, ny\u00e1ron k\u00f6zvetlen\u00fcl a szabadban, t\u00e9len pedig f\u00fbt\u00e9s n\u00e9lk\u00fcli v\u00e9dett helyen termeszthet\u00f5, a n\u00f6v\u00e9ny kedveli a nedvess\u00e9get, nagyon k\u00f6nnyen termeszthet\u00f5, \u00e9s jobban szereti a teljes napsug\u00e1rz\u00e1st. A levelek kicsinek \u00e9s t\u00f6r\u00e9kenynek hangzanak. A veget\u00e1ci\u00f3s id\u0151szak 25-50 nap.<\/p>\n<p>A hobbitermeszt\u0151k sz\u00e1m\u00e1ra alkalmas, mivel nagyon k\u00f6nnyen karbantarthat\u00f3.<\/p>\n<p>A Baby Leaf sal\u00e1t\u00e1t a betakar\u00edt\u00e1s ut\u00e1n azonnal aj\u00e1nlott elfogyasztani.<\/p>\n<p>Levelei nyersen z\u00f6ldek \u00e9s pirosak, nagyon kellemes megjelen\u00e9s\u0171ek \u00e9s ropog\u00f3s \u00e1llag\u00faak.<\/p>\n<p>Csomagol\u00e1s m\u00f3dja: kb 2 gr<br \/>\nVet\u0151mag kateg\u00f3ria Professzion\u00e1lis vet\u0151magok kis kiszerel\u00e9sben<br \/>\nA Baby Leaf sal\u00e1ta jellemz\u0151i<br \/>\nT\u00edpus: Babalev\u00e9l sal\u00e1ta;<\/p>\n<p>Felhaszn\u00e1lhat\u00f3s\u00e1gi id\u0151: friss fogyaszt\u00e1s;<\/p>\n","protected":false},"featured_media":30337,"comment_status":"closed","ping_status":"closed","template":"","meta":[],"product_brand":[],"product_cat":[382],"product_tag":[],"class_list":{"0":"post-30336","1":"product","2":"type-product","3":"status-publish","4":"has-post-thumbnail","6":"product_cat-salata-es-retek-vetomagok","8":"first","9":"outofstock","10":"taxable","11":"shipping-taxable","12":"purchasable","13":"product-type-simple"},"_links":{"self":[{"href":"https:\/\/chilimag.hu\/webshop\/wp-json\/wp\/v2\/product\/30336","targetHints":{"allow":["GET"]}}],"collection":[{"href":"https:\/\/chilimag.hu\/webshop\/wp-json\/wp\/v2\/product"}],"about":[{"href":"https:\/\/chilimag.hu\/webshop\/wp-json\/wp\/v2\/types\/product"}],"replies":[{"embeddable":true,"href":"https:\/\/chilimag.hu\/webshop\/wp-json\/wp\/v2\/comments?post=30336"}],"wp:featuredmedia":[{"embeddable":true,"href":"https:\/\/chilimag.hu\/webshop\/wp-json\/wp\/v2\/media\/30337"}],"wp:attachment":[{"href":"https:\/\/chilimag.hu\/webshop\/wp-json\/wp\/v2\/media?parent=30336"}],"wp:term":[{"taxonomy":"product_brand","embeddable":true,"href":"https:\/\/chilimag.hu\/webshop\/wp-json\/wp\/v2\/product_brand?post=30336"},{"taxonomy":"product_cat","embeddable":true,"href":"https:\/\/chilimag.hu\/webshop\/wp-json\/wp\/v2\/product_cat?post=30336"},{"taxonomy":"product_tag","embeddable":true,"href":"https:\/\/chilimag.hu\/webshop\/wp-json\/wp\/v2\/product_tag?post=30336"}],"curies":[{"name":"wp","href":"https:\/\/api.w.org\/{rel}","templated":true}]}}