{"id":30327,"date":"2024-02-23T17:06:58","date_gmt":"2024-02-23T17:06:58","guid":{"rendered":"https:\/\/chilimag.hu\/webshop\/?post_type=product&#038;p=30327"},"modified":"2026-02-25T10:09:38","modified_gmt":"2026-02-25T10:09:38","slug":"salata-kagraner-summer-florian-bg","status":"publish","type":"product","link":"https:\/\/chilimag.hu\/webshop\/termek\/salata-kagraner-summer-florian-bg\/","title":{"rendered":"Sal\u00e1ta Kagraner Sommer Florian Bg"},"content":{"rendered":"","protected":false},"excerpt":{"rendered":"<p><img decoding=\"async\" class=\"img-inline\" src=\"https:\/\/brcci.eu\/cache\/thumbnails\/12ecd0e6e419f1b9b1484ef02ad361979dd8e054\/1a6c5e1406ad462ca86d17b2800862d7f837862c-829875ad0a268b741b7edd818ffce098.png\" alt=\"FLORIAN OOD\" \/><\/p>\n<p>T\u00e9li sal\u00e1ta tavaszi \u00e9s \u0151szi vet\u00e9s. K\u00f6zepes m\u00e9ret\u0171 fejeket k\u00e9pez, l\u00e9d\u00fas \u00e9s t\u00f6r\u00e9keny levelekkel, vajas \u00edzzel. A fajta nagyon ellen\u00e1ll a vir\u00e1gz\u00e1snak \u00e9s a magas h\u0151m\u00e9rs\u00e9kletnek. Vet\u00e9sid\u0151: tavaszi term\u00e9sn\u00e9l janu\u00e1r 25-febru\u00e1r 5., \u0151szi kult\u00far\u00e1n\u00e1l szeptember 10-20. A magokat a sorok k\u00f6z\u00f6tt 30 cm-re, egym\u00e1s ut\u00e1n 20 cm-re kell elvetni. Veget\u00e1ci\u00f3s id\u0151szak 55-60 nap.<\/p>\n<p>M\u0171szaki adatok:<\/p>\n<p>M\u00e9lys\u00e9ge 1-1,5 cm<br \/>\nJanu\u00e1r 25-febru\u00e1r 5., szeptember 10-20<br \/>\nVet\u00e9smennyis\u00e9g 40-50 gramm\/hekt\u00e1r<br \/>\nA magvakb\u00f3l, pal\u00e1nt\u00e1kb\u00f3l t\u00f6rt\u00e9n\u0151 el\u0151\u00e1ll\u00edt\u00e1s fajt\u00e1i<br \/>\n\u00c1ltal\u00e1noss\u00e1gok:<\/p>\n<p>700-900 magot tartalmaz grammonk\u00e9nt<br \/>\nS\u00falya 2 gramm<br \/>\n\u00dcltet\u00e9s janu\u00e1r-febru\u00e1r, szeptember<br \/>\nSz\u00fcret \u00e1prilis-m\u00e1jus, november<br \/>\nVeget\u00e1ci\u00f3 58 nap<\/p>\n","protected":false},"featured_media":30328,"comment_status":"closed","ping_status":"closed","template":"","meta":[],"product_brand":[],"product_cat":[382],"product_tag":[],"class_list":{"0":"post-30327","1":"product","2":"type-product","3":"status-publish","4":"has-post-thumbnail","6":"product_cat-salata-es-retek-vetomagok","8":"first","9":"instock","10":"taxable","11":"shipping-taxable","12":"purchasable","13":"product-type-simple"},"_links":{"self":[{"href":"https:\/\/chilimag.hu\/webshop\/wp-json\/wp\/v2\/product\/30327","targetHints":{"allow":["GET"]}}],"collection":[{"href":"https:\/\/chilimag.hu\/webshop\/wp-json\/wp\/v2\/product"}],"about":[{"href":"https:\/\/chilimag.hu\/webshop\/wp-json\/wp\/v2\/types\/product"}],"replies":[{"embeddable":true,"href":"https:\/\/chilimag.hu\/webshop\/wp-json\/wp\/v2\/comments?post=30327"}],"wp:featuredmedia":[{"embeddable":true,"href":"https:\/\/chilimag.hu\/webshop\/wp-json\/wp\/v2\/media\/30328"}],"wp:attachment":[{"href":"https:\/\/chilimag.hu\/webshop\/wp-json\/wp\/v2\/media?parent=30327"}],"wp:term":[{"taxonomy":"product_brand","embeddable":true,"href":"https:\/\/chilimag.hu\/webshop\/wp-json\/wp\/v2\/product_brand?post=30327"},{"taxonomy":"product_cat","embeddable":true,"href":"https:\/\/chilimag.hu\/webshop\/wp-json\/wp\/v2\/product_cat?post=30327"},{"taxonomy":"product_tag","embeddable":true,"href":"https:\/\/chilimag.hu\/webshop\/wp-json\/wp\/v2\/product_tag?post=30327"}],"curies":[{"name":"wp","href":"https:\/\/api.w.org\/{rel}","templated":true}]}}