{"id":30322,"date":"2024-02-23T16:51:36","date_gmt":"2024-02-23T16:51:36","guid":{"rendered":"https:\/\/chilimag.hu\/webshop\/?post_type=product&#038;p=30322"},"modified":"2026-02-23T12:41:13","modified_gmt":"2026-02-23T12:41:13","slug":"kapor-comon-florian-bg","status":"publish","type":"product","link":"https:\/\/chilimag.hu\/webshop\/termek\/kapor-comon-florian-bg\/","title":{"rendered":"Kapor Comon Florian Bg"},"content":{"rendered":"","protected":false},"excerpt":{"rendered":"<p><img decoding=\"async\" class=\"img-inline\" src=\"https:\/\/brcci.eu\/cache\/thumbnails\/12ecd0e6e419f1b9b1484ef02ad361979dd8e054\/1a6c5e1406ad462ca86d17b2800862d7f837862c-829875ad0a268b741b7edd818ffce098.png\" alt=\"FLORIAN OOD\" \/><\/p>\n<p>Egyny\u00e1ri, l\u00e1gysz\u00e1r\u00fa, magas, 60-90 cm magas n\u00f6v\u00e9ny. Vir\u00e1gai s\u00e1rg\u00e1k, alkalmasak p\u00e1col\u00e1sra, tart\u00f3s\u00edt\u00e1sra stb.<\/p>\n<p>Z\u00f6ld levelei arom\u00e1sak, z\u00f6ldsal\u00e1t\u00e1k, f\u0151tt \u00e9telek f\u0171szerez\u00e9s\u00e9re alkalmasak, k\u00fcl\u00f6nb\u00f6z\u0151 l\u00e9gk\u00f6ri viszonyokat toler\u00e1lnak.<\/p>\n<p>Veget\u00e1ci\u00f3s id\u0151: 120 nap Tavasszal 1,5-2 cm m\u00e9lyre vetj\u00fck.<\/p>\n<p>A csomag 5 gr magot tartalmaz<\/p>\n","protected":false},"featured_media":30323,"comment_status":"closed","ping_status":"closed","template":"","meta":[],"product_brand":[],"product_cat":[374],"product_tag":[],"class_list":{"0":"post-30322","1":"product","2":"type-product","3":"status-publish","4":"has-post-thumbnail","6":"product_cat-fuszer-es-gyogynoveny-vetomagok-bolgar-florian-vetomagok","8":"first","9":"instock","10":"taxable","11":"shipping-taxable","12":"purchasable","13":"product-type-simple"},"_links":{"self":[{"href":"https:\/\/chilimag.hu\/webshop\/wp-json\/wp\/v2\/product\/30322","targetHints":{"allow":["GET"]}}],"collection":[{"href":"https:\/\/chilimag.hu\/webshop\/wp-json\/wp\/v2\/product"}],"about":[{"href":"https:\/\/chilimag.hu\/webshop\/wp-json\/wp\/v2\/types\/product"}],"replies":[{"embeddable":true,"href":"https:\/\/chilimag.hu\/webshop\/wp-json\/wp\/v2\/comments?post=30322"}],"wp:featuredmedia":[{"embeddable":true,"href":"https:\/\/chilimag.hu\/webshop\/wp-json\/wp\/v2\/media\/30323"}],"wp:attachment":[{"href":"https:\/\/chilimag.hu\/webshop\/wp-json\/wp\/v2\/media?parent=30322"}],"wp:term":[{"taxonomy":"product_brand","embeddable":true,"href":"https:\/\/chilimag.hu\/webshop\/wp-json\/wp\/v2\/product_brand?post=30322"},{"taxonomy":"product_cat","embeddable":true,"href":"https:\/\/chilimag.hu\/webshop\/wp-json\/wp\/v2\/product_cat?post=30322"},{"taxonomy":"product_tag","embeddable":true,"href":"https:\/\/chilimag.hu\/webshop\/wp-json\/wp\/v2\/product_tag?post=30322"}],"curies":[{"name":"wp","href":"https:\/\/api.w.org\/{rel}","templated":true}]}}