{"id":30316,"date":"2024-02-23T16:34:25","date_gmt":"2024-02-23T16:34:25","guid":{"rendered":"https:\/\/chilimag.hu\/webshop\/?post_type=product&#038;p=30316"},"modified":"2026-02-09T09:40:23","modified_gmt":"2026-02-09T09:40:23","slug":"retek-teli-white-turnip-florian-bg","status":"publish","type":"product","link":"https:\/\/chilimag.hu\/webshop\/termek\/retek-teli-white-turnip-florian-bg\/","title":{"rendered":"Retek T\u00e9li feh\u00e9r Zimna byala Florian Bg"},"content":{"rendered":"","protected":false},"excerpt":{"rendered":"<p><img decoding=\"async\" class=\"img-inline\" src=\"https:\/\/brcci.eu\/cache\/thumbnails\/12ecd0e6e419f1b9b1484ef02ad361979dd8e054\/1a6c5e1406ad462ca86d17b2800862d7f837862c-829875ad0a268b741b7edd818ffce098.png\" alt=\"FLORIAN OOD\" \/><\/p>\n<p>A Winter White retek rendk\u00edv\u00fcl korai fajt\u00e1ja, \u00edz\u00e9ben \u00e9s \u00e1llag\u00e1ban nagyon hasonl\u00edt a Daykonhoz, de kerek form\u00e1j\u00fa. Gy\u00f6kere feh\u00e9r, a levelek fel\u00e9 felfel\u00e9 nagyon kev\u00e9s vil\u00e1gosz\u00f6lddel Friss fogyaszt\u00e1sra, tart\u00f3s\u00edt\u00e1sra, fagyaszt\u00e1sra alkalmas Veget\u00e1ci\u00f3s peri\u00f3dus 55-65 nap.<\/p>\n<p>A magvakat j\u00falius 15-t\u0151l augusztus 15-ig vetik el.<\/p>\n<p>Vet\u0151mag mennyis\u00e9ge zs\u00e1konk\u00e9nt: 5 gramm 500-600 mag<\/p>\n<p>M\u0171szaki adatok:<\/p>\n<p>M\u00e9lys\u00e9ge 2-2,5 cm<br \/>\nJ\u00falius 15-t\u0151l augusztus 15-ig vetik<br \/>\nVet\u0151mennyis\u00e9g 500-800 gramm\/hekt\u00e1r<br \/>\nA vet\u0151magb\u00f3l t\u00f6rt\u00e9n\u0151 termel\u00e9s t\u00edpusai<br \/>\n\u00c1ltal\u00e1noss\u00e1gok:<\/p>\n<p>100-120 magot tartalmaz grammonk\u00e9nt<br \/>\nS\u00falya 5 gramm<br \/>\n\u00dcltet\u00e9s j\u00falius-augusztus<br \/>\nSz\u00fcret szeptember-okt\u00f3ber<br \/>\nVeget\u00e1ci\u00f3ja 55-65 nap<\/p>\n","protected":false},"featured_media":30317,"comment_status":"closed","ping_status":"closed","template":"","meta":[],"product_brand":[],"product_cat":[382],"product_tag":[],"class_list":{"0":"post-30316","1":"product","2":"type-product","3":"status-publish","4":"has-post-thumbnail","6":"product_cat-salata-es-retek-vetomagok","8":"first","9":"instock","10":"taxable","11":"shipping-taxable","12":"purchasable","13":"product-type-simple"},"_links":{"self":[{"href":"https:\/\/chilimag.hu\/webshop\/wp-json\/wp\/v2\/product\/30316","targetHints":{"allow":["GET"]}}],"collection":[{"href":"https:\/\/chilimag.hu\/webshop\/wp-json\/wp\/v2\/product"}],"about":[{"href":"https:\/\/chilimag.hu\/webshop\/wp-json\/wp\/v2\/types\/product"}],"replies":[{"embeddable":true,"href":"https:\/\/chilimag.hu\/webshop\/wp-json\/wp\/v2\/comments?post=30316"}],"wp:featuredmedia":[{"embeddable":true,"href":"https:\/\/chilimag.hu\/webshop\/wp-json\/wp\/v2\/media\/30317"}],"wp:attachment":[{"href":"https:\/\/chilimag.hu\/webshop\/wp-json\/wp\/v2\/media?parent=30316"}],"wp:term":[{"taxonomy":"product_brand","embeddable":true,"href":"https:\/\/chilimag.hu\/webshop\/wp-json\/wp\/v2\/product_brand?post=30316"},{"taxonomy":"product_cat","embeddable":true,"href":"https:\/\/chilimag.hu\/webshop\/wp-json\/wp\/v2\/product_cat?post=30316"},{"taxonomy":"product_tag","embeddable":true,"href":"https:\/\/chilimag.hu\/webshop\/wp-json\/wp\/v2\/product_tag?post=30316"}],"curies":[{"name":"wp","href":"https:\/\/api.w.org\/{rel}","templated":true}]}}