{"id":30294,"date":"2024-02-23T09:11:24","date_gmt":"2024-02-23T09:11:24","guid":{"rendered":"https:\/\/chilimag.hu\/webshop\/?post_type=product&#038;p=30294"},"modified":"2026-03-31T20:41:19","modified_gmt":"2026-03-31T20:41:19","slug":"retek-forum-florian-bg","status":"publish","type":"product","link":"https:\/\/chilimag.hu\/webshop\/termek\/retek-forum-florian-bg\/","title":{"rendered":"Retek Forum Florian Bg"},"content":{"rendered":"","protected":false},"excerpt":{"rendered":"<p><img decoding=\"async\" class=\"img-inline\" src=\"https:\/\/brcci.eu\/cache\/thumbnails\/12ecd0e6e419f1b9b1484ef02ad361979dd8e054\/1a6c5e1406ad462ca86d17b2800862d7f837862c-829875ad0a268b741b7edd818ffce098.png\" alt=\"FLORIAN OOD\" \/><\/p>\n<p>K\u00fcl\u00f6nf\u00e9le megn\u00f6velt term\u0151k\u00e9pess\u00e9g\u0171, tavaszi \u00e9s \u0151szi vet\u00e9sre alkalmas. A teny\u00e9szet a cs\u00edr\u00e1z\u00e1s ut\u00e1n 31-34 nappal k\u00e9szen \u00e1ll. A retek megny\u00falt, reped\u00e9s\u00e1ll\u00f3, magja feh\u00e9r, l\u00e9d\u00fas, enyhe \u00edz\u0171. Tavaszi \u00e9s \u0151szi betakar\u00edt\u00e1sra termesztik.<\/p>\n<p>Tavaszi termeszt\u00e9sre febru\u00e1r-\u00e1prilisban, \u0151szi termeszt\u00e9sre szeptember-okt\u00f3berben vetik.<\/p>\n<p>M\u0171szaki adatok:<\/p>\n<p>M\u00e9lys\u00e9ge 2-2,5 cm<br \/>\nFebru\u00e1r-\u00e1prilisban, szeptember-okt\u00f3berben vetik<br \/>\nVet\u00e9smennyis\u00e9g 2-3 Kg\/hekt\u00e1r<br \/>\nA vet\u0151magb\u00f3l t\u00f6rt\u00e9n\u0151 termel\u00e9s t\u00edpusai<br \/>\n\u00c1ltal\u00e1noss\u00e1gok:<\/p>\n<p>125-150 magot tartalmaz grammonk\u00e9nt<br \/>\nS\u00falya 5 gramm<br \/>\n\u00dcltet\u00e9s febru\u00e1r-\u00e1prilis, szeptember-okt\u00f3ber<br \/>\nSz\u00fcret m\u00e1rcius-m\u00e1jus, okt\u00f3ber-november<br \/>\nVeget\u00e1ci\u00f3ja 25-35 nap<\/p>\n","protected":false},"featured_media":30302,"comment_status":"closed","ping_status":"closed","template":"","meta":[],"product_brand":[],"product_cat":[382],"product_tag":[],"class_list":{"0":"post-30294","1":"product","2":"type-product","3":"status-publish","4":"has-post-thumbnail","6":"product_cat-salata-es-retek-vetomagok","8":"first","9":"instock","10":"taxable","11":"shipping-taxable","12":"purchasable","13":"product-type-simple"},"_links":{"self":[{"href":"https:\/\/chilimag.hu\/webshop\/wp-json\/wp\/v2\/product\/30294","targetHints":{"allow":["GET"]}}],"collection":[{"href":"https:\/\/chilimag.hu\/webshop\/wp-json\/wp\/v2\/product"}],"about":[{"href":"https:\/\/chilimag.hu\/webshop\/wp-json\/wp\/v2\/types\/product"}],"replies":[{"embeddable":true,"href":"https:\/\/chilimag.hu\/webshop\/wp-json\/wp\/v2\/comments?post=30294"}],"wp:featuredmedia":[{"embeddable":true,"href":"https:\/\/chilimag.hu\/webshop\/wp-json\/wp\/v2\/media\/30302"}],"wp:attachment":[{"href":"https:\/\/chilimag.hu\/webshop\/wp-json\/wp\/v2\/media?parent=30294"}],"wp:term":[{"taxonomy":"product_brand","embeddable":true,"href":"https:\/\/chilimag.hu\/webshop\/wp-json\/wp\/v2\/product_brand?post=30294"},{"taxonomy":"product_cat","embeddable":true,"href":"https:\/\/chilimag.hu\/webshop\/wp-json\/wp\/v2\/product_cat?post=30294"},{"taxonomy":"product_tag","embeddable":true,"href":"https:\/\/chilimag.hu\/webshop\/wp-json\/wp\/v2\/product_tag?post=30294"}],"curies":[{"name":"wp","href":"https:\/\/api.w.org\/{rel}","templated":true}]}}