{"id":30292,"date":"2024-02-23T09:08:24","date_gmt":"2024-02-23T09:08:24","guid":{"rendered":"https:\/\/chilimag.hu\/webshop\/?post_type=product&#038;p=30292"},"modified":"2026-02-07T16:55:41","modified_gmt":"2026-02-07T16:55:41","slug":"sargarepa-amsterdam-florian-bg","status":"publish","type":"product","link":"https:\/\/chilimag.hu\/webshop\/termek\/sargarepa-amsterdam-florian-bg\/","title":{"rendered":"S\u00e1rgar\u00e9pa Amsterdam Florian Bg"},"content":{"rendered":"","protected":false},"excerpt":{"rendered":"<p><img decoding=\"async\" class=\"img-inline\" src=\"https:\/\/brcci.eu\/cache\/thumbnails\/12ecd0e6e419f1b9b1484ef02ad361979dd8e054\/1a6c5e1406ad462ca86d17b2800862d7f837862c-829875ad0a268b741b7edd818ffce098.png\" alt=\"FLORIAN OOD\" \/><\/p>\n<p>Nagyon korai, nagy hozam\u00fa, rendk\u00edv\u00fcl \u00e9des fajta hengeres, zsenge, narancsv\u00f6r\u00f6s, egyenletes s\u00e1rgar\u00e9p\u00e1val, 15-18 cm hossz\u00fa. Kont\u00e9nerben is termeszthet\u0151. Friss \u00e9s konzerv fogyaszt\u00e1sra alkalmas.<\/p>\n<p>A tavaszi term\u00e9shez febru\u00e1r 20-t\u00f3l m\u00e1rcius 10-ig, a t\u00e9li termel\u00e9shez december 1-15-ig vetj\u00fck 2-3 cm m\u00e9lys\u00e9gben.<\/p>\n<p>M\u0171szaki adatok:<\/p>\n<p>M\u00e9lys\u00e9ge 2-3 cm<br \/>\nFebru\u00e1r-decembert\u0151l kezd\u0151d\u0151en vetik<br \/>\nVet\u0151mennyis\u00e9g 450-600 gramm\/hekt\u00e1r<br \/>\nA vet\u0151magb\u00f3l t\u00f6rt\u00e9n\u0151 termel\u00e9s t\u00edpusai<br \/>\n\u00c1ltal\u00e1noss\u00e1gok:<\/p>\n<p>\u00dcltet\u00e9s febru\u00e1r-m\u00e1rcius, j\u00fanius, december<br \/>\nSz\u00fcret j\u00falius, okt\u00f3ber<br \/>\nVeget\u00e1ci\u00f3ja 100-110 nap<\/p>\n<p>&nbsp;<\/p>\n<p>A csomag 2,5 gr magot tartalmaz<\/p>\n","protected":false},"featured_media":30293,"comment_status":"closed","ping_status":"closed","template":"","meta":[],"product_brand":[],"product_cat":[386],"product_tag":[],"class_list":{"0":"post-30292","1":"product","2":"type-product","3":"status-publish","4":"has-post-thumbnail","6":"product_cat-zoldseg-vetomagok-bolgar-florian-vetomagok","8":"first","9":"instock","10":"taxable","11":"shipping-taxable","12":"purchasable","13":"product-type-simple"},"_links":{"self":[{"href":"https:\/\/chilimag.hu\/webshop\/wp-json\/wp\/v2\/product\/30292","targetHints":{"allow":["GET"]}}],"collection":[{"href":"https:\/\/chilimag.hu\/webshop\/wp-json\/wp\/v2\/product"}],"about":[{"href":"https:\/\/chilimag.hu\/webshop\/wp-json\/wp\/v2\/types\/product"}],"replies":[{"embeddable":true,"href":"https:\/\/chilimag.hu\/webshop\/wp-json\/wp\/v2\/comments?post=30292"}],"wp:featuredmedia":[{"embeddable":true,"href":"https:\/\/chilimag.hu\/webshop\/wp-json\/wp\/v2\/media\/30293"}],"wp:attachment":[{"href":"https:\/\/chilimag.hu\/webshop\/wp-json\/wp\/v2\/media?parent=30292"}],"wp:term":[{"taxonomy":"product_brand","embeddable":true,"href":"https:\/\/chilimag.hu\/webshop\/wp-json\/wp\/v2\/product_brand?post=30292"},{"taxonomy":"product_cat","embeddable":true,"href":"https:\/\/chilimag.hu\/webshop\/wp-json\/wp\/v2\/product_cat?post=30292"},{"taxonomy":"product_tag","embeddable":true,"href":"https:\/\/chilimag.hu\/webshop\/wp-json\/wp\/v2\/product_tag?post=30292"}],"curies":[{"name":"wp","href":"https:\/\/api.w.org\/{rel}","templated":true}]}}