{"id":30291,"date":"2024-02-23T09:04:02","date_gmt":"2024-02-23T09:04:02","guid":{"rendered":"https:\/\/chilimag.hu\/webshop\/?post_type=product&#038;p=30291"},"modified":"2026-03-12T19:10:12","modified_gmt":"2026-03-12T19:10:12","slug":"cukkini-sakata","status":"publish","type":"product","link":"https:\/\/chilimag.hu\/webshop\/termek\/cukkini-sakata\/","title":{"rendered":"Cukkini Kiwi F1 Sakata"},"content":{"rendered":"","protected":false},"excerpt":{"rendered":"<p><img decoding=\"async\" class=\"general_border\" src=\"https:\/\/seminteplante.ro\/img\/m\/37-brand_default.jpg\" alt=\"Sakata\" width=\"154\" height=\"70\" \/><\/p>\n<p>A Cukkini F1 egys\u00e9ges kereskedelmi megjelen\u00e9s\u0171, feh\u00e9r &#8211; enyh\u00e9n z\u00f6ldes sz\u00edn\u0171, enyh\u00e9n k\u00fapos henger alak\u00fa gy\u00fcm\u00f6lcs\u00f6kkel rendelkezik.<\/p>\n<p>A cukkini el\u0151nye, hogy nagyon j\u00f3l ellen\u00e1ll a tart\u00f3s\u00edt\u00e1snak, t\u00e1rol\u00e1snak \u00e9s kezel\u00e9snek.<\/p>\n<p>A cukkini n\u00f6v\u00e9ny nagyon hossz\u00fa ideig term\u0151re k\u00e9pes, k\u00f6zepes toleranci\u00e1val \u00e9s v\u00edrusellen\u00e1ll\u00e1ssal rendelkezik.<\/p>\n<p>Gy\u00e1rt\u00f3 Sakata<br \/>\nKlasszikus cukkini t\u00edpus\u00fa (kr\u00e9mes)<br \/>\nKorai<br \/>\nHossza (cm) 18 &#8211; 22cm<\/p>\n<p>A csomag 1 gr magot tartalmaz<\/p>\n","protected":false},"featured_media":30300,"comment_status":"closed","ping_status":"closed","template":"","meta":[],"product_brand":[],"product_cat":[392],"product_tag":[],"class_list":{"0":"post-30291","1":"product","2":"type-product","3":"status-publish","4":"has-post-thumbnail","6":"product_cat-japan-sakata-vetomagok","8":"first","9":"instock","10":"taxable","11":"shipping-taxable","12":"purchasable","13":"product-type-simple"},"_links":{"self":[{"href":"https:\/\/chilimag.hu\/webshop\/wp-json\/wp\/v2\/product\/30291","targetHints":{"allow":["GET"]}}],"collection":[{"href":"https:\/\/chilimag.hu\/webshop\/wp-json\/wp\/v2\/product"}],"about":[{"href":"https:\/\/chilimag.hu\/webshop\/wp-json\/wp\/v2\/types\/product"}],"replies":[{"embeddable":true,"href":"https:\/\/chilimag.hu\/webshop\/wp-json\/wp\/v2\/comments?post=30291"}],"wp:featuredmedia":[{"embeddable":true,"href":"https:\/\/chilimag.hu\/webshop\/wp-json\/wp\/v2\/media\/30300"}],"wp:attachment":[{"href":"https:\/\/chilimag.hu\/webshop\/wp-json\/wp\/v2\/media?parent=30291"}],"wp:term":[{"taxonomy":"product_brand","embeddable":true,"href":"https:\/\/chilimag.hu\/webshop\/wp-json\/wp\/v2\/product_brand?post=30291"},{"taxonomy":"product_cat","embeddable":true,"href":"https:\/\/chilimag.hu\/webshop\/wp-json\/wp\/v2\/product_cat?post=30291"},{"taxonomy":"product_tag","embeddable":true,"href":"https:\/\/chilimag.hu\/webshop\/wp-json\/wp\/v2\/product_tag?post=30291"}],"curies":[{"name":"wp","href":"https:\/\/api.w.org\/{rel}","templated":true}]}}