{"id":30260,"date":"2024-02-22T18:43:24","date_gmt":"2024-02-22T18:43:24","guid":{"rendered":"https:\/\/chilimag.hu\/webshop\/?post_type=product&#038;p=30260"},"modified":"2025-08-13T11:37:15","modified_gmt":"2025-08-13T11:37:15","slug":"paradicsom-ponderosa-florian-bg","status":"publish","type":"product","link":"https:\/\/chilimag.hu\/webshop\/termek\/paradicsom-ponderosa-florian-bg\/","title":{"rendered":"Paradicsom Ponderosa Florian Bg"},"content":{"rendered":"","protected":false},"excerpt":{"rendered":"<p><img decoding=\"async\" class=\"img-inline\" src=\"https:\/\/brcci.eu\/cache\/thumbnails\/12ecd0e6e419f1b9b1484ef02ad361979dd8e054\/1a6c5e1406ad462ca86d17b2800862d7f837862c-829875ad0a268b741b7edd818ffce098.png\" alt=\"FLORIAN OOD\" \/><\/p>\n<p>A Ponderosa egy nagyon n\u00e9pszer\u0171 korai \u00e9r\u00e9s\u0171 fajta.<\/p>\n<p>Jellemz\u0151je a hat\u00e1rozatlan n\u00f6veked\u00e9s \u00e9s a term\u00e9sek m\u00e9rete, amelyek meglehet\u0151sen nagyok, 400-450 gramm.<\/p>\n<p>A Ponderosa paradicsom r\u00f3zsasz\u00edn, kerek, enyh\u00e9n lap\u00edtott gy\u00fcm\u00f6lcs\u00f6t hoz.<\/p>\n<p>A gy\u00fcm\u00f6lcs\u00f6ket a k\u00fcls\u0151 vil\u00e1gos cs\u00edkok \u00e9s az a t\u00e9ny k\u00fcl\u00f6nb\u00f6zteti meg, hogy nagyon kev\u00e9s magot tartalmaznak.<\/p>\n<p>A Ponderosa paradicsom is nagyon kellemes \u00edz\u0171.<\/p>\n<p>F\u0151leg friss fogyaszt\u00e1sra alkalmas.<\/p>\n<p>A csomag 0,3 gr magot tartalmaz<\/p>\n","protected":false},"featured_media":30261,"comment_status":"closed","ping_status":"closed","template":"","meta":[],"product_brand":[],"product_cat":[381],"product_tag":[],"class_list":{"0":"post-30260","1":"product","2":"type-product","3":"status-publish","4":"has-post-thumbnail","6":"product_cat-paradicsom-vetomagok-bolgar-florian-vetomagok","8":"first","9":"instock","10":"taxable","11":"shipping-taxable","12":"purchasable","13":"product-type-simple"},"_links":{"self":[{"href":"https:\/\/chilimag.hu\/webshop\/wp-json\/wp\/v2\/product\/30260","targetHints":{"allow":["GET"]}}],"collection":[{"href":"https:\/\/chilimag.hu\/webshop\/wp-json\/wp\/v2\/product"}],"about":[{"href":"https:\/\/chilimag.hu\/webshop\/wp-json\/wp\/v2\/types\/product"}],"replies":[{"embeddable":true,"href":"https:\/\/chilimag.hu\/webshop\/wp-json\/wp\/v2\/comments?post=30260"}],"wp:featuredmedia":[{"embeddable":true,"href":"https:\/\/chilimag.hu\/webshop\/wp-json\/wp\/v2\/media\/30261"}],"wp:attachment":[{"href":"https:\/\/chilimag.hu\/webshop\/wp-json\/wp\/v2\/media?parent=30260"}],"wp:term":[{"taxonomy":"product_brand","embeddable":true,"href":"https:\/\/chilimag.hu\/webshop\/wp-json\/wp\/v2\/product_brand?post=30260"},{"taxonomy":"product_cat","embeddable":true,"href":"https:\/\/chilimag.hu\/webshop\/wp-json\/wp\/v2\/product_cat?post=30260"},{"taxonomy":"product_tag","embeddable":true,"href":"https:\/\/chilimag.hu\/webshop\/wp-json\/wp\/v2\/product_tag?post=30260"}],"curies":[{"name":"wp","href":"https:\/\/api.w.org\/{rel}","templated":true}]}}