{"id":302,"date":"2014-11-09T17:41:37","date_gmt":"2014-11-09T17:41:37","guid":{"rendered":"https:\/\/chilimag.hu\/webshop\/?post_type=product&#038;p=302"},"modified":"2025-08-11T09:32:10","modified_gmt":"2025-08-11T09:32:10","slug":"red-bhutlah-slp","status":"publish","type":"product","link":"https:\/\/chilimag.hu\/webshop\/termek\/red-bhutlah-slp\/","title":{"rendered":"Red Bhutlah SLP"},"content":{"rendered":"","protected":false},"excerpt":{"rendered":"<p><img decoding=\"async\" src=\"https:\/\/chilimag.hu\/webshop\/wp-content\/uploads\/2014\/11\/chilimag-logo-2-150x150.jpg\" \/><\/p>\n<p>&nbsp;<\/p>\n<p>Le\u00edr\u00e1s<\/p>\n<p>Capsicum Chinese.A Bhutlah SLP Red kiv\u00e9telesen t\u00fczes chili, h\u0151s\u00e9gben m\u00e9g a Carolina Reaperrel is vetekszik. Intenz\u00edv f\u0171szeress\u00e9ge a sz\u00e1rmaz\u00e1s\u00e1t\u00f3l sz\u00e1rmazik \u2013 Bhut Jolokia \u00e9s Trinidad Douglah kever\u00e9ke. Teljesen kifejlett \u00e1llapotban ezek a chili n\u00f6v\u00e9nyek el\u00e9rhetik a 160\u2013180 cm-es magass\u00e1got. A chili szezonban (k\u00f6r\u00fclbel\u00fcl 4-6 h\u00f3napig) minden n\u00f6v\u00e9ny 2-2,5 kg friss gy\u00fcm\u00f6lcs\u00f6t hoz. A Bhutlah SLP Red h\u00fcvelyek nagyok, gy\u00fcm\u00f6lcs\u00f6sek \u00e9s \u00fct\u0151k\u00e9pesek!<\/p>\n<p>scoville 1500000<\/p>\n<p>Gondoz\u00e1sa:A cs\u00edr\u00e1z\u00e1si h\u0151m\u00e9rs\u00e9klet 24 \u00e9s 30\u00b0C k\u00f6z\u00f6tt van (12-21 napos cs\u00edr\u00e1z\u00e1si id\u0151szak), ez\u00e9rt \u00fcvegh\u00e1z \u00e9s f\u0171t\u0151sz\u0151nyeg haszn\u00e1lata javasolt. A n\u00f6v\u00e9nyeknek friss, j\u00f3l tr\u00e1gy\u00e1zott, v\u00edz\u00e1tereszt\u0151 talajra van sz\u00fcks\u00e9g\u00fck, nem t\u0171rik a bevizesed\u00e9st. Napos, v\u00e9dett helyre kell \u00fcltetni, ahol legal\u00e1bb 6 \u00f3ra napf\u00e9ny \u2013 lehet\u0151leg t\u00f6bb. Mivel a n\u00f6v\u00e9nyeknek meglehet\u0151sen hossz\u00fa az \u00e9r\u00e9si ideje, \u00e9rdemes cser\u00e9pben nevelni \u0151ket, hogy amikor a nap folyam\u00e1n 12\u00b0C al\u00e1 s\u00fcllyed a h\u0151m\u00e9rs\u00e9klet, be tudjuk vinni a n\u00f6v\u00e9nyeket, hogy minden gy\u00fcm\u00f6lcs be\u00e9rjen. Tedd ki a n\u00f6v\u00e9nyeket kb. 2-3 h\u00e9ttel az utols\u00f3 fagy ut\u00e1n.<\/p>\n<p>&nbsp;<\/p>\n<p>A csomag 10 szem magot tartalmaz<\/p>\n","protected":false},"featured_media":303,"comment_status":"open","ping_status":"closed","template":"","meta":[],"product_brand":[],"product_cat":[8],"product_tag":[],"class_list":{"0":"post-302","1":"product","2":"type-product","3":"status-publish","4":"has-post-thumbnail","6":"product_cat-paprika","8":"first","9":"instock","10":"taxable","11":"shipping-taxable","12":"purchasable","13":"product-type-simple"},"_links":{"self":[{"href":"https:\/\/chilimag.hu\/webshop\/wp-json\/wp\/v2\/product\/302","targetHints":{"allow":["GET"]}}],"collection":[{"href":"https:\/\/chilimag.hu\/webshop\/wp-json\/wp\/v2\/product"}],"about":[{"href":"https:\/\/chilimag.hu\/webshop\/wp-json\/wp\/v2\/types\/product"}],"replies":[{"embeddable":true,"href":"https:\/\/chilimag.hu\/webshop\/wp-json\/wp\/v2\/comments?post=302"}],"wp:featuredmedia":[{"embeddable":true,"href":"https:\/\/chilimag.hu\/webshop\/wp-json\/wp\/v2\/media\/303"}],"wp:attachment":[{"href":"https:\/\/chilimag.hu\/webshop\/wp-json\/wp\/v2\/media?parent=302"}],"wp:term":[{"taxonomy":"product_brand","embeddable":true,"href":"https:\/\/chilimag.hu\/webshop\/wp-json\/wp\/v2\/product_brand?post=302"},{"taxonomy":"product_cat","embeddable":true,"href":"https:\/\/chilimag.hu\/webshop\/wp-json\/wp\/v2\/product_cat?post=302"},{"taxonomy":"product_tag","embeddable":true,"href":"https:\/\/chilimag.hu\/webshop\/wp-json\/wp\/v2\/product_tag?post=302"}],"curies":[{"name":"wp","href":"https:\/\/api.w.org\/{rel}","templated":true}]}}