{"id":30186,"date":"2024-02-18T19:47:20","date_gmt":"2024-02-18T19:47:20","guid":{"rendered":"https:\/\/chilimag.hu\/webshop\/?post_type=product&#038;p=30186"},"modified":"2025-09-01T11:47:54","modified_gmt":"2025-09-01T11:47:54","slug":"voroshere-elara-rk","status":"publish","type":"product","link":"https:\/\/chilimag.hu\/webshop\/termek\/voroshere-elara-rk\/","title":{"rendered":".V\u00f6r\u00f6shere Elara RK 2025-\u00e9v lej\u00e1rat\u00fa"},"content":{"rendered":"","protected":false},"excerpt":{"rendered":"<p>Csapad\u00e9kos ter\u00fcleten \u00e1llataink r\u00e9sz\u00e9re kit\u0171n\u0151 pillang\u00f3s vir\u00e1g\u00fa sz\u00e1las takarm\u00e1nyn\u00f6v\u00e9ny\u00fcnk. Jelent\u0151s nitrog\u00e9nt hagy vissza a talajban, gazdag gy\u00f6k\u00e9rzet\u00e9vel n\u00f6veli a talaj szervesanyag-tartalm\u00e1t, \u00edgy talajjav\u00edt\u00f3 n\u00f6v\u00e9nyk\u00e9nt is jelent\u0151s a szerepe. Vet\u00e9se t\u00f6rt\u00e9nhet tiszt\u00e1n \u00e9s takarm\u00e1nyn\u00f6v\u00e9nnyel (tavaszi gabon\u00e1k, f\u0171magvak).<\/p>\n<p>A csomag 500 gr magot tartalmaz<\/p>\n","protected":false},"featured_media":30187,"comment_status":"closed","ping_status":"closed","template":"","meta":[],"product_brand":[],"product_cat":[343,433],"product_tag":[],"class_list":{"0":"post-30186","1":"product","2":"type-product","3":"status-publish","4":"has-post-thumbnail","6":"product_cat-akciok","7":"product_cat-virag-vetomagok","9":"first","10":"instock","11":"sale","12":"taxable","13":"shipping-taxable","14":"purchasable","15":"product-type-simple"},"_links":{"self":[{"href":"https:\/\/chilimag.hu\/webshop\/wp-json\/wp\/v2\/product\/30186","targetHints":{"allow":["GET"]}}],"collection":[{"href":"https:\/\/chilimag.hu\/webshop\/wp-json\/wp\/v2\/product"}],"about":[{"href":"https:\/\/chilimag.hu\/webshop\/wp-json\/wp\/v2\/types\/product"}],"replies":[{"embeddable":true,"href":"https:\/\/chilimag.hu\/webshop\/wp-json\/wp\/v2\/comments?post=30186"}],"wp:featuredmedia":[{"embeddable":true,"href":"https:\/\/chilimag.hu\/webshop\/wp-json\/wp\/v2\/media\/30187"}],"wp:attachment":[{"href":"https:\/\/chilimag.hu\/webshop\/wp-json\/wp\/v2\/media?parent=30186"}],"wp:term":[{"taxonomy":"product_brand","embeddable":true,"href":"https:\/\/chilimag.hu\/webshop\/wp-json\/wp\/v2\/product_brand?post=30186"},{"taxonomy":"product_cat","embeddable":true,"href":"https:\/\/chilimag.hu\/webshop\/wp-json\/wp\/v2\/product_cat?post=30186"},{"taxonomy":"product_tag","embeddable":true,"href":"https:\/\/chilimag.hu\/webshop\/wp-json\/wp\/v2\/product_tag?post=30186"}],"curies":[{"name":"wp","href":"https:\/\/api.w.org\/{rel}","templated":true}]}}