{"id":30180,"date":"2024-02-18T19:39:35","date_gmt":"2024-02-18T19:39:35","guid":{"rendered":"https:\/\/chilimag.hu\/webshop\/?post_type=product&#038;p=30180"},"modified":"2026-03-21T18:45:01","modified_gmt":"2026-03-21T18:45:01","slug":"mehdoktor-viragkeverek-rk","status":"publish","type":"product","link":"https:\/\/chilimag.hu\/webshop\/termek\/mehdoktor-viragkeverek-rk\/","title":{"rendered":"M\u00e9hdoktor vir\u00e1gkever\u00e9k RK"},"content":{"rendered":"","protected":false},"excerpt":{"rendered":"<p>Az emberis\u00e9g t\u00e1pl\u00e1l\u00e9k\u00e1nak egyharmada a m\u00e9hek seg\u00edts\u00e9g\u00e9vel j\u00f6n l\u00e9tre. A vil\u00e1gm\u00e9ret\u0171v\u00e9 v\u00e1l\u00f3 m\u00e9hpusztul\u00e1s vesz\u00e9lybe sodorja a n\u00f6v\u00e9nyek beporz\u00e1s\u00e1t, ez\u00e1ltal a term\u00e9st is. A m\u00e9hek napjainkban az ember seg\u00edts\u00e9g\u00e9re szorulnak, hiszen mez\u0151gazdas\u00e1gi monokult\u00far\u00e1k terjed\u00e9s\u00e9vel egyre kevesebb vir\u00e1gporhoz jutnak. A 60-120 cm-re n\u0151v\u0151, \u201eM\u00e9hdoktor&#8221; vir\u00e1gkever\u00e9k eg\u00e9sz \u00e9vben t\u00e1pl\u00e1l\u00e9kot ny\u00fajt v\u00e9denceinknek. Vessen ebb\u0151l a vir\u00e1gmagkever\u00e9kb\u0151l kertj\u00e9nek egy napf\u00e9nyes sark\u00e1ba, hogy a m\u00e9hek \u00e9s m\u00e1s hasznos rovarok, lepk\u00e9k, poszm\u00e9hek pollent \u00e9s nekt\u00e1rt tal\u00e1lhassanak. Haszn\u00e1lat\u00e1val a k\u00e1rtev\u0151k term\u00e9szetes ellens\u00e9geinek a megteleped\u00e9s\u00e9t szint\u00e9n seg\u00edti. A telep\u00edt\u00e9st \u00f6nt\u00f6zze rendszeresen a b\u0151s\u00e9ges nekt\u00e1rhozam \u00e9rdek\u00e9ben. \u0150sszel dolgozza al\u00e1 a talajba, ezzel is n\u00f6velve a talaj humuszk\u00e9szlet\u00e9t. Az elvetett vir\u00e1gok magot hozhatnak, amelyek a k\u00f6vetkez\u0151 \u00e9vben magukt\u00f3l is cs\u00edr\u00e1zhatnak.<\/p>\n<p>A csomag 2 dkg tartalmaz<\/p>\n","protected":false},"featured_media":30188,"comment_status":"closed","ping_status":"closed","template":"","meta":[],"product_brand":[],"product_cat":[471,433],"product_tag":[],"class_list":{"0":"post-30180","1":"product","2":"type-product","3":"status-publish","4":"has-post-thumbnail","6":"product_cat-fu-es-mezogazdasagi-vetomagok","7":"product_cat-virag-vetomagok","9":"first","10":"outofstock","11":"taxable","12":"shipping-taxable","13":"purchasable","14":"product-type-simple"},"_links":{"self":[{"href":"https:\/\/chilimag.hu\/webshop\/wp-json\/wp\/v2\/product\/30180","targetHints":{"allow":["GET"]}}],"collection":[{"href":"https:\/\/chilimag.hu\/webshop\/wp-json\/wp\/v2\/product"}],"about":[{"href":"https:\/\/chilimag.hu\/webshop\/wp-json\/wp\/v2\/types\/product"}],"replies":[{"embeddable":true,"href":"https:\/\/chilimag.hu\/webshop\/wp-json\/wp\/v2\/comments?post=30180"}],"wp:featuredmedia":[{"embeddable":true,"href":"https:\/\/chilimag.hu\/webshop\/wp-json\/wp\/v2\/media\/30188"}],"wp:attachment":[{"href":"https:\/\/chilimag.hu\/webshop\/wp-json\/wp\/v2\/media?parent=30180"}],"wp:term":[{"taxonomy":"product_brand","embeddable":true,"href":"https:\/\/chilimag.hu\/webshop\/wp-json\/wp\/v2\/product_brand?post=30180"},{"taxonomy":"product_cat","embeddable":true,"href":"https:\/\/chilimag.hu\/webshop\/wp-json\/wp\/v2\/product_cat?post=30180"},{"taxonomy":"product_tag","embeddable":true,"href":"https:\/\/chilimag.hu\/webshop\/wp-json\/wp\/v2\/product_tag?post=30180"}],"curies":[{"name":"wp","href":"https:\/\/api.w.org\/{rel}","templated":true}]}}