{"id":30177,"date":"2024-02-18T19:36:40","date_gmt":"2024-02-18T19:36:40","guid":{"rendered":"https:\/\/chilimag.hu\/webshop\/?post_type=product&#038;p=30177"},"modified":"2026-04-15T19:43:11","modified_gmt":"2026-04-15T19:43:11","slug":"mezontofu-kertdoktor-rk","status":"publish","type":"product","link":"https:\/\/chilimag.hu\/webshop\/termek\/mezontofu-kertdoktor-rk\/","title":{"rendered":"M\u00e9zont\u00f3f\u0171 Kertdoktor RK"},"content":{"rendered":"","protected":false},"excerpt":{"rendered":"<p>N\u00e1lunk els\u0151sorban kerti d\u00edszvir\u00e1gk\u00e9nt ismerj\u00fck. Vir\u00e1gz\u00e1skor halv\u00e1nyk\u00e9k vir\u00e1gai a n\u00f6v\u00e9ny\u00e1llom\u00e1nyban nagyon dekorat\u00edvak. A l\u00e1gysz\u00e1r\u00fa n\u00f6v\u00e9nyek k\u00f6z\u00f6tt a legjobban m\u00e9zel\u0151. A m\u00e9hlegel\u0151 gyors jav\u00edt\u00e1s\u00e1ra alkalmas. Nagy z\u00f6ldhozama \u00e9s szerte\u00e1gaz\u00f3 finom gy\u00f6k\u00e9rzete k\u00f6vetkezt\u00e9ben kedvelt z\u00f6ldtr\u00e1gya. Ezen k\u00edv\u00fcl termeszt\u00e9sekor a talajban \u00e9l\u0151 fon\u00e1lf\u00e9rgek, nemat\u00f3d\u00e1k er\u0151sen gy\u00e9r\u00fclnek. Hasznos takarm\u00e1nyn\u00f6v\u00e9ny is. Ne vess\u00fck hideg, k\u00f6t\u00f6tt, sek\u00e9ly term\u0151r\u00e9teg\u0171 \u00e9s kev\u00e9s humuszt tartalmaz\u00f3 talajokba! Mag\u00e1gya kertszer\u0171en elmunk\u00e1lt, szerkezetes \u00e9s t\u00f6m\u00f6tt legyen.<\/p>\n<p>A csomag 30 gr magot tartalmaz<\/p>\n","protected":false},"featured_media":30178,"comment_status":"closed","ping_status":"closed","template":"","meta":[],"product_brand":[],"product_cat":[471],"product_tag":[],"class_list":{"0":"post-30177","1":"product","2":"type-product","3":"status-publish","4":"has-post-thumbnail","6":"product_cat-fu-es-mezogazdasagi-vetomagok","8":"first","9":"instock","10":"taxable","11":"shipping-taxable","12":"purchasable","13":"product-type-simple"},"_links":{"self":[{"href":"https:\/\/chilimag.hu\/webshop\/wp-json\/wp\/v2\/product\/30177","targetHints":{"allow":["GET"]}}],"collection":[{"href":"https:\/\/chilimag.hu\/webshop\/wp-json\/wp\/v2\/product"}],"about":[{"href":"https:\/\/chilimag.hu\/webshop\/wp-json\/wp\/v2\/types\/product"}],"replies":[{"embeddable":true,"href":"https:\/\/chilimag.hu\/webshop\/wp-json\/wp\/v2\/comments?post=30177"}],"wp:featuredmedia":[{"embeddable":true,"href":"https:\/\/chilimag.hu\/webshop\/wp-json\/wp\/v2\/media\/30178"}],"wp:attachment":[{"href":"https:\/\/chilimag.hu\/webshop\/wp-json\/wp\/v2\/media?parent=30177"}],"wp:term":[{"taxonomy":"product_brand","embeddable":true,"href":"https:\/\/chilimag.hu\/webshop\/wp-json\/wp\/v2\/product_brand?post=30177"},{"taxonomy":"product_cat","embeddable":true,"href":"https:\/\/chilimag.hu\/webshop\/wp-json\/wp\/v2\/product_cat?post=30177"},{"taxonomy":"product_tag","embeddable":true,"href":"https:\/\/chilimag.hu\/webshop\/wp-json\/wp\/v2\/product_tag?post=30177"}],"curies":[{"name":"wp","href":"https:\/\/api.w.org\/{rel}","templated":true}]}}