{"id":30155,"date":"2024-02-18T19:17:48","date_gmt":"2024-02-18T19:17:48","guid":{"rendered":"https:\/\/chilimag.hu\/webshop\/?post_type=product&#038;p=30155"},"modified":"2025-08-17T16:16:39","modified_gmt":"2025-08-17T16:16:39","slug":"hejas-tok-delikatesz-rk","status":"publish","type":"product","link":"https:\/\/chilimag.hu\/webshop\/termek\/hejas-tok-delikatesz-rk\/","title":{"rendered":"H\u00e9jas t\u00f6k Delik\u00e1tesz RK"},"content":{"rendered":"","protected":false},"excerpt":{"rendered":"<p>H\u00e9jas magj\u00e1\u00e9rt termesztett fajta. Ind\u00e1ja 6-7 m hossz\u00fa. Kabak tem\u00e9se lap\u00edtott g\u00f6mb alak\u00fa, 4-6 kg t\u00f6meg\u0171, magja hossz\u00fak\u00e1s. Szed\u00e9s: amikor a t\u00f6k kocs\u00e1nya 80%-ban lesz\u00e1radt. Betakar\u00edt\u00e1s ut\u00e1n a magot kifejtj\u00fck, j\u00f3l megmossuk, hogy sz\u00e9p csont sz\u00edn\u0171 legyen.<\/p>\n","protected":false},"featured_media":30156,"comment_status":"closed","ping_status":"closed","template":"","meta":[],"product_brand":[],"product_cat":[423],"product_tag":[],"class_list":{"0":"post-30155","1":"product","2":"type-product","3":"status-publish","4":"has-post-thumbnail","6":"product_cat-dinnye-es-tok-vetomagok-redei-kertimag","8":"first","9":"outofstock","10":"taxable","11":"shipping-taxable","12":"purchasable","13":"product-type-simple"},"_links":{"self":[{"href":"https:\/\/chilimag.hu\/webshop\/wp-json\/wp\/v2\/product\/30155","targetHints":{"allow":["GET"]}}],"collection":[{"href":"https:\/\/chilimag.hu\/webshop\/wp-json\/wp\/v2\/product"}],"about":[{"href":"https:\/\/chilimag.hu\/webshop\/wp-json\/wp\/v2\/types\/product"}],"replies":[{"embeddable":true,"href":"https:\/\/chilimag.hu\/webshop\/wp-json\/wp\/v2\/comments?post=30155"}],"wp:featuredmedia":[{"embeddable":true,"href":"https:\/\/chilimag.hu\/webshop\/wp-json\/wp\/v2\/media\/30156"}],"wp:attachment":[{"href":"https:\/\/chilimag.hu\/webshop\/wp-json\/wp\/v2\/media?parent=30155"}],"wp:term":[{"taxonomy":"product_brand","embeddable":true,"href":"https:\/\/chilimag.hu\/webshop\/wp-json\/wp\/v2\/product_brand?post=30155"},{"taxonomy":"product_cat","embeddable":true,"href":"https:\/\/chilimag.hu\/webshop\/wp-json\/wp\/v2\/product_cat?post=30155"},{"taxonomy":"product_tag","embeddable":true,"href":"https:\/\/chilimag.hu\/webshop\/wp-json\/wp\/v2\/product_tag?post=30155"}],"curies":[{"name":"wp","href":"https:\/\/api.w.org\/{rel}","templated":true}]}}