{"id":30106,"date":"2024-02-18T18:04:02","date_gmt":"2024-02-18T18:04:02","guid":{"rendered":"https:\/\/chilimag.hu\/webshop\/?post_type=product&#038;p=30106"},"modified":"2024-02-18T18:04:02","modified_gmt":"2024-02-18T18:04:02","slug":"hagymatarolo-kosar-mw44","status":"publish","type":"product","link":"https:\/\/chilimag.hu\/webshop\/termek\/hagymatarolo-kosar-mw44\/","title":{"rendered":"Hagymat\u00e1rol\u00f3 kos\u00e1r (MW44)"},"content":{"rendered":"","protected":false},"excerpt":{"rendered":"<p>Hagyma t\u00e1rol\u00f3 kos\u00e1r tet\u0151vel, elej\u00e9n adagol\u00f3val. A kos\u00e1r 17 literes.<\/p>\n<p>M\u00e9rete: magass\u00e1g: 35 cm, sz\u00e9less\u00e9g: 25 cm, m\u00e9lys\u00e9g: 33 cm<\/p>\n","protected":false},"featured_media":30107,"comment_status":"closed","ping_status":"closed","template":"","meta":[],"product_brand":[],"product_cat":[342],"product_tag":[],"class_list":{"0":"post-30106","1":"product","2":"type-product","3":"status-publish","4":"has-post-thumbnail","6":"product_cat-egyeb-kerti-termekek","8":"first","9":"instock","10":"taxable","11":"shipping-taxable","12":"purchasable","13":"product-type-simple"},"_links":{"self":[{"href":"https:\/\/chilimag.hu\/webshop\/wp-json\/wp\/v2\/product\/30106","targetHints":{"allow":["GET"]}}],"collection":[{"href":"https:\/\/chilimag.hu\/webshop\/wp-json\/wp\/v2\/product"}],"about":[{"href":"https:\/\/chilimag.hu\/webshop\/wp-json\/wp\/v2\/types\/product"}],"replies":[{"embeddable":true,"href":"https:\/\/chilimag.hu\/webshop\/wp-json\/wp\/v2\/comments?post=30106"}],"wp:featuredmedia":[{"embeddable":true,"href":"https:\/\/chilimag.hu\/webshop\/wp-json\/wp\/v2\/media\/30107"}],"wp:attachment":[{"href":"https:\/\/chilimag.hu\/webshop\/wp-json\/wp\/v2\/media?parent=30106"}],"wp:term":[{"taxonomy":"product_brand","embeddable":true,"href":"https:\/\/chilimag.hu\/webshop\/wp-json\/wp\/v2\/product_brand?post=30106"},{"taxonomy":"product_cat","embeddable":true,"href":"https:\/\/chilimag.hu\/webshop\/wp-json\/wp\/v2\/product_cat?post=30106"},{"taxonomy":"product_tag","embeddable":true,"href":"https:\/\/chilimag.hu\/webshop\/wp-json\/wp\/v2\/product_tag?post=30106"}],"curies":[{"name":"wp","href":"https:\/\/api.w.org\/{rel}","templated":true}]}}