{"id":30092,"date":"2024-02-18T15:01:03","date_gmt":"2024-02-18T15:01:03","guid":{"rendered":"https:\/\/chilimag.hu\/webshop\/?post_type=product&#038;p=30092"},"modified":"2026-03-12T22:39:50","modified_gmt":"2026-03-12T22:39:50","slug":"tarkony-opal-bg","status":"publish","type":"product","link":"https:\/\/chilimag.hu\/webshop\/termek\/tarkony-opal-bg\/","title":{"rendered":"T\u00e1rkony Opal Bg"},"content":{"rendered":"","protected":false},"excerpt":{"rendered":"<p><img decoding=\"async\" src=\"https:\/\/c.cdnmp.net\/592978066\/brands\/1000004_logo.jpg\" alt=\"OPAL ZI - Bulgaria\" \/><\/p>\n<p>T\u00e1rkony \u00c9vel\u0151 n\u00f6v\u00e9ny, leveleit er\u0151s arom\u00e1ja miatt f\u0171szerk\u00e9nt haszn\u00e1lj\u00e1k. Szapor\u00edt\u00e1sa pal\u00e1ntanevel\u00e9ssel t\u00f6rt\u00e9nik, a magvakat m\u00e1rcius-\u00e1prilisban, a n\u00f6v\u00e9nyeket m\u00e1jusban \u00fcltetik el. F\u0171szerk\u00e9nt haszn\u00e1lj\u00e1k sal\u00e1t\u00e1khoz, sz\u00f3szokhoz, h\u00fas\u00e9telekhez stb.<\/p>\n<p>Kiszerel\u00e9s: 0,2 gr<\/p>\n<p>M\u0171szaki adatok<br \/>\nM\u00e9lys\u00e9ge 2 cm<br \/>\nM\u00e1rcius-\u00e1prilist\u00f3l, szeptembert\u0151l kezd\u0151d\u0151en vetik<br \/>\nA magvakb\u00f3l, pal\u00e1nt\u00e1kb\u00f3l t\u00f6rt\u00e9n\u0151 el\u0151\u00e1ll\u00edt\u00e1s fajt\u00e1i<br \/>\n\u00c1ttekint\u00e9s<br \/>\nS\u00falya 0,2 gramm<br \/>\n\u00dcltet\u00e9s m\u00e1rcius-\u00e1prilis<br \/>\nSz\u00fcret j\u00falius-okt\u00f3ber<br \/>\nVeget\u00e1ci\u00f3 100 nap<\/p>\n","protected":false},"featured_media":30101,"comment_status":"closed","ping_status":"closed","template":"","meta":[],"product_brand":[],"product_cat":[452],"product_tag":[],"class_list":{"0":"post-30092","1":"product","2":"type-product","3":"status-publish","4":"has-post-thumbnail","6":"product_cat-fuszer-es-gyogynoveny-vetomagok-bolgar-opal-vetomagok","8":"first","9":"instock","10":"taxable","11":"shipping-taxable","12":"purchasable","13":"product-type-simple"},"_links":{"self":[{"href":"https:\/\/chilimag.hu\/webshop\/wp-json\/wp\/v2\/product\/30092","targetHints":{"allow":["GET"]}}],"collection":[{"href":"https:\/\/chilimag.hu\/webshop\/wp-json\/wp\/v2\/product"}],"about":[{"href":"https:\/\/chilimag.hu\/webshop\/wp-json\/wp\/v2\/types\/product"}],"replies":[{"embeddable":true,"href":"https:\/\/chilimag.hu\/webshop\/wp-json\/wp\/v2\/comments?post=30092"}],"wp:featuredmedia":[{"embeddable":true,"href":"https:\/\/chilimag.hu\/webshop\/wp-json\/wp\/v2\/media\/30101"}],"wp:attachment":[{"href":"https:\/\/chilimag.hu\/webshop\/wp-json\/wp\/v2\/media?parent=30092"}],"wp:term":[{"taxonomy":"product_brand","embeddable":true,"href":"https:\/\/chilimag.hu\/webshop\/wp-json\/wp\/v2\/product_brand?post=30092"},{"taxonomy":"product_cat","embeddable":true,"href":"https:\/\/chilimag.hu\/webshop\/wp-json\/wp\/v2\/product_cat?post=30092"},{"taxonomy":"product_tag","embeddable":true,"href":"https:\/\/chilimag.hu\/webshop\/wp-json\/wp\/v2\/product_tag?post=30092"}],"curies":[{"name":"wp","href":"https:\/\/api.w.org\/{rel}","templated":true}]}}