{"id":30085,"date":"2024-02-18T14:57:04","date_gmt":"2024-02-18T14:57:04","guid":{"rendered":"https:\/\/chilimag.hu\/webshop\/?post_type=product&#038;p=30085"},"modified":"2026-03-12T19:21:39","modified_gmt":"2026-03-12T19:21:39","slug":"gorogszena-opal-bg","status":"publish","type":"product","link":"https:\/\/chilimag.hu\/webshop\/termek\/gorogszena-opal-bg\/","title":{"rendered":"G\u00f6r\u00f6gsz\u00e9na Opal Bg"},"content":{"rendered":"","protected":false},"excerpt":{"rendered":"<p><img decoding=\"async\" src=\"https:\/\/opal-bg.com\/_next\/image?url=%2F_next%2Fstatic%2Fimage%2Fpublic%2Fimages%2Fhome%2Fnobg1.40d357a89f8aca58449177aa96e69e77.png&amp;w=256&amp;q=75\" srcset=\"https:\/\/opal-bg.com\/_next\/image?url=%2F_next%2Fstatic%2Fimage%2Fpublic%2Fimages%2Fhome%2Fnobg1.40d357a89f8aca58449177aa96e69e77.png&amp;w=96&amp;q=75 1x, https:\/\/opal-bg.com\/_next\/image?url=%2F_next%2Fstatic%2Fimage%2Fpublic%2Fimages%2Fhome%2Fnobg1.40d357a89f8aca58449177aa96e69e77.png&amp;w=256&amp;q=75 2x\" data-nimg=\"intrinsic\" \/><\/p>\n<p>Le\u00edr\u00e1s<\/p>\n<p>Egyny\u00e1ri h\u00fcvelyes n\u00f6v\u00e9ny, amely el\u00e9ri az 50 cm magass\u00e1got \u00e9s hossz\u00fa h\u00fcvelyeket k\u00e9pez, amelyek 10-20 b\u00e9zs-barna magot tartalmaznak. Haszn\u00e1lat el\u0151tt a magokat megsz\u00e1r\u00edtjuk \u00e9s a s\u00fct\u0151ben kicsit megs\u00fctj\u00fck.<\/p>\n<p>Kiszerel\u00e9s: 180 mag (3 gr)<\/p>\n<p>Er\u0151s illat\u00faak, \u0151r\u00f6ltek \u00e9s a vegyes s\u00f3 (bors, paprika, s\u00f3 stb. kever\u00e9ke &#8211; tipikus bolg\u00e1r) f\u0151 \u00f6sszetev\u0151je. Leveleit k\u00fcl\u00f6nf\u00e9le \u00e9telek \u00edzes\u00edt\u00e9s\u00e9re, szal\u00e1mi, kolb\u00e1sz stb. Gy\u00f3gyn\u00f6v\u00e9nyk\u00e9nt er\u0151s fert\u0151tlen\u00edt\u0151 hat\u00e1s\u00fa, gy\u00f3gy\u00edtja a h\u00f6rghurutot \u00e9s az em\u00e9szt\u0151rendszeri probl\u00e9m\u00e1kat. Serkenti a szervezet erej\u00e9t, cs\u00f6kkenti a v\u00e9rcukor- \u00e9s koleszterinszintet. A magokat tavasszal (m\u00e1rciusban) k\u00f6zvetlen\u00fcl napos helyre vetj\u00fck, miut\u00e1n a fagyvesz\u00e9ly elm\u00falt. A megs\u00e1rgult h\u00fcvelyeket ny\u00e1r v\u00e9g\u00e9n \u00e9s \u0151sz elej\u00e9n sz\u00fcretelik. A veget\u00e1ci\u00f3s id\u0151szak 140-150 nap.<\/p>\n<p>M\u0171szaki adatok:<\/p>\n<p>A vet\u0151magb\u00f3l t\u00f6rt\u00e9n\u0151 termel\u00e9s t\u00edpusai<br \/>\n\u00c1ltal\u00e1noss\u00e1gok:<\/p>\n<p>Kiszerel\u00e9s 180 mag (3 gr)<br \/>\nM\u00e1rciusi \u00fcltet\u00e9s<br \/>\nA betakar\u00edt\u00e1s j\u00faliusban kezd\u0151dik<br \/>\nVeget\u00e1ci\u00f3ja 140-150 nap<br \/>\nMagok sz\u00e1ma 1 grammonk\u00e9nt (60 mag)<\/p>\n","protected":false},"featured_media":30086,"comment_status":"closed","ping_status":"closed","template":"","meta":[],"product_brand":[],"product_cat":[452],"product_tag":[],"class_list":{"0":"post-30085","1":"product","2":"type-product","3":"status-publish","4":"has-post-thumbnail","6":"product_cat-fuszer-es-gyogynoveny-vetomagok-bolgar-opal-vetomagok","8":"first","9":"instock","10":"taxable","11":"shipping-taxable","12":"purchasable","13":"product-type-simple"},"_links":{"self":[{"href":"https:\/\/chilimag.hu\/webshop\/wp-json\/wp\/v2\/product\/30085","targetHints":{"allow":["GET"]}}],"collection":[{"href":"https:\/\/chilimag.hu\/webshop\/wp-json\/wp\/v2\/product"}],"about":[{"href":"https:\/\/chilimag.hu\/webshop\/wp-json\/wp\/v2\/types\/product"}],"replies":[{"embeddable":true,"href":"https:\/\/chilimag.hu\/webshop\/wp-json\/wp\/v2\/comments?post=30085"}],"wp:featuredmedia":[{"embeddable":true,"href":"https:\/\/chilimag.hu\/webshop\/wp-json\/wp\/v2\/media\/30086"}],"wp:attachment":[{"href":"https:\/\/chilimag.hu\/webshop\/wp-json\/wp\/v2\/media?parent=30085"}],"wp:term":[{"taxonomy":"product_brand","embeddable":true,"href":"https:\/\/chilimag.hu\/webshop\/wp-json\/wp\/v2\/product_brand?post=30085"},{"taxonomy":"product_cat","embeddable":true,"href":"https:\/\/chilimag.hu\/webshop\/wp-json\/wp\/v2\/product_cat?post=30085"},{"taxonomy":"product_tag","embeddable":true,"href":"https:\/\/chilimag.hu\/webshop\/wp-json\/wp\/v2\/product_tag?post=30085"}],"curies":[{"name":"wp","href":"https:\/\/api.w.org\/{rel}","templated":true}]}}