{"id":30083,"date":"2024-02-18T14:55:55","date_gmt":"2024-02-18T14:55:55","guid":{"rendered":"https:\/\/chilimag.hu\/webshop\/?post_type=product&#038;p=30083"},"modified":"2025-08-15T08:01:46","modified_gmt":"2025-08-15T08:01:46","slug":"zsalya-opal-bg","status":"publish","type":"product","link":"https:\/\/chilimag.hu\/webshop\/termek\/zsalya-opal-bg\/","title":{"rendered":"Zs\u00e1lya Opal Bg"},"content":{"rendered":"","protected":false},"excerpt":{"rendered":"<p><img decoding=\"async\" src=\"https:\/\/c.cdnmp.net\/592978066\/brands\/1000004_logo.jpg\" alt=\"OPAL ZI - Bulgaria\" \/><\/p>\n<p>Le\u00edr\u00e1s<\/p>\n<p>Zs\u00e1lya, \u00e9vel\u0151 gy\u00f6ker\u0171, \u00e9ves k\u00fcls\u0151 r\u00e9sszel rendelkez\u0151 gy\u00f3gyn\u00f6v\u00e9ny, amely el\u00e9ri a 1,5 m\u00e9tert. \u0150sszel, szeptember-okt\u00f3berben vagy tavasszal febru\u00e1r-m\u00e1rciusban vetik 2-3 cm m\u00e9lyre. Gy\u00f3gyn\u00f6v\u00e9nyk\u00e9nt, valamint f\u0171szerk\u00e9nt haszn\u00e1lj\u00e1k. A leveleket \u00e9s vir\u00e1gokat a nap h\u0171v\u00f6s \u00f3r\u00e1iban szedik.<\/p>\n<p>A zs\u00e1lya termeszt\u00e9se ut\u00e1n a k\u00f6vetkez\u0151 kezel\u00e9sekben haszn\u00e1lhat\u00f3:<\/p>\n<p>Zs\u00e1lya alap\u00fa kezel\u00e9s:<\/p>\n<p>Zs\u00e1lya (Salvia officinalis). A Salvia egy gy\u00f3gyn\u00f6v\u00e9ny, amely s\u00edks\u00e1gon \u00e9s domboldalon n\u0151.<\/p>\n<p>A gy\u00f3gy\u00edt\u00f3 hat\u00e1s\u00e1r\u00f3l \u0151sid\u0151k \u00f3ta ismert zs\u00e1ly\u00e1t a konyham\u0171v\u00e9szetben is sikerrel alkalmazz\u00e1k, mivel nagyra \u00e9rt\u00e9kelt f\u0171szer.<\/p>\n<p>A zs\u00e1lya aj\u00e1nlott magas v\u00e9rnyom\u00e1s, b\u00e9l- \u00e9s gyomor-, gerincvel\u0151-betegs\u00e9gek, v\u00e9gtagremeg\u00e9s, l\u00e9g\u00fati gyullad\u00e1sok, testi-lelki f\u00e1radts\u00e1g, idegess\u00e9g kezel\u00e9s\u00e9re, de menstru\u00e1ci\u00f3 serkent\u00e9s\u00e9re, f\u00e1jdalmas menstru\u00e1ci\u00f3s ciklusok csillap\u00edt\u00e1s\u00e1ra is. a neuroendokrin rendszer egyens\u00faly\u00e1nak helyre\u00e1ll\u00edt\u00e1sa, cukorbetegs\u00e9g, asthenia, l\u00e1z, stressz, alacsony szexu\u00e1lis t\u00f3nus, rig\u00f3, sz\u00e1jgyullad\u00e1s, b\u0151rfek\u00e9lyek, k\u00f6h\u00f6g\u00e9s, h\u00f6rghurut, fog\u00e1szati \u200b\u200b\u200b\u200bt\u00e1lyogok, izzad\u00e1s (k\u00fcl\u00f6n\u00f6sen \u00e9jszaka), elh\u00edz\u00e1s, cellulit.<\/p>\n<p>A zs\u00e1lyatea hat\u00e9kony gy\u00f3gym\u00f3d apoplexi\u00e1s rohamok, b\u00e9nul\u00e1sok, a betegs\u00e9g \u00e1ltal \u00e9rintett m\u00e1j, puffad\u00e1s ellen, kezeli a k\u00f3lik\u00e1t, az alulsav gastritist, az at\u00f3ni\u00e1s gyomrot, az epe\u00fati diszkin\u00e9zi\u00e1t.<\/p>\n<p>K\u00fcls\u0151 haszn\u00e1latra a zs\u00e1lyatea aj\u00e1nlott torokbetegs\u00e9gek (mandulagyullad\u00e1s), fogt\u00e1lyogok, sz\u00e1j\u00fcregi gyullad\u00e1sok eset\u00e9n.<\/p>\n<p>A tea m\u00e1sik aj\u00e1nl\u00e1sa a frigidit\u00e1s kezel\u00e9s\u00e9re. Naponta n\u00e9gy cs\u00e9sze te\u00e1t igyunk meg, minden f\u0151\u00e9tkez\u00e9s ut\u00e1n egyet, de ebben az esetben is aj\u00e1nlatos ezzel a te\u00e1val mosni \u00e9s zuhanyozni.<\/p>\n<p>Term\u00e9szetes kezel\u00e9sek zs\u00e1ly\u00e1val:<\/p>\n<p>A zs\u00e1ly\u00e1s f\u00fcrd\u0151 kismedencei probl\u00e9m\u00e1kkal k\u00fczd\u0151 n\u0151k sz\u00e1m\u00e1ra aj\u00e1nlott. Ebben az \u00e9rtelemben k\u00e9t mar\u00e9k n\u00f6v\u00e9nyi levelet k\u00e9tszer \u00e9jszak\u00e1ra hideg v\u00edzbe tesz\u00fcnk macer\u00e1l\u00e1s c\u00e9lj\u00e1b\u00f3l. M\u00e1snap a kever\u00e9ket forr\u00e1sig meleg\u00edtj\u00fck, majd a f\u00fcrd\u0151v\u00edzhez adjuk. Javasoljuk, hogy a f\u00fcrd\u0151 ne tartson 20 percn\u00e9l tov\u00e1bb, \u00e9s a v\u00edz ne haladja meg a ves\u00e9ket.<\/p>\n<p>Ha a beteg testi-lelki f\u00e1radts\u00e1gra, idegess\u00e9gre, stresszre, h\u00f6rghurutra, l\u00e1zra, narancsb\u0151rre, rendszertelen menstru\u00e1ci\u00f3ra, izzad\u00e1sra panaszkodik, a sz\u00e1raz zs\u00e1lyalev\u00e9lb\u0151l k\u00e9sz\u00fclt port kapszula form\u00e1j\u00e1ban javasolt bevenni.<br \/>\nA napi n\u00e9gy-\u00f6tsz\u00f6ri gargariz\u00e1l\u00e1s zs\u00e1lyate\u00e1val egy gy\u00f3gy\u00edr a rossz lehelet megsz\u00fcntet\u00e9s\u00e9re.<\/p>\n<p>A sterilit\u00e1si \u00e9s impotenciaprobl\u00e9m\u00e1kkal k\u00fczd\u0151 f\u00e9rfiak kezel\u00e9sk\u00e9nt haszn\u00e1lhatj\u00e1k a zs\u00e1lyalev\u00e9l te\u00e1t, amelyet energikus massz\u00e1zzsal haszn\u00e1lnak a csom\u00f3ra. Ezenk\u00edv\u00fcl a sterilit\u00e1s kezel\u00e9s\u00e9re igyon meg naponta k\u00e9t cs\u00e9sze te\u00e1t, amelyet z\u00fazott zs\u00e1lyavir\u00e1gokb\u00f3l k\u00e9sz\u00edtenek.<\/p>\n<p>A zs\u00e1lyaecetet d\u00f6rzs\u00f6l\u00e9s form\u00e1j\u00e1ban hossz\u00fa ideig aj\u00e1nljuk beteg embereknek.<\/p>\n","protected":false},"featured_media":30084,"comment_status":"closed","ping_status":"closed","template":"","meta":[],"product_brand":[],"product_cat":[452],"product_tag":[],"class_list":{"0":"post-30083","1":"product","2":"type-product","3":"status-publish","4":"has-post-thumbnail","6":"product_cat-fuszer-es-gyogynoveny-vetomagok-bolgar-opal-vetomagok","8":"first","9":"instock","10":"taxable","11":"shipping-taxable","12":"purchasable","13":"product-type-simple"},"_links":{"self":[{"href":"https:\/\/chilimag.hu\/webshop\/wp-json\/wp\/v2\/product\/30083","targetHints":{"allow":["GET"]}}],"collection":[{"href":"https:\/\/chilimag.hu\/webshop\/wp-json\/wp\/v2\/product"}],"about":[{"href":"https:\/\/chilimag.hu\/webshop\/wp-json\/wp\/v2\/types\/product"}],"replies":[{"embeddable":true,"href":"https:\/\/chilimag.hu\/webshop\/wp-json\/wp\/v2\/comments?post=30083"}],"wp:featuredmedia":[{"embeddable":true,"href":"https:\/\/chilimag.hu\/webshop\/wp-json\/wp\/v2\/media\/30084"}],"wp:attachment":[{"href":"https:\/\/chilimag.hu\/webshop\/wp-json\/wp\/v2\/media?parent=30083"}],"wp:term":[{"taxonomy":"product_brand","embeddable":true,"href":"https:\/\/chilimag.hu\/webshop\/wp-json\/wp\/v2\/product_brand?post=30083"},{"taxonomy":"product_cat","embeddable":true,"href":"https:\/\/chilimag.hu\/webshop\/wp-json\/wp\/v2\/product_cat?post=30083"},{"taxonomy":"product_tag","embeddable":true,"href":"https:\/\/chilimag.hu\/webshop\/wp-json\/wp\/v2\/product_tag?post=30083"}],"curies":[{"name":"wp","href":"https:\/\/api.w.org\/{rel}","templated":true}]}}