{"id":30081,"date":"2024-02-18T14:55:01","date_gmt":"2024-02-18T14:55:01","guid":{"rendered":"https:\/\/chilimag.hu\/webshop\/?post_type=product&#038;p=30081"},"modified":"2026-02-09T00:38:42","modified_gmt":"2026-02-09T00:38:42","slug":"rozmaring-opal-bg","status":"publish","type":"product","link":"https:\/\/chilimag.hu\/webshop\/termek\/rozmaring-opal-bg\/","title":{"rendered":"Rozmaring Opal Bg"},"content":{"rendered":"","protected":false},"excerpt":{"rendered":"<p><img decoding=\"async\" src=\"https:\/\/c.cdnmp.net\/592978066\/brands\/1000004_logo.jpg\" alt=\"OPAL ZI - Bulgaria\" \/><\/p>\n<p>Ez egy \u00f6r\u00f6kz\u00f6ld \u00e9vel\u0151 n\u00f6v\u00e9ny, saj\u00e1tos arom\u00e1val. Febru\u00e1r-m\u00e1jusban elvetett magvakkal szapor\u00edtj\u00e1k. A kikelt n\u00f6v\u00e9nyeket j\u00faliusban vetj\u00fck el. Gy\u00f3gyn\u00f6v\u00e9nyk\u00e9nt, de f\u0171szerk\u00e9nt is haszn\u00e1lj\u00e1k.<\/p>\n<p>Kiszerel\u00e9s: 0,01 gr<\/p>\n<p>Rosmarinus officinalis<\/p>\n<p>Cserje megjelen\u00e9s\u0171, kitart\u00f3 level\u0171 \u00e9vel\u0151 n\u00f6v\u00e9ny. Alacsony h\u0151m\u00e9rs\u00e9kleti \u00e9s p\u00e1ratartalomig\u00e9ny\u0171. A gy\u00f3gyszeriparban, h\u00fas- \u00e9s hal\u00e9telek \u00edzes\u00edt\u00e9s\u00e9re, d\u00edszn\u00f6v\u00e9nyk\u00e9nt haszn\u00e1lj\u00e1k. Febru\u00e1r-m\u00e1jusban elvetett magvakkal szapor\u00edtj\u00e1k. A kikelt n\u00f6v\u00e9nyeket j\u00faliusban vetj\u00fck el.<\/p>\n<p>M\u0171szaki adatok:<\/p>\n<p>M\u00e9lys\u00e9ge 1 cm<br \/>\nVet\u00e9s febru\u00e1rt\u00f3l kezd\u0151d\u0151en<br \/>\nA magvakb\u00f3l, pal\u00e1nt\u00e1kb\u00f3l t\u00f6rt\u00e9n\u0151 el\u0151\u00e1ll\u00edt\u00e1s fajt\u00e1i<br \/>\n\u00c1ltal\u00e1noss\u00e1gok:<\/p>\n<p>\u00dcltet\u00e9s febru\u00e1r-j\u00falius<br \/>\nSz\u00fcret augusztus-okt\u00f3ber<br \/>\nVeget\u00e1ci\u00f3 120 nap<\/p>\n","protected":false},"featured_media":30082,"comment_status":"closed","ping_status":"closed","template":"","meta":[],"product_brand":[],"product_cat":[452],"product_tag":[],"class_list":{"0":"post-30081","1":"product","2":"type-product","3":"status-publish","4":"has-post-thumbnail","6":"product_cat-fuszer-es-gyogynoveny-vetomagok-bolgar-opal-vetomagok","8":"first","9":"instock","10":"taxable","11":"shipping-taxable","12":"purchasable","13":"product-type-simple"},"_links":{"self":[{"href":"https:\/\/chilimag.hu\/webshop\/wp-json\/wp\/v2\/product\/30081","targetHints":{"allow":["GET"]}}],"collection":[{"href":"https:\/\/chilimag.hu\/webshop\/wp-json\/wp\/v2\/product"}],"about":[{"href":"https:\/\/chilimag.hu\/webshop\/wp-json\/wp\/v2\/types\/product"}],"replies":[{"embeddable":true,"href":"https:\/\/chilimag.hu\/webshop\/wp-json\/wp\/v2\/comments?post=30081"}],"wp:featuredmedia":[{"embeddable":true,"href":"https:\/\/chilimag.hu\/webshop\/wp-json\/wp\/v2\/media\/30082"}],"wp:attachment":[{"href":"https:\/\/chilimag.hu\/webshop\/wp-json\/wp\/v2\/media?parent=30081"}],"wp:term":[{"taxonomy":"product_brand","embeddable":true,"href":"https:\/\/chilimag.hu\/webshop\/wp-json\/wp\/v2\/product_brand?post=30081"},{"taxonomy":"product_cat","embeddable":true,"href":"https:\/\/chilimag.hu\/webshop\/wp-json\/wp\/v2\/product_cat?post=30081"},{"taxonomy":"product_tag","embeddable":true,"href":"https:\/\/chilimag.hu\/webshop\/wp-json\/wp\/v2\/product_tag?post=30081"}],"curies":[{"name":"wp","href":"https:\/\/api.w.org\/{rel}","templated":true}]}}