{"id":30078,"date":"2024-02-18T14:53:20","date_gmt":"2024-02-18T14:53:20","guid":{"rendered":"https:\/\/chilimag.hu\/webshop\/?post_type=product&#038;p=30078"},"modified":"2026-03-02T23:23:57","modified_gmt":"2026-03-02T23:23:57","slug":"oregano-opal-bg","status":"publish","type":"product","link":"https:\/\/chilimag.hu\/webshop\/termek\/oregano-opal-bg\/","title":{"rendered":"Oregano Opal Bg"},"content":{"rendered":"","protected":false},"excerpt":{"rendered":"<p><img decoding=\"async\" src=\"https:\/\/c.cdnmp.net\/592978066\/brands\/1000004_logo.jpg\" alt=\"OPAL ZI - Bulgaria\" \/><\/p>\n<p>Az oreg\u00e1n\u00f3 \u00e9vel\u0151 n\u00f6v\u00e9ny. A napos helyeket kedveli, gazdag \u00e9s k\u00f6nnyen v\u00edzelvezet\u0151 talajjal. M\u00e1rciusban elvetett magvakkal szapor\u00edtj\u00e1k, a pal\u00e1nt\u00e1kat m\u00e1jus-j\u00faniusban \u00fcltetik ki egym\u00e1st\u00f3l 30 cm-re, a sorok k\u00f6z\u00f6tt 50 cm-re.<\/p>\n<p>Vet\u00e9si id\u0151szak: m\u00e1rcius-\u00e1prilis.<\/p>\n<p>Sz\u00fcret: j\u00falius-okt\u00f3ber.<\/p>\n<p>Kiszerel\u00e9s: 0,5 gramm<\/p>\n<p>M\u0171szaki adatok:<\/p>\n<p>M\u00e9lys\u00e9ge 2-2,5 cm<br \/>\nM\u00e1rcius-\u00e1prilisban vetik<br \/>\nA magvakb\u00f3l, pal\u00e1nt\u00e1kb\u00f3l t\u00f6rt\u00e9n\u0151 el\u0151\u00e1ll\u00edt\u00e1s fajt\u00e1i<br \/>\n\u00c1ltal\u00e1noss\u00e1gok:<\/p>\n<p>S\u00falya 0,4 gramm<br \/>\n\u00dcltet\u00e9s m\u00e1jus-j\u00fanius<br \/>\nSz\u00fcret j\u00falius-okt\u00f3ber<br \/>\nVeget\u00e1ci\u00f3 120 nap<\/p>\n","protected":false},"featured_media":30080,"comment_status":"closed","ping_status":"closed","template":"","meta":[],"product_brand":[],"product_cat":[452],"product_tag":[],"class_list":{"0":"post-30078","1":"product","2":"type-product","3":"status-publish","4":"has-post-thumbnail","6":"product_cat-fuszer-es-gyogynoveny-vetomagok-bolgar-opal-vetomagok","8":"first","9":"outofstock","10":"taxable","11":"shipping-taxable","12":"purchasable","13":"product-type-simple"},"_links":{"self":[{"href":"https:\/\/chilimag.hu\/webshop\/wp-json\/wp\/v2\/product\/30078","targetHints":{"allow":["GET"]}}],"collection":[{"href":"https:\/\/chilimag.hu\/webshop\/wp-json\/wp\/v2\/product"}],"about":[{"href":"https:\/\/chilimag.hu\/webshop\/wp-json\/wp\/v2\/types\/product"}],"replies":[{"embeddable":true,"href":"https:\/\/chilimag.hu\/webshop\/wp-json\/wp\/v2\/comments?post=30078"}],"wp:featuredmedia":[{"embeddable":true,"href":"https:\/\/chilimag.hu\/webshop\/wp-json\/wp\/v2\/media\/30080"}],"wp:attachment":[{"href":"https:\/\/chilimag.hu\/webshop\/wp-json\/wp\/v2\/media?parent=30078"}],"wp:term":[{"taxonomy":"product_brand","embeddable":true,"href":"https:\/\/chilimag.hu\/webshop\/wp-json\/wp\/v2\/product_brand?post=30078"},{"taxonomy":"product_cat","embeddable":true,"href":"https:\/\/chilimag.hu\/webshop\/wp-json\/wp\/v2\/product_cat?post=30078"},{"taxonomy":"product_tag","embeddable":true,"href":"https:\/\/chilimag.hu\/webshop\/wp-json\/wp\/v2\/product_tag?post=30078"}],"curies":[{"name":"wp","href":"https:\/\/api.w.org\/{rel}","templated":true}]}}