{"id":30077,"date":"2024-02-18T14:51:27","date_gmt":"2024-02-18T14:51:27","guid":{"rendered":"https:\/\/chilimag.hu\/webshop\/?post_type=product&#038;p=30077"},"modified":"2026-02-28T15:22:34","modified_gmt":"2026-02-28T15:22:34","slug":"menta-opal-bg","status":"publish","type":"product","link":"https:\/\/chilimag.hu\/webshop\/termek\/menta-opal-bg\/","title":{"rendered":"Menta-Csombormenta Opal Bg"},"content":{"rendered":"","protected":false},"excerpt":{"rendered":"<p><img decoding=\"async\" src=\"https:\/\/opal-bg.com\/_next\/image?url=%2F_next%2Fstatic%2Fimage%2Fpublic%2Fimages%2Fhome%2Fnobg1.40d357a89f8aca58449177aa96e69e77.png&amp;w=256&amp;q=75\" srcset=\"https:\/\/opal-bg.com\/_next\/image?url=%2F_next%2Fstatic%2Fimage%2Fpublic%2Fimages%2Fhome%2Fnobg1.40d357a89f8aca58449177aa96e69e77.png&amp;w=96&amp;q=75 1x, https:\/\/opal-bg.com\/_next\/image?url=%2F_next%2Fstatic%2Fimage%2Fpublic%2Fimages%2Fhome%2Fnobg1.40d357a89f8aca58449177aa96e69e77.png&amp;w=256&amp;q=75 2x\" data-nimg=\"intrinsic\" \/><\/p>\n<p>A menta \u00e9vel\u0151 l\u00e1gysz\u00e1r\u00fa n\u00f6v\u00e9ny. A k\u00f6nny\u0171, v\u00edz\u00e1tereszt\u0151, j\u00f3 v\u00edzelvezet\u00e9s\u0171 \u00e9s term\u00e9keny talajokat kedveli. Frissen \u00e9s sz\u00e1razon egyar\u00e1nt haszn\u00e1lj\u00e1k. Az arom\u00e1s n\u00f6v\u00e9nyt sal\u00e1t\u00e1khoz, h\u00fas\u00e9telekhez, te\u00e1khoz, italok \u00edzes\u00edt\u00e9s\u00e9hez haszn\u00e1lj\u00e1k.<\/p>\n<p>Magok sz\u00e1ma zs\u00e1konk\u00e9nt: 0,15 gr<\/p>\n<p>Kult\u00fara technol\u00f3gia<\/p>\n<p>\u00c9vel\u0151, arom\u00e1s n\u00f6v\u00e9ny, mely cser\u00e9pben \u00e9s kertben is termeszthet\u0151. Eg\u00e9szs\u00e9gre is j\u00f3t\u00e9kony n\u00f6v\u00e9ny, k\u00fcl\u00f6nf\u00e9le f\u0171szeres sz\u00f3szok kieg\u00e9sz\u00edt\u0151jek\u00e9nt vagy gy\u00fcm\u00f6lcssal\u00e1t\u00e1khoz is kiv\u00e1l\u00f3an alkalmas. B\u00e1r\u00e1nyhoz, halhoz \u00e9s \u00fajburgony\u00e1hoz illik.<\/p>\n<p>Belt\u00e9ri vet\u00e9s, biztons\u00e1g kedv\u00e9\u00e9rt, m\u00e1rciust\u00f3l \u00e1prilisig. El\u0151zetesen el\u0151k\u00e9sz\u00edtett \u00e9s \u00f6nt\u00f6z\u00f6tt aljzattal ell\u00e1tott tart\u00e1lyokba vetik 0,5 cm m\u00e9lys\u00e9gben. Helyezze a tart\u00e1lyokat vil\u00e1gos \u00e9s meleg helyre (ide\u00e1lis esetben 15-20 oC). Az aljzatot nedvesen kell tartani. A pal\u00e1nt\u00e1k \u00e1ltal\u00e1ban 14-28 napon bel\u00fcl jelennek meg. Az \u00e1t\u00fcltet\u00e9s el\u0151tt (a fagyvesz\u00e9ly elm\u00falt\u00e1val) szoktassuk a fiatal n\u00f6v\u00e9nyeket a k\u00fcls\u0151 h\u0151m\u00e9rs\u00e9klethez. A n\u00f6v\u00e9nyek k\u00f6z\u00f6tt 30 cm t\u00e1vols\u00e1gra \u00fcltetik \u00e1t.<\/p>\n<p>Vagy k\u00fclf\u00f6ldre, v\u00e9gs\u0151 helyre, m\u00e1just\u00f3l j\u00faliusig, 0,5 cm m\u00e9lyre, az el\u0151z\u0151leg el\u0151k\u00e9sz\u00edtett \u00e9s \u00f6nt\u00f6z\u00f6tt aljzatba, 30 cm t\u00e1vols\u00e1gra vetve. Nedves j\u00f3l, hogy gyorsan megk\u00f6ss\u00f6n.<\/p>\n","protected":false},"featured_media":30100,"comment_status":"closed","ping_status":"closed","template":"","meta":[],"product_brand":[],"product_cat":[452],"product_tag":[],"class_list":{"0":"post-30077","1":"product","2":"type-product","3":"status-publish","4":"has-post-thumbnail","6":"product_cat-fuszer-es-gyogynoveny-vetomagok-bolgar-opal-vetomagok","8":"first","9":"instock","10":"taxable","11":"shipping-taxable","12":"purchasable","13":"product-type-simple"},"_links":{"self":[{"href":"https:\/\/chilimag.hu\/webshop\/wp-json\/wp\/v2\/product\/30077","targetHints":{"allow":["GET"]}}],"collection":[{"href":"https:\/\/chilimag.hu\/webshop\/wp-json\/wp\/v2\/product"}],"about":[{"href":"https:\/\/chilimag.hu\/webshop\/wp-json\/wp\/v2\/types\/product"}],"replies":[{"embeddable":true,"href":"https:\/\/chilimag.hu\/webshop\/wp-json\/wp\/v2\/comments?post=30077"}],"wp:featuredmedia":[{"embeddable":true,"href":"https:\/\/chilimag.hu\/webshop\/wp-json\/wp\/v2\/media\/30100"}],"wp:attachment":[{"href":"https:\/\/chilimag.hu\/webshop\/wp-json\/wp\/v2\/media?parent=30077"}],"wp:term":[{"taxonomy":"product_brand","embeddable":true,"href":"https:\/\/chilimag.hu\/webshop\/wp-json\/wp\/v2\/product_brand?post=30077"},{"taxonomy":"product_cat","embeddable":true,"href":"https:\/\/chilimag.hu\/webshop\/wp-json\/wp\/v2\/product_cat?post=30077"},{"taxonomy":"product_tag","embeddable":true,"href":"https:\/\/chilimag.hu\/webshop\/wp-json\/wp\/v2\/product_tag?post=30077"}],"curies":[{"name":"wp","href":"https:\/\/api.w.org\/{rel}","templated":true}]}}