{"id":30076,"date":"2024-02-18T14:49:51","date_gmt":"2024-02-18T14:49:51","guid":{"rendered":"https:\/\/chilimag.hu\/webshop\/?post_type=product&#038;p=30076"},"modified":"2026-02-03T18:47:09","modified_gmt":"2026-02-03T18:47:09","slug":"kakukkfu-opal-bg","status":"publish","type":"product","link":"https:\/\/chilimag.hu\/webshop\/termek\/kakukkfu-opal-bg\/","title":{"rendered":"Kakukkf\u0171 Opal Bg"},"content":{"rendered":"","protected":false},"excerpt":{"rendered":"<p><img decoding=\"async\" src=\"https:\/\/opal-bg.com\/_next\/image?url=%2F_next%2Fstatic%2Fimage%2Fpublic%2Fimages%2Fhome%2Fnobg1.40d357a89f8aca58449177aa96e69e77.png&amp;w=256&amp;q=75\" srcset=\"https:\/\/opal-bg.com\/_next\/image?url=%2F_next%2Fstatic%2Fimage%2Fpublic%2Fimages%2Fhome%2Fnobg1.40d357a89f8aca58449177aa96e69e77.png&amp;w=96&amp;q=75 1x, https:\/\/opal-bg.com\/_next\/image?url=%2F_next%2Fstatic%2Fimage%2Fpublic%2Fimages%2Fhome%2Fnobg1.40d357a89f8aca58449177aa96e69e77.png&amp;w=256&amp;q=75 2x\" data-nimg=\"intrinsic\" \/><\/p>\n<p>Egy\u00e9ves cserje, v\u00e9kony \u00e9s egyenes sz\u00e1r\u00fa, 20-40 cm-es, ritka, bronz sz\u00edn\u0171 levelekkel, kis vil\u00e1gos r\u00f3zsasz\u00edn vir\u00e1gokkal \u00e9s kellemes f\u0151tt \u00e9telek \u00e9s levesek elk\u00e9sz\u00edt\u00e9s\u00e9ben p\u00f3tolhatatlan kieg\u00e9sz\u00edt\u0151j\u00e9v\u00e9. F\u0151leg sz\u00e1raz \u00e1llapotban 65-75 napos. Vet\u00e9s: m\u00e1rcius-\u00e1prilis. \u00c1t\u00fcltet\u00e9s: m\u00e1jusban.<\/p>\n<p>Kiszerel\u00e9s: 1800 mag (2 gramm)<\/p>\n<p>A kakukkf\u0171 (Satureja hortensis) a Satureja nemzets\u00e9g, a szem\u00e9remajkak (Lamiaceae) csal\u00e1dj\u00e1ba tartoz\u00f3 \u00e9vel\u0151 n\u00f6v\u00e9ny. Ez egy alacsony n\u00f6v\u00e9ny, amely nem \u00e9ri el a 20-30 centim\u00e9tert. A kakukkf\u0171 a hossz\u00fa, forr\u00f3, sz\u00e1raz nyarat kedveli, \u00e9s t\u00fal\u00e9li a hideg telet is. A kakukkf\u0171 vir\u00e1gai kicsik \u00e9s feh\u00e9rek vagy halv\u00e1ny r\u00f3zsasz\u00edn\u0171ek. A levelek l\u00e1ndzs\u00e1s-ov\u00e1lis alak\u00faak, sim\u00e1k \u00e9s saj\u00e1tos illat\u00faak. A kakukkf\u0171 megjelen\u00e9s\u00e9ben kiss\u00e9 hasonl\u00edt a rozmaringhoz.<\/p>\n","protected":false},"featured_media":30099,"comment_status":"closed","ping_status":"closed","template":"","meta":[],"product_brand":[],"product_cat":[452],"product_tag":[],"class_list":{"0":"post-30076","1":"product","2":"type-product","3":"status-publish","4":"has-post-thumbnail","6":"product_cat-fuszer-es-gyogynoveny-vetomagok-bolgar-opal-vetomagok","8":"first","9":"outofstock","10":"taxable","11":"shipping-taxable","12":"purchasable","13":"product-type-simple"},"_links":{"self":[{"href":"https:\/\/chilimag.hu\/webshop\/wp-json\/wp\/v2\/product\/30076","targetHints":{"allow":["GET"]}}],"collection":[{"href":"https:\/\/chilimag.hu\/webshop\/wp-json\/wp\/v2\/product"}],"about":[{"href":"https:\/\/chilimag.hu\/webshop\/wp-json\/wp\/v2\/types\/product"}],"replies":[{"embeddable":true,"href":"https:\/\/chilimag.hu\/webshop\/wp-json\/wp\/v2\/comments?post=30076"}],"wp:featuredmedia":[{"embeddable":true,"href":"https:\/\/chilimag.hu\/webshop\/wp-json\/wp\/v2\/media\/30099"}],"wp:attachment":[{"href":"https:\/\/chilimag.hu\/webshop\/wp-json\/wp\/v2\/media?parent=30076"}],"wp:term":[{"taxonomy":"product_brand","embeddable":true,"href":"https:\/\/chilimag.hu\/webshop\/wp-json\/wp\/v2\/product_brand?post=30076"},{"taxonomy":"product_cat","embeddable":true,"href":"https:\/\/chilimag.hu\/webshop\/wp-json\/wp\/v2\/product_cat?post=30076"},{"taxonomy":"product_tag","embeddable":true,"href":"https:\/\/chilimag.hu\/webshop\/wp-json\/wp\/v2\/product_tag?post=30076"}],"curies":[{"name":"wp","href":"https:\/\/api.w.org\/{rel}","templated":true}]}}