{"id":30074,"date":"2024-02-18T14:47:33","date_gmt":"2024-02-18T14:47:33","guid":{"rendered":"https:\/\/chilimag.hu\/webshop\/?post_type=product&#038;p=30074"},"modified":"2026-03-02T23:23:57","modified_gmt":"2026-03-02T23:23:57","slug":"levendula-opal-bg","status":"publish","type":"product","link":"https:\/\/chilimag.hu\/webshop\/termek\/levendula-opal-bg\/","title":{"rendered":"Levendula Opal Bg"},"content":{"rendered":"","protected":false},"excerpt":{"rendered":"<p><img decoding=\"async\" src=\"https:\/\/c.cdnmp.net\/592978066\/brands\/1000004_logo.jpg\" alt=\"OPAL ZI - Bulgaria\" \/><\/p>\n<p>Levendula mag, illatos, kiv\u00e1l\u00f3 min\u0151s\u00e9g\u0171<br \/>\nA levendula a Lavandula nemzets\u00e9gbe, a Lamiaceae csal\u00e1dj\u00e1ba tartoz\u00f3 n\u00f6v\u00e9nyfaj. Arom\u00e1s \u00e9s gy\u00f3gyn\u00f6v\u00e9ny, bokros, 30\u201350 cm magas, el\u00e1gaz\u00f3 sz\u00e1rral, apr\u00f3 keskeny levelekkel \u00e9s illatos k\u00e9k vir\u00e1gokkal. Az \u00e9vel\u0151 levendula az \u00e9vel\u0151 n\u00f6v\u00e9nyek csod\u00e1latos v\u00e1ltozata, amelyek s\u0171r\u0171 bokrokat alkotnak karcs\u00fa sz\u00e1rb\u00f3l \u00e9s lila vir\u00e1gokb\u00f3l. Eg\u00e9sz augusztusban b\u0151ven jelennek meg, a fajta magvai cser\u00e9pbe \u00e9s ny\u00edlt terepen is \u00fcltethet\u0151k.<\/p>\n<p>Kiszerel\u00e9s: 500 mag (0,5 gr)<\/p>\n<p>&nbsp;<\/p>\n<p>\u00dcLTET\u00c9S \u00c9S GONDOZ\u00c1S<br \/>\nAz ide\u00e1lis \u00fcltet\u00e9si hely a napos, nagyon j\u00f3l megvil\u00e1g\u00edtott, mert a nap jelenl\u00e9te kedvez a gyors vir\u00e1gz\u00e1snak \u00e9s az intenz\u00edv sz\u00ednek elsaj\u00e1t\u00edt\u00e1s\u00e1nak. Egy bizonyos fok\u00fa p\u00e1ratartalmat r\u00e9szes\u00edt el\u0151nyben<\/p>\n<p>Vet\u00e9si id\u0151szak: m\u00e1rcius-\u00e1prilis.<\/p>\n<p>M\u0171szaki adatok:<\/p>\n<p>Febru\u00e1rt\u00f3l, m\u00e1rciust\u00f3l \u00e1prilisig vetik<br \/>\nA magvakb\u00f3l, pal\u00e1nt\u00e1kb\u00f3l t\u00f6rt\u00e9n\u0151 el\u0151\u00e1ll\u00edt\u00e1s fajt\u00e1i<br \/>\n\u00c1ltal\u00e1noss\u00e1gok:<\/p>\n<p>Zs\u00e1k s\u00falya (kb. 300 mag)<br \/>\n\u00dcltet\u00e9s febru\u00e1r-\u00e1prilis<br \/>\nSz\u00fcret j\u00falius-szeptember<br \/>\nVeget\u00e1ci\u00f3 150 nap<\/p>\n","protected":false},"featured_media":30075,"comment_status":"closed","ping_status":"closed","template":"","meta":[],"product_brand":[],"product_cat":[452],"product_tag":[],"class_list":{"0":"post-30074","1":"product","2":"type-product","3":"status-publish","4":"has-post-thumbnail","6":"product_cat-fuszer-es-gyogynoveny-vetomagok-bolgar-opal-vetomagok","8":"first","9":"instock","10":"taxable","11":"shipping-taxable","12":"purchasable","13":"product-type-simple"},"_links":{"self":[{"href":"https:\/\/chilimag.hu\/webshop\/wp-json\/wp\/v2\/product\/30074","targetHints":{"allow":["GET"]}}],"collection":[{"href":"https:\/\/chilimag.hu\/webshop\/wp-json\/wp\/v2\/product"}],"about":[{"href":"https:\/\/chilimag.hu\/webshop\/wp-json\/wp\/v2\/types\/product"}],"replies":[{"embeddable":true,"href":"https:\/\/chilimag.hu\/webshop\/wp-json\/wp\/v2\/comments?post=30074"}],"wp:featuredmedia":[{"embeddable":true,"href":"https:\/\/chilimag.hu\/webshop\/wp-json\/wp\/v2\/media\/30075"}],"wp:attachment":[{"href":"https:\/\/chilimag.hu\/webshop\/wp-json\/wp\/v2\/media?parent=30074"}],"wp:term":[{"taxonomy":"product_brand","embeddable":true,"href":"https:\/\/chilimag.hu\/webshop\/wp-json\/wp\/v2\/product_brand?post=30074"},{"taxonomy":"product_cat","embeddable":true,"href":"https:\/\/chilimag.hu\/webshop\/wp-json\/wp\/v2\/product_cat?post=30074"},{"taxonomy":"product_tag","embeddable":true,"href":"https:\/\/chilimag.hu\/webshop\/wp-json\/wp\/v2\/product_tag?post=30074"}],"curies":[{"name":"wp","href":"https:\/\/api.w.org\/{rel}","templated":true}]}}