{"id":30067,"date":"2024-02-18T14:40:29","date_gmt":"2024-02-18T14:40:29","guid":{"rendered":"https:\/\/chilimag.hu\/webshop\/?post_type=product&#038;p=30067"},"modified":"2026-03-12T22:39:50","modified_gmt":"2026-03-12T22:39:50","slug":"lestyan-opal-bg","status":"publish","type":"product","link":"https:\/\/chilimag.hu\/webshop\/termek\/lestyan-opal-bg\/","title":{"rendered":"Lesty\u00e1n Opal Bg"},"content":{"rendered":"","protected":false},"excerpt":{"rendered":"<p><img decoding=\"async\" src=\"https:\/\/c.cdnmp.net\/592978066\/brands\/1000004_logo.jpg\" alt=\"OPAL ZI - Bulgaria\" \/><\/p>\n<p>2 m\u00e9ter magas nedvess\u00e9gkedvel\u0151 \u00e9vel\u0151 n\u00f6v\u00e9ny. A magokat m\u00e1rciusban vetik el 1-1,5 cm m\u00e9lys\u00e9gben. Az elvetett n\u00f6v\u00e9nyeket \u00e1prilis v\u00e9g\u00e9n &#8211; m\u00e1jus elej\u00e9n 50 cm-es sort\u00e1vols\u00e1gra vetj\u00fck. Gy\u00f3gyn\u00f6v\u00e9nyk\u00e9nt \u00e9s f\u0171szerk\u00e9nt is haszn\u00e1lj\u00e1k.<\/p>\n<p>Szeptemberben is vethet\u0151.<\/p>\n<p>Kiszerel\u00e9s: 130 mag (0,5 gr)<\/p>\n<p>M\u0171szaki adatok:<\/p>\n<p>M\u00e9lys\u00e9ge 1-1,5 cm<br \/>\nVet\u00e9s m\u00e1rcius-\u00e1prilis, szeptember<br \/>\nA magvakb\u00f3l, pal\u00e1nt\u00e1kb\u00f3l t\u00f6rt\u00e9n\u0151 el\u0151\u00e1ll\u00edt\u00e1s fajt\u00e1i<br \/>\n\u00c1ltal\u00e1noss\u00e1gok:<\/p>\n<p>0,5 grammot tartalmaz<br \/>\n\u00dcltet\u00e9s \u00e1prilis, szeptember-okt\u00f3ber<br \/>\nA betakar\u00edt\u00e1s j\u00faniusban kezd\u0151dik<br \/>\nVeget\u00e1ci\u00f3 65 nap<\/p>\n","protected":false},"featured_media":30069,"comment_status":"closed","ping_status":"closed","template":"","meta":[],"product_brand":[],"product_cat":[452],"product_tag":[],"class_list":{"0":"post-30067","1":"product","2":"type-product","3":"status-publish","4":"has-post-thumbnail","6":"product_cat-fuszer-es-gyogynoveny-vetomagok-bolgar-opal-vetomagok","8":"first","9":"instock","10":"taxable","11":"shipping-taxable","12":"purchasable","13":"product-type-simple"},"_links":{"self":[{"href":"https:\/\/chilimag.hu\/webshop\/wp-json\/wp\/v2\/product\/30067","targetHints":{"allow":["GET"]}}],"collection":[{"href":"https:\/\/chilimag.hu\/webshop\/wp-json\/wp\/v2\/product"}],"about":[{"href":"https:\/\/chilimag.hu\/webshop\/wp-json\/wp\/v2\/types\/product"}],"replies":[{"embeddable":true,"href":"https:\/\/chilimag.hu\/webshop\/wp-json\/wp\/v2\/comments?post=30067"}],"wp:featuredmedia":[{"embeddable":true,"href":"https:\/\/chilimag.hu\/webshop\/wp-json\/wp\/v2\/media\/30069"}],"wp:attachment":[{"href":"https:\/\/chilimag.hu\/webshop\/wp-json\/wp\/v2\/media?parent=30067"}],"wp:term":[{"taxonomy":"product_brand","embeddable":true,"href":"https:\/\/chilimag.hu\/webshop\/wp-json\/wp\/v2\/product_brand?post=30067"},{"taxonomy":"product_cat","embeddable":true,"href":"https:\/\/chilimag.hu\/webshop\/wp-json\/wp\/v2\/product_cat?post=30067"},{"taxonomy":"product_tag","embeddable":true,"href":"https:\/\/chilimag.hu\/webshop\/wp-json\/wp\/v2\/product_tag?post=30067"}],"curies":[{"name":"wp","href":"https:\/\/api.w.org\/{rel}","templated":true}]}}