{"id":30052,"date":"2024-02-18T14:30:39","date_gmt":"2024-02-18T14:30:39","guid":{"rendered":"https:\/\/chilimag.hu\/webshop\/?post_type=product&#038;p=30052"},"modified":"2026-03-29T16:16:35","modified_gmt":"2026-03-29T16:16:35","slug":"luffa-tok-opla-bg","status":"publish","type":"product","link":"https:\/\/chilimag.hu\/webshop\/termek\/luffa-tok-opla-bg\/","title":{"rendered":"Luffa t\u00f6k Opal Bg"},"content":{"rendered":"","protected":false},"excerpt":{"rendered":"<p><img decoding=\"async\" src=\"https:\/\/opal-bg.com\/_next\/image?url=%2F_next%2Fstatic%2Fimage%2Fpublic%2Fimages%2Fhome%2Fnobg1.40d357a89f8aca58449177aa96e69e77.png&amp;w=256&amp;q=75\" srcset=\"https:\/\/opal-bg.com\/_next\/image?url=%2F_next%2Fstatic%2Fimage%2Fpublic%2Fimages%2Fhome%2Fnobg1.40d357a89f8aca58449177aa96e69e77.png&amp;w=96&amp;q=75 1x, https:\/\/opal-bg.com\/_next\/image?url=%2F_next%2Fstatic%2Fimage%2Fpublic%2Fimages%2Fhome%2Fnobg1.40d357a89f8aca58449177aa96e69e77.png&amp;w=256&amp;q=75 2x\" data-nimg=\"intrinsic\" \/><\/p>\n<p>Le\u00edr\u00e1s<\/p>\n<p>L\u00f3g\u00f3 egyny\u00e1ri n\u00f6v\u00e9ny, nagy levelekkel, s\u00e1rga vir\u00e1gokkal \u00e9s t\u00f6kre eml\u00e9keztet\u0151 gy\u00fcm\u00f6lcs\u00f6kkel. A magvakat a fagyvesz\u00e9ly \u00e9s a hideg elm\u00fal\u00e1sa ut\u00e1n, a t\u00f6k\u00f6kh\u00f6z hasonl\u00f3 f\u00e9szekbe vetik. Kell\u00e9kek kellenek neki. A cs\u00facsot 2-3 m\u00e9terig \u00e9rdemes megh\u00fazni, a n\u00f6veked\u00e9s kezdet\u00e9n pedig a lefel\u00e9 mutat\u00f3 cs\u00facsokat emelni. Rostjainak h\u00e1mlaszt\u00f3 tulajdons\u00e1ga miatt term\u00e9szetes f\u00fcrd\u0151szivacsk\u00e9nt haszn\u00e1lj\u00e1k.<\/p>\n<p>Bor\u00edt\u00e9k kiszerel\u00e9se: 1 gramm<\/p>\n<p>M\u0171szaki adatok:<\/p>\n<p>\u00c1prilist\u00f3l kezd\u0151d\u0151en vetik<br \/>\nA vet\u0151magb\u00f3l t\u00f6rt\u00e9n\u0151 termel\u00e9s t\u00edpusai<br \/>\n\u00c1ltal\u00e1noss\u00e1gok:<\/p>\n<p>10 magot tartalmaz grammonk\u00e9nt<br \/>\nbor\u00edt\u00e9k s\u00falya<br \/>\n\u00c1prilis \u00fcltet\u00e9s<br \/>\nOkt\u00f3beri betakar\u00edt\u00e1s<br \/>\nVeget\u00e1ci\u00f3 180 nap<br \/>\nFontoss\u00e1g, biol\u00f3gia, \u00f6kol\u00f3gia a luffa kult\u00far\u00e1ban<\/p>\n<p>A luff\u00e1b\u00f3l (n\u00f6v\u00e9nyi szivacs) a mag n\u00e9lk\u00fcli gy\u00fcm\u00f6lcs (Luffae fructus) cellul\u00f3zsz\u00e1lakb\u00f3l \u00e1ll\u00f3, t\u00f6m\u00f6r \u00e9s rugalmas, s\u00e1rg\u00e1s sz\u00edn\u0171, szagtalan \u00e9s \u00edz n\u00e9lk\u00fcli rostos mezokarpja (mosott \u00e9s sz\u00e1r\u00edtott) ker\u00fcl felhaszn\u00e1l\u00e1sra. Az eg\u00e9sz n\u00f6v\u00e9ny keser\u0171anyagot (cucurbitacin B) tartalmaz, a friss gy\u00fcm\u00f6lcs\u00f6k ny\u00e1lka gazdagok, a magvak szaponozidokat stb. A gy\u00f3gyszeres felhaszn\u00e1l\u00e1s korl\u00e1tozott, a konkr\u00e9t hat\u00e1st kev\u00e9ss\u00e9 tanulm\u00e1nyozt\u00e1k. Tapasztalatilag a gy\u00f6keret tiszt\u00edt\u00f3szerk\u00e9nt, a friss gy\u00fcm\u00f6lcs\u00f6ket b\u0151rpuh\u00edt\u00f3k\u00e9nt, a sz\u00e1r\u00edtottakat pedig (r\u00e9gebben) abszorbensk\u00e9nt (seb\u00e9szetben) haszn\u00e1lt\u00e1k. Jelenleg f\u00fcrd\u0151szivacsk\u00e9nt tartj\u00e1k sz\u00e1mon, amely kiv\u00e1l\u00f3 tulajdons\u00e1gokkal rendelkezik, mint a hasonl\u00f3, m\u0171anyagb\u00f3l k\u00e9sz\u00fclt term\u00e9kek.<br \/>\nA termesztett faj a Luffa cylindrica (L.) Roem. A nemzets\u00e9g neve a &#8222;luff&#8221; sz\u00f3b\u00f3l, a n\u00f6v\u00e9ny arab nev\u00e9b\u0151l sz\u00e1rmazik (I. Prodan \u00e9s E. I. Nyaradi, 1964).<\/p>\n<p>Ugyanebb\u0151l a fajb\u00f3l haz\u00e1nkban 1980 \u00f3ta termesztik a &#8222;De Arad&#8221; helyi fajt\u00e1t (popul\u00e1ci\u00f3t).<\/p>\n<p>Luffa cylindrica (L.) Roem. egyny\u00e1ri n\u00f6v\u00e9ny, egyivar\u00fa egylaki. A gy\u00f6k\u00e9r forog. Sz\u00e1ra ingatag, 3-6 m hossz\u00fa. Levelei teny\u00e9rkar\u00e9josak (5-7 kar\u00e9jos). A nagy gamopetal vir\u00e1gok s\u00e1rga sz\u00edn\u0171ek. A h\u00edmek kehely alak\u00fa, 5 szabad szirm\u00fa korolla, porz\u00f3ja 3 (ritk\u00e1n 5), a mag\u00e1nyos n\u0151st\u00e9nyek, a cs\u00e9szecs\u0151 hosszabb. Gy\u00fcm\u00f6lcse hengeres, sima dinnye, legfeljebb 50 cm hossz\u00fa, fed\u0151n kereszt\u00fcl ny\u00edlik. A fent bemutatott alapanyag a gy\u00fcm\u00f6lcs mezokarp\u00e1ja.<br \/>\nTermofil n\u00f6v\u00e9ny (10-12 C fokon cs\u00edr\u00e1zik), \u00e9rz\u00e9keny a tavaszi fagyokra \u00e9s a term\u00e9s alatti alacsony h\u0151m\u00e9rs\u00e9kletre (a term\u00e9sek kicsik maradnak). A v\u00edzgazd\u00e1lkod\u00e1s tekintet\u00e9ben is ig\u00e9nyes. Magas talajig\u00e9ny\u0171, k\u00f6nny\u0171, v\u00edz\u00e1tereszt\u0151, struktur\u00e1lt talajig\u00e9ny\u0171.<\/p>\n<p>Luffa termeszt\u00e9si technol\u00f3gia<\/p>\n<p>A forg\u00e1s. A kult\u00far\u00e1t olyan n\u00f6v\u00e9nyek ut\u00e1n helyezik el, amelyek a talajt gyommentesen hagyj\u00e1k el, mint p\u00e9ld\u00e1ul az \u0151szi kal\u00e1szosok \u00e9s a j\u00f3l karbantartott p\u00e1zsit. Nem termesztik m\u00e1s t\u00f6kf\u00e9l\u00e9k ut\u00e1n, vagy maga ut\u00e1n ugyanazon a f\u00f6ld\u00f6n csak kb. 5 \u00e9v.<\/p>\n<p>Luffa n\u00f6v\u00e9nyek tr\u00e1gy\u00e1z\u00e1sa<\/p>\n<p>J\u00f3l lebontott tr\u00e1gy\u00e1val (kb. 30 tonna\/ha), m\u0171tr\u00e1gy\u00e1kkal egy\u00fctt 50-60 kg\/ha N, 40-50kg\/ha P2O5 \u00e9s 20-30kg\/ha K2O adagban. A sz\u00e1nt\u00e1ssal tr\u00e1gy\u00e1t, foszfort \u00e9s k\u00e1liumot \u00e9p\u00edtenek be, tavasszal pedig nitrog\u00e9nt.<\/p>\n<p>Talajmunka luffa kult\u00far\u00e1kban.<\/p>\n<p>A m\u00e9lysz\u00e1nt\u00e1st kb. 30 cm, miut\u00e1n megtiszt\u00edtotta a f\u00f6ldet az el\u0151z\u0151 n\u00f6v\u00e9nyt\u0151l. Tavasszal a talajt a vet\u00e9sig vagy az \u00fcltet\u00e9sig (10-12 C fokos talajh\u0151m\u00e9rs\u00e9klet\u0171 talajon) tiszt\u00edtj\u00e1k a gyomokt\u00f3l, \u00e9s finom\u00edtj\u00e1k a talajt a kultiv\u00e1torral, majd a fogas boron\u00e1val vagy a komb\u00e1jnnal.<br \/>\nSzaporod\u00e1s a luffa kult\u00far\u00e1kban.<\/p>\n<p>K\u00f6zvetlen sz\u00e1nt\u00f3f\u00f6ldi vet\u00e9ssel is szapor\u00edthat\u00f3 (kora tavaszi, hossz\u00fa \u00e9s meleg \u0151szi ter\u00fcleteken), de a veget\u00e1ci\u00f3s id\u0151szak magas h\u0151ig\u00e9nye miatt (4200-4800 C fokok \u00f6sszege) pal\u00e1ntanevel\u00e9s javasolt. faiskol\u00e1kban melegen \u00e1ll\u00edtj\u00e1k el\u0151 (F. Craciun et al. 1977). Az egy ha telep\u00edt\u00e9shez sz\u00fcks\u00e9ges pal\u00e1nta kb. 70 m2-es meleg gyerekszoba. Javasoljuk, hogy a vet\u00e9st m\u00e1rcius 1-10-\u00e9n v\u00e9gezz\u00fck, t\u00e1pl\u00e1l\u00f3 cser\u00e9pben. Egy hekt\u00e1ron k\u00f6r\u00fclbel\u00fcl 3 kg 95%-os tisztas\u00e1g\u00fa \u00e9s 85%-os cs\u00edr\u00e1z\u00e1s\u00fa vet\u0151magot haszn\u00e1lnak fel. F. Craciun et al. 1977 javasolja, hogy a pal\u00e1nt\u00e1kat vagy pal\u00e1nt\u00e1kkal ell\u00e1tott cserepeket m\u00e1jus 15-20. k\u00f6z\u00f6tt \u00fcltessenek ki 1,5 m-re a sorok k\u00f6z\u00f6tt \u00e9s 70 cm-re soronk\u00e9nt. K\u00f6zvetlen sz\u00e1nt\u00f3f\u00f6ldi vet\u00e9s eset\u00e9n azonos t\u00e1vols\u00e1gokra 3-4 magot f\u00e9szekbe, kb. 2 cm m\u00e9ly.<\/p>\n<p>Gondoz\u00e1si munka luffa kult\u00far\u00e1kban.<\/p>\n<p>Ezek a gyomok elleni k\u00fczdelemb\u0151l \u00e9s a talaj finom\u00edt\u00e1s\u00e1b\u00f3l \u00e1llnak (gyoml\u00e1l\u00e1ssal, amilyen gyakran sz\u00fcks\u00e9ges), a r\u00e1cs felszerel\u00e9s\u00e9b\u0151l, a vir\u00e1gz\u00e1sig t\u00f6rt\u00e9n\u0151 \u00f6nt\u00f6z\u00e9sb\u0151l \u00e9s a vir\u00e1gv\u00e9gek cs\u00edp\u00e9s\u00e9b\u0151l (n\u00f6v\u00e9nyenk\u00e9nt 5 term\u00e9s hagy\u00e1sa).<\/p>\n<p>Luffa n\u00f6v\u00e9nyek betakar\u00edt\u00e1sa.<\/p>\n<p>&nbsp;<\/p>\n<p>Kondicion\u00e1l\u00e1s. Termel\u00e9s. A term\u00e9seket k\u00e9zzel, \u00e9r\u00e9skor (amikor a farok megs\u00e1rgult \u00e9s az als\u00f3 hegye bes\u00e1rgult), az els\u0151 fagyok el\u0151tt, j\u00f3 id\u0151ben sz\u00fcretelj\u00fck. Hekt\u00e1ronk\u00e9nt 50-100 ezer darab (gy\u00fcm\u00f6lcs) \u00e9s 300-600 kg vet\u0151mag keletkezik.<\/p>\n<p>&nbsp;<\/p>\n","protected":false},"featured_media":30064,"comment_status":"closed","ping_status":"closed","template":"","meta":[],"product_brand":[],"product_cat":[462],"product_tag":[],"class_list":{"0":"post-30052","1":"product","2":"type-product","3":"status-publish","4":"has-post-thumbnail","6":"product_cat-virag-vetomagok-bolgar-opal-vetomagok","8":"first","9":"instock","10":"taxable","11":"shipping-taxable","12":"purchasable","13":"product-type-simple"},"_links":{"self":[{"href":"https:\/\/chilimag.hu\/webshop\/wp-json\/wp\/v2\/product\/30052","targetHints":{"allow":["GET"]}}],"collection":[{"href":"https:\/\/chilimag.hu\/webshop\/wp-json\/wp\/v2\/product"}],"about":[{"href":"https:\/\/chilimag.hu\/webshop\/wp-json\/wp\/v2\/types\/product"}],"replies":[{"embeddable":true,"href":"https:\/\/chilimag.hu\/webshop\/wp-json\/wp\/v2\/comments?post=30052"}],"wp:featuredmedia":[{"embeddable":true,"href":"https:\/\/chilimag.hu\/webshop\/wp-json\/wp\/v2\/media\/30064"}],"wp:attachment":[{"href":"https:\/\/chilimag.hu\/webshop\/wp-json\/wp\/v2\/media?parent=30052"}],"wp:term":[{"taxonomy":"product_brand","embeddable":true,"href":"https:\/\/chilimag.hu\/webshop\/wp-json\/wp\/v2\/product_brand?post=30052"},{"taxonomy":"product_cat","embeddable":true,"href":"https:\/\/chilimag.hu\/webshop\/wp-json\/wp\/v2\/product_cat?post=30052"},{"taxonomy":"product_tag","embeddable":true,"href":"https:\/\/chilimag.hu\/webshop\/wp-json\/wp\/v2\/product_tag?post=30052"}],"curies":[{"name":"wp","href":"https:\/\/api.w.org\/{rel}","templated":true}]}}