{"id":30051,"date":"2024-02-18T10:25:40","date_gmt":"2024-02-18T10:25:40","guid":{"rendered":"https:\/\/chilimag.hu\/webshop\/?post_type=product&#038;p=30051"},"modified":"2026-03-01T06:37:57","modified_gmt":"2026-03-01T06:37:57","slug":"cukorrepa-opal-bg","status":"publish","type":"product","link":"https:\/\/chilimag.hu\/webshop\/termek\/cukorrepa-opal-bg\/","title":{"rendered":"Cukorr\u00e9pa Opal Bg"},"content":{"rendered":"","protected":false},"excerpt":{"rendered":"<p><img decoding=\"async\" src=\"https:\/\/opal-bg.com\/_next\/image?url=%2F_next%2Fstatic%2Fimage%2Fpublic%2Fimages%2Fhome%2Fnobg1.40d357a89f8aca58449177aa96e69e77.png&amp;w=256&amp;q=75\" srcset=\"https:\/\/opal-bg.com\/_next\/image?url=%2F_next%2Fstatic%2Fimage%2Fpublic%2Fimages%2Fhome%2Fnobg1.40d357a89f8aca58449177aa96e69e77.png&amp;w=96&amp;q=75 1x, https:\/\/opal-bg.com\/_next\/image?url=%2F_next%2Fstatic%2Fimage%2Fpublic%2Fimages%2Fhome%2Fnobg1.40d357a89f8aca58449177aa96e69e77.png&amp;w=256&amp;q=75 2x\" data-nimg=\"intrinsic\" \/><\/p>\n<p>A cukorr\u00e9pa (Beta vulgaris L.) fontos ipari n\u00f6v\u00e9ny. K\u00e9t \u00e9ves fejleszt\u00e9si ciklusa van<\/p>\n<p>Kiszerel\u00e9s: 25 gr<\/p>\n<p>Haz\u00e1nk k\u00f6r\u00fclm\u00e9nyei k\u00f6z\u00f6tt a cukorr\u00e9pa legjobb el\u0151fut\u00e1ra a b\u00faza, \u00e1rpa, rozs. Az egyny\u00e1ri h\u00fcvelyesek &#8211; bab, bors\u00f3, csicseribors\u00f3 &#8211; nagyon j\u00f3k. A cukorr\u00e9pa \u00f6nt\u00f6z\u00e9ssel t\u00f6rt\u00e9n\u0151 termeszt\u00e9se eset\u00e9n a lucerna, a l\u00f3here \u00e9s az \u00e9vel\u0151 kever\u00e9kek nagyon j\u00f3l termeszthet\u0151k a k\u00f6vetkez\u0151 \u00e9vekben. Ennek nem megfelel\u0151 el\u0151dje a szud\u00e1nf\u0171 \u00e9s a cirok.<\/p>\n<p>A cukorr\u00e9pa term\u00e9se 4-5 \u00e9v m\u00falva vethet\u0151 ugyanoda.<\/p>\n<p>Talajkezel\u00e9s<\/p>\n<p>A gy\u00f6k\u00e9rr\u00e9pa a talajban n\u0151, ez\u00e9rt ig\u00e9nyes a feldolgoz\u00e1sban. Amikor elegend\u0151 nedvess\u00e9g van a talajban, k\u00f6zvetlen\u00fcl betakar\u00edt\u00e1s ut\u00e1n 20-25-25-30 cm m\u00e9lyre sz\u00e1ntj\u00e1k.<\/p>\n<p>Vet\u00e9s el\u0151tt k\u00f6telez\u0151 a kezel\u00e9s alkalmaz\u00e1sa. C\u00e9lja, hogy elpuszt\u00edtsa a gyomokat, megtartsa a nedvess\u00e9get \u00e9s szil\u00e1rd \u00e1gyat hozzon l\u00e9tre a vet\u00e9shez.<\/p>\n<p>A cukorr\u00e9pa vet\u00e9s\u00e9nek r\u00e9szletei<\/p>\n<p>A m\u0171szaki \u00e9retts\u00e9g (betakar\u00edt\u00e1sra alkalmas) szeptember k\u00f6zep\u00e9n \u00e9ri el. Ha a betakar\u00edt\u00e1st kor\u00e1bban v\u00e9gezz\u00fck, a cukrok ar\u00e1nya alacsonyabb. A termel\u0151 elvesz\u00edti a term\u00e9st, de ezt a vesztes\u00e9get az alapanyag magasabb felv\u00e1s\u00e1rl\u00e1si \u00e1ra kompenz\u00e1lja.<\/p>\n<p>A gyomirt\u00e1s gyomirt\u00e1ssal vagy gyoml\u00e1l\u00e1ssal t\u00f6rt\u00e9nik. Ha szit\u00e1l\u00e1ssal t\u00f6rt\u00e9nik, akkor k\u00e9tszer-h\u00e1romszor, a sorokon bel\u00fcl.<\/p>\n<p>A cukorr\u00e9p\u00e1t akkor vetik, amikor a talajban 5 cm m\u00e9lys\u00e9gben a h\u0151m\u00e9rs\u00e9klet tart\u00f3san 7-8 \u00b0C. A vet\u00e9s ideje Rom\u00e1nia d\u00e9li r\u00e9sz\u00e9n m\u00e1rcius m\u00e1sodik fele, Rom\u00e1nia \u00e9szaki r\u00e9sz\u00e9n, a \u00e1prilis els\u0151 fele. A c\u00e9kl\u00e1t 45 cm-es sort\u00e1vols\u00e1gra \u00fcltetik, prec\u00edzi\u00f3s vet\u00e9ssel. A r\u00e9pamag \u00fcltet\u00e9si m\u00e9lys\u00e9ge 3-5 cm. A termesztett magvak s\u0171r\u0171s\u00e9ge \u00f6nt\u00f6z\u00f6tt k\u00f6r\u00fclm\u00e9nyek k\u00f6z\u00f6tt 10 000-12 000 n\u00f6v\u00e9ny, \u00f6nt\u00f6z\u00e9s n\u00e9lk\u00fcl pedig 8-10 000 n\u00f6v\u00e9ny hekt\u00e1ronk\u00e9nt. Enn\u00e9l a vet\u00e9si ar\u00e1nyn\u00e1l hekt\u00e1ronk\u00e9nt 300-800 gr egycs\u00edra \u00e9s 1 kg t\u00f6bbcs\u00edra mag s\u0171r\u0171s\u00e9ge.<\/p>\n<p>A cukorr\u00e9p\u00e1nak sok v\u00edzre van sz\u00fcks\u00e9ge. A legjobban akkor fejl\u0151dik, ha a p\u00e1ratartalom a PPV 70-80%-a. Ezt a p\u00e1ratartalmat 4-5 \u00f6nt\u00f6z\u00e9ssel biztos\u00edtjuk \u2013 kett\u0151 j\u00faniusban, kett\u0151 j\u00faliusban \u00e9s egy augusztusban. Az utols\u00f3 \u00f6nt\u00f6z\u00e9st legk\u00e9s\u0151bb augusztus 20-ig c\u00e9lszer\u0171 elv\u00e9gezni, mert k\u00e9s\u0151bb a teny\u00e9szid\u0151 \u00e9s a r\u00e9pa min\u0151s\u00e9ge meghosszabbodik.<\/p>\n<p>Cukorr\u00e9pa betakar\u00edt\u00e1sa<\/p>\n<p>M\u0171szaki adatok:<\/p>\n<p>M\u00e9lys\u00e9ge 3-5 cm<br \/>\nM\u00e1rciust\u00f3l kezd\u0151d\u0151en vetik<br \/>\nVet\u00e9smennyis\u00e9g 0,8-1 Kg\/hekt\u00e1r<br \/>\nA vet\u0151magb\u00f3l t\u00f6rt\u00e9n\u0151 termel\u00e9s t\u00edpusai<br \/>\n\u00c1ltal\u00e1noss\u00e1gok:<\/p>\n<p>S\u00falya 25 gramm<br \/>\n\u00dcltet\u00e9s m\u00e1rcius-\u00e1prilis<br \/>\nSz\u00fcret szeptember-okt\u00f3ber<br \/>\nVeget\u00e1ci\u00f3ja 160-200 nap<\/p>\n<p>A csomag 25 gr magot tartalmaz<\/p>\n","protected":false},"featured_media":30098,"comment_status":"closed","ping_status":"closed","template":"","meta":[],"product_brand":[],"product_cat":[347,471,464],"product_tag":[],"class_list":{"0":"post-30051","1":"product","2":"type-product","3":"status-publish","4":"has-post-thumbnail","6":"product_cat-347","7":"product_cat-fu-es-mezogazdasagi-vetomagok","8":"product_cat-zoldseg-vetomagok-bolgar-opal-vetomagok","10":"first","11":"outofstock","12":"taxable","13":"shipping-taxable","14":"purchasable","15":"product-type-simple"},"_links":{"self":[{"href":"https:\/\/chilimag.hu\/webshop\/wp-json\/wp\/v2\/product\/30051","targetHints":{"allow":["GET"]}}],"collection":[{"href":"https:\/\/chilimag.hu\/webshop\/wp-json\/wp\/v2\/product"}],"about":[{"href":"https:\/\/chilimag.hu\/webshop\/wp-json\/wp\/v2\/types\/product"}],"replies":[{"embeddable":true,"href":"https:\/\/chilimag.hu\/webshop\/wp-json\/wp\/v2\/comments?post=30051"}],"wp:featuredmedia":[{"embeddable":true,"href":"https:\/\/chilimag.hu\/webshop\/wp-json\/wp\/v2\/media\/30098"}],"wp:attachment":[{"href":"https:\/\/chilimag.hu\/webshop\/wp-json\/wp\/v2\/media?parent=30051"}],"wp:term":[{"taxonomy":"product_brand","embeddable":true,"href":"https:\/\/chilimag.hu\/webshop\/wp-json\/wp\/v2\/product_brand?post=30051"},{"taxonomy":"product_cat","embeddable":true,"href":"https:\/\/chilimag.hu\/webshop\/wp-json\/wp\/v2\/product_cat?post=30051"},{"taxonomy":"product_tag","embeddable":true,"href":"https:\/\/chilimag.hu\/webshop\/wp-json\/wp\/v2\/product_tag?post=30051"}],"curies":[{"name":"wp","href":"https:\/\/api.w.org\/{rel}","templated":true}]}}