{"id":30045,"date":"2024-02-18T10:14:19","date_gmt":"2024-02-18T10:14:19","guid":{"rendered":"https:\/\/chilimag.hu\/webshop\/?post_type=product&#038;p=30045"},"modified":"2026-03-05T14:56:31","modified_gmt":"2026-03-05T14:56:31","slug":"spenot-winter-giant-opal-bg","status":"publish","type":"product","link":"https:\/\/chilimag.hu\/webshop\/termek\/spenot-winter-giant-opal-bg\/","title":{"rendered":"Spen\u00f3t Winter giant Opal Bg"},"content":{"rendered":"","protected":false},"excerpt":{"rendered":"<p><img decoding=\"async\" src=\"https:\/\/opal-bg.com\/_next\/image?url=%2F_next%2Fstatic%2Fimage%2Fpublic%2Fimages%2Fhome%2Fnobg1.40d357a89f8aca58449177aa96e69e77.png&amp;w=256&amp;q=75\" srcset=\"https:\/\/opal-bg.com\/_next\/image?url=%2F_next%2Fstatic%2Fimage%2Fpublic%2Fimages%2Fhome%2Fnobg1.40d357a89f8aca58449177aa96e69e77.png&amp;w=96&amp;q=75 1x, https:\/\/opal-bg.com\/_next\/image?url=%2F_next%2Fstatic%2Fimage%2Fpublic%2Fimages%2Fhome%2Fnobg1.40d357a89f8aca58449177aa96e69e77.png&amp;w=256&amp;q=75 2x\" data-nimg=\"intrinsic\" \/><\/p>\n<p>Ezt a fajt\u00e1t k\u00fcl\u00f6n\u00f6sen nagyra \u00e9rt\u00e9kelik a rengeteg \u00e9l\u00e9nkz\u00f6ld levele miatt, amelyek eg\u00e9szs\u00e9gre inspir\u00e1lnak. Haszn\u00e1lata frissen javasolt, mert csak \u00edgy lehet 100%-ban kihaszn\u00e1lni j\u00f3t\u00e9kony tulajdons\u00e1gait, amelyek a termikus el\u0151k\u00e9sz\u00edt\u00e9s ut\u00e1n elvesznek. Vesse spen\u00f3tmagot k\u00f6zvetlen\u00fcl a talajba \u00fcltetj\u00fck, aj\u00e1nlott nagyon j\u00f3l megvil\u00e1g\u00edtott helyet v\u00e1lasztani, napf\u00e9nynek kit\u00e9ve, ez a t\u00e9nyez\u0151 biztos\u00edtja a kellemes \u00edz elsaj\u00e1t\u00edt\u00e1s\u00e1t, a levelek l\u00e9d\u00fas \u00e9s h\u00fasos \u00e1llag\u00e1t.<\/p>\n<p>M\u00e9lys\u00e9ge 2-4 cm<br \/>\nSzeptember-novembert\u0151l kezd\u0151d\u0151en vetik,<br \/>\nVet\u00e9smennyis\u00e9g 2-3 Kg\/hekt\u00e1r<br \/>\n\u00dcltet\u00e9s szeptember-m\u00e1rcius<br \/>\nSz\u00fcret m\u00e1rcius-okt\u00f3ber<br \/>\nVeget\u00e1ci\u00f3 75 nap<br \/>\nA csomag 30 gr magot tartalmaz<\/p>\n","protected":false},"featured_media":30046,"comment_status":"closed","ping_status":"closed","template":"","meta":[],"product_brand":[],"product_cat":[464],"product_tag":[],"class_list":{"0":"post-30045","1":"product","2":"type-product","3":"status-publish","4":"has-post-thumbnail","6":"product_cat-zoldseg-vetomagok-bolgar-opal-vetomagok","8":"first","9":"instock","10":"taxable","11":"shipping-taxable","12":"purchasable","13":"product-type-simple"},"_links":{"self":[{"href":"https:\/\/chilimag.hu\/webshop\/wp-json\/wp\/v2\/product\/30045","targetHints":{"allow":["GET"]}}],"collection":[{"href":"https:\/\/chilimag.hu\/webshop\/wp-json\/wp\/v2\/product"}],"about":[{"href":"https:\/\/chilimag.hu\/webshop\/wp-json\/wp\/v2\/types\/product"}],"replies":[{"embeddable":true,"href":"https:\/\/chilimag.hu\/webshop\/wp-json\/wp\/v2\/comments?post=30045"}],"wp:featuredmedia":[{"embeddable":true,"href":"https:\/\/chilimag.hu\/webshop\/wp-json\/wp\/v2\/media\/30046"}],"wp:attachment":[{"href":"https:\/\/chilimag.hu\/webshop\/wp-json\/wp\/v2\/media?parent=30045"}],"wp:term":[{"taxonomy":"product_brand","embeddable":true,"href":"https:\/\/chilimag.hu\/webshop\/wp-json\/wp\/v2\/product_brand?post=30045"},{"taxonomy":"product_cat","embeddable":true,"href":"https:\/\/chilimag.hu\/webshop\/wp-json\/wp\/v2\/product_cat?post=30045"},{"taxonomy":"product_tag","embeddable":true,"href":"https:\/\/chilimag.hu\/webshop\/wp-json\/wp\/v2\/product_tag?post=30045"}],"curies":[{"name":"wp","href":"https:\/\/api.w.org\/{rel}","templated":true}]}}