{"id":30043,"date":"2024-02-18T08:03:57","date_gmt":"2024-02-18T08:03:57","guid":{"rendered":"https:\/\/chilimag.hu\/webshop\/?post_type=product&#038;p=30043"},"modified":"2026-03-22T10:00:44","modified_gmt":"2026-03-22T10:00:44","slug":"baby-spenot-opal-bg","status":"publish","type":"product","link":"https:\/\/chilimag.hu\/webshop\/termek\/baby-spenot-opal-bg\/","title":{"rendered":"Baby spen\u00f3t Opal Bg"},"content":{"rendered":"","protected":false},"excerpt":{"rendered":"<p><img decoding=\"async\" src=\"https:\/\/opal-bg.com\/_next\/image?url=%2F_next%2Fstatic%2Fimage%2Fpublic%2Fimages%2Fhome%2Fnobg1.40d357a89f8aca58449177aa96e69e77.png&amp;w=256&amp;q=75\" srcset=\"https:\/\/opal-bg.com\/_next\/image?url=%2F_next%2Fstatic%2Fimage%2Fpublic%2Fimages%2Fhome%2Fnobg1.40d357a89f8aca58449177aa96e69e77.png&amp;w=96&amp;q=75 1x, https:\/\/opal-bg.com\/_next\/image?url=%2F_next%2Fstatic%2Fimage%2Fpublic%2Fimages%2Fhome%2Fnobg1.40d357a89f8aca58449177aa96e69e77.png&amp;w=256&amp;q=75 2x\" data-nimg=\"intrinsic\" \/><\/p>\n<p>Le\u00edr\u00e1s<\/p>\n<p>Spinach Baby F1 (20 gr) extra korai baba spen\u00f3tmag s\u00f6t\u00e9tz\u00f6ld levelek, op\u00e1l<\/p>\n<p>Kiszerel\u00e9s: 20 g mag<\/p>\n<p>KIV\u00c1L\u00d3 TULAJDONS\u00c1GOK, NAGY S\u00d6T\u00c9TZ\u00d6LD LEV\u00c9L, OV\u00c1LIS ALAK\u00da LEVELEK<br \/>\nSZ\u00c9LES ALKALMAZHAT\u00d3S\u00c1G<br \/>\nA Baby Spinach egy F1 hibrid fajta, amely a legalkalmasabb a kereskedelmi m\u00e9ret\u0171 b\u00e9bi spen\u00f3t lev\u00e9l el\u0151\u00e1ll\u00edt\u00e1s\u00e1ra. A babaspen\u00f3t mechanikus vagy k\u00e9zi betakar\u00edt\u00e1sra haszn\u00e1lhat\u00f3 minden k\u00fcl\u00f6nb\u00f6z\u0151 termel\u00e9si rendszerben. A babaspen\u00f3tnak sima, s\u00f6t\u00e9tz\u00f6ld, vastag levelei vannak, \u00e9s f\u00fcgg\u0151leges n\u00f6veked\u00e9si szok\u00e1sa van. A b\u00e9bi spen\u00f3t \u00e9r\u00e9si ideje 25-30 nap. B\u00e1r a b\u00e9bispen\u00f3tot ny\u00e1ri termel\u00e9sre v\u00e1lasztott\u00e1k, eg\u00e9sz \u00e9vben j\u00f3l teljes\u00edt enyhe \u00e9ghajlaton.<\/p>\n<p>A csomag 20 gr magot tartalmaz<\/p>\n","protected":false},"featured_media":30254,"comment_status":"closed","ping_status":"closed","template":"","meta":[],"product_brand":[],"product_cat":[460,464],"product_tag":[],"class_list":{"0":"post-30043","1":"product","2":"type-product","3":"status-publish","4":"has-post-thumbnail","6":"product_cat-salata-es-retek-vetomagok-bolgar-opal-vetomagok","7":"product_cat-zoldseg-vetomagok-bolgar-opal-vetomagok","9":"first","10":"instock","11":"taxable","12":"shipping-taxable","13":"purchasable","14":"product-type-simple"},"_links":{"self":[{"href":"https:\/\/chilimag.hu\/webshop\/wp-json\/wp\/v2\/product\/30043","targetHints":{"allow":["GET"]}}],"collection":[{"href":"https:\/\/chilimag.hu\/webshop\/wp-json\/wp\/v2\/product"}],"about":[{"href":"https:\/\/chilimag.hu\/webshop\/wp-json\/wp\/v2\/types\/product"}],"replies":[{"embeddable":true,"href":"https:\/\/chilimag.hu\/webshop\/wp-json\/wp\/v2\/comments?post=30043"}],"wp:featuredmedia":[{"embeddable":true,"href":"https:\/\/chilimag.hu\/webshop\/wp-json\/wp\/v2\/media\/30254"}],"wp:attachment":[{"href":"https:\/\/chilimag.hu\/webshop\/wp-json\/wp\/v2\/media?parent=30043"}],"wp:term":[{"taxonomy":"product_brand","embeddable":true,"href":"https:\/\/chilimag.hu\/webshop\/wp-json\/wp\/v2\/product_brand?post=30043"},{"taxonomy":"product_cat","embeddable":true,"href":"https:\/\/chilimag.hu\/webshop\/wp-json\/wp\/v2\/product_cat?post=30043"},{"taxonomy":"product_tag","embeddable":true,"href":"https:\/\/chilimag.hu\/webshop\/wp-json\/wp\/v2\/product_tag?post=30043"}],"curies":[{"name":"wp","href":"https:\/\/api.w.org\/{rel}","templated":true}]}}