{"id":30008,"date":"2024-02-17T19:19:36","date_gmt":"2024-02-17T19:19:36","guid":{"rendered":"https:\/\/chilimag.hu\/webshop\/?post_type=product&#038;p=30008"},"modified":"2026-02-01T16:24:02","modified_gmt":"2026-02-01T16:24:02","slug":"csemegekukorica-golden-bantam-opal-bg","status":"publish","type":"product","link":"https:\/\/chilimag.hu\/webshop\/termek\/csemegekukorica-golden-bantam-opal-bg\/","title":{"rendered":"Csemegekukorica Golden Bantam Opal Bg"},"content":{"rendered":"","protected":false},"excerpt":{"rendered":"<p><img decoding=\"async\" src=\"https:\/\/opal-bg.com\/_next\/image?url=%2F_next%2Fstatic%2Fimage%2Fpublic%2Fimages%2Fhome%2Fnobg1.40d357a89f8aca58449177aa96e69e77.png&amp;w=256&amp;q=75\" srcset=\"https:\/\/opal-bg.com\/_next\/image?url=%2F_next%2Fstatic%2Fimage%2Fpublic%2Fimages%2Fhome%2Fnobg1.40d357a89f8aca58449177aa96e69e77.png&amp;w=96&amp;q=75 1x, https:\/\/opal-bg.com\/_next\/image?url=%2F_next%2Fstatic%2Fimage%2Fpublic%2Fimages%2Fhome%2Fnobg1.40d357a89f8aca58449177aa96e69e77.png&amp;w=256&amp;q=75 2x\" data-nimg=\"intrinsic\" \/><\/p>\n<p>Friss fogyaszt\u00e1sra aj\u00e1nlott.<\/p>\n<p>A Golden Batam egy kukorica, amelyet \u00e1prilis-m\u00e1jusban vetnek, augusztus-szeptemberben a kifejlett csutka betakar\u00edt\u00e1s\u00e1hoz, de a korszer\u0171 technol\u00f3gi\u00e1val jav\u00edtani tudjuk a korais\u00e1got.<\/p>\n<p>Jellemz\u0151k &#8211; Golden Bantam csemegekukorica magvak<br \/>\nF\u00e9lkorai kukoricafajta; Le\u00edr\u00e1s: \u00c9des \u00e9s er\u0151teljes fajta. Betegs\u00e9gekkel szemben ellen\u00e1ll\u00f3 \u00e9s hidegt\u0171r\u0151 a veget\u00e1ci\u00f3s id\u0151szakban. 18-22 cm hossz\u00fa hengeres csutka. Tart\u00f3s\u00edt\u00e1sra aj\u00e1nlott.<\/p>\n<p>Kult\u00fara: \u00c1prilisban vetik fedett helyre (szol\u00e1ris), vagy m\u00e1jusban, amikor a f\u00f6ld kell\u0151en meleg, 70 cm-es sorban. Vess el 3-4 magot 30-40 cm t\u00e1vols\u00e1gra. 2 cm finom talaj bor\u00edtja. Ha a pal\u00e1nt\u00e1knak 4 levele van, csak egy n\u00f6v\u00e9nyt tartanak meg.<\/p>\n<p>Talaj\/kitetts\u00e9g: a m\u00e9ly, humuszban gazdag, h\u0171v\u00f6s \u00e9s enyh\u00e9n savany\u00fa talajokat kedveli.<\/p>\n<p>Betakar\u00edt\u00e1s: K\u00f6r\u00fclbel\u00fcl 3 \u00e9s f\u00e9l h\u00f3nappal a vet\u00e9s ut\u00e1n takar\u00edtj\u00e1k be, amikor a szemek j\u00f3l becsomagoltak, de m\u00e9g tejszer\u0171ek.<\/p>\n<p>Tippek: a szemek jobban meg\u0151rz\u0151dnek a csutk\u00e1ban.<\/p>\n<p>\u00c1prilis-m\u00e1jusban vetik, az \u00e9rett csutk\u00e1t augusztus-szeptemberben szedik be.<br \/>\nCsomagol\u00e1s m\u00f3dja doboz 50 gr<br \/>\nKor\u00e1n k\u00e9s\u0151n<br \/>\nHossza (cm) 17 &#8211; 21 cm<\/p>\n<p>A csomag 10 gr magot tartalmaz<\/p>\n","protected":false},"featured_media":30006,"comment_status":"closed","ping_status":"closed","template":"","meta":[],"product_brand":[],"product_cat":[457],"product_tag":[],"class_list":{"0":"post-30008","1":"product","2":"type-product","3":"status-publish","4":"has-post-thumbnail","6":"product_cat-kukorica-vetomagok-bolgar-opal-vetomagok","8":"first","9":"instock","10":"taxable","11":"shipping-taxable","12":"purchasable","13":"product-type-simple"},"_links":{"self":[{"href":"https:\/\/chilimag.hu\/webshop\/wp-json\/wp\/v2\/product\/30008","targetHints":{"allow":["GET"]}}],"collection":[{"href":"https:\/\/chilimag.hu\/webshop\/wp-json\/wp\/v2\/product"}],"about":[{"href":"https:\/\/chilimag.hu\/webshop\/wp-json\/wp\/v2\/types\/product"}],"replies":[{"embeddable":true,"href":"https:\/\/chilimag.hu\/webshop\/wp-json\/wp\/v2\/comments?post=30008"}],"wp:featuredmedia":[{"embeddable":true,"href":"https:\/\/chilimag.hu\/webshop\/wp-json\/wp\/v2\/media\/30006"}],"wp:attachment":[{"href":"https:\/\/chilimag.hu\/webshop\/wp-json\/wp\/v2\/media?parent=30008"}],"wp:term":[{"taxonomy":"product_brand","embeddable":true,"href":"https:\/\/chilimag.hu\/webshop\/wp-json\/wp\/v2\/product_brand?post=30008"},{"taxonomy":"product_cat","embeddable":true,"href":"https:\/\/chilimag.hu\/webshop\/wp-json\/wp\/v2\/product_cat?post=30008"},{"taxonomy":"product_tag","embeddable":true,"href":"https:\/\/chilimag.hu\/webshop\/wp-json\/wp\/v2\/product_tag?post=30008"}],"curies":[{"name":"wp","href":"https:\/\/api.w.org\/{rel}","templated":true}]}}