{"id":30004,"date":"2024-02-17T19:18:21","date_gmt":"2024-02-17T19:18:21","guid":{"rendered":"https:\/\/chilimag.hu\/webshop\/?post_type=product&#038;p=30004"},"modified":"2026-03-31T20:41:19","modified_gmt":"2026-03-31T20:41:19","slug":"csemegekukorica-erika-f1-opal-bg","status":"publish","type":"product","link":"https:\/\/chilimag.hu\/webshop\/termek\/csemegekukorica-erika-f1-opal-bg\/","title":{"rendered":"Csemegekukorica Erika F1 Opal Bg"},"content":{"rendered":"","protected":false},"excerpt":{"rendered":"<p><img decoding=\"async\" src=\"https:\/\/opal-bg.com\/_next\/image?url=%2F_next%2Fstatic%2Fimage%2Fpublic%2Fimages%2Fhome%2Fnobg1.40d357a89f8aca58449177aa96e69e77.png&amp;w=256&amp;q=75\" srcset=\"https:\/\/opal-bg.com\/_next\/image?url=%2F_next%2Fstatic%2Fimage%2Fpublic%2Fimages%2Fhome%2Fnobg1.40d357a89f8aca58449177aa96e69e77.png&amp;w=96&amp;q=75 1x, https:\/\/opal-bg.com\/_next\/image?url=%2F_next%2Fstatic%2Fimage%2Fpublic%2Fimages%2Fhome%2Fnobg1.40d357a89f8aca58449177aa96e69e77.png&amp;w=256&amp;q=75 2x\" data-nimg=\"intrinsic\" \/><\/p>\n<p>Extra korai csemegekukorica hibrid. A t\u00fcsk\u00e9k s\u00e1rg\u00e1k, 20-22 cm hossz\u00faak \u00e9s 220-300 gramm t\u00f6meg\u0171ek. A n\u00f6v\u00e9nyek energikusak, ellen\u00e1llnak a hajl\u00edt\u00e1snak. Friss fogyaszt\u00e1sra, tart\u00f3s\u00edt\u00e1sra, fagyaszt\u00e1sra alkalmas Betegs\u00e9gt\u0171r\u0151 Veget\u00e1ci\u00f3s id\u0151szak 79 nap.<\/p>\n<p>Kiszerel\u00e9s: 10 gr (50 mag)<\/p>\n<p>M\u0171szaki adatok<br \/>\nM\u00e9lys\u00e9ge 6-8 cm<br \/>\n\u00c1prilist\u00f3l kezd\u0151d\u0151en vetik<br \/>\nVet\u0151mennyis\u00e9g 1 kg\/hekt\u00e1r<br \/>\nA vet\u0151magb\u00f3l t\u00f6rt\u00e9n\u0151 termel\u00e9s t\u00edpusai<br \/>\n\u00c1ttekint\u00e9s<br \/>\nS\u00falya 10 gramm<br \/>\n\u00dcltet\u00e9s \u00e1prilis-j\u00falius<br \/>\nSz\u00fcret j\u00falius-okt\u00f3ber<br \/>\nVeget\u00e1ci\u00f3 79 nap<\/p>\n<p>A csomag 10 gr magot tartalmaz<\/p>\n","protected":false},"featured_media":30007,"comment_status":"closed","ping_status":"closed","template":"","meta":[],"product_brand":[],"product_cat":[457],"product_tag":[],"class_list":{"0":"post-30004","1":"product","2":"type-product","3":"status-publish","4":"has-post-thumbnail","6":"product_cat-kukorica-vetomagok-bolgar-opal-vetomagok","8":"first","9":"instock","10":"taxable","11":"shipping-taxable","12":"purchasable","13":"product-type-simple"},"_links":{"self":[{"href":"https:\/\/chilimag.hu\/webshop\/wp-json\/wp\/v2\/product\/30004","targetHints":{"allow":["GET"]}}],"collection":[{"href":"https:\/\/chilimag.hu\/webshop\/wp-json\/wp\/v2\/product"}],"about":[{"href":"https:\/\/chilimag.hu\/webshop\/wp-json\/wp\/v2\/types\/product"}],"replies":[{"embeddable":true,"href":"https:\/\/chilimag.hu\/webshop\/wp-json\/wp\/v2\/comments?post=30004"}],"wp:featuredmedia":[{"embeddable":true,"href":"https:\/\/chilimag.hu\/webshop\/wp-json\/wp\/v2\/media\/30007"}],"wp:attachment":[{"href":"https:\/\/chilimag.hu\/webshop\/wp-json\/wp\/v2\/media?parent=30004"}],"wp:term":[{"taxonomy":"product_brand","embeddable":true,"href":"https:\/\/chilimag.hu\/webshop\/wp-json\/wp\/v2\/product_brand?post=30004"},{"taxonomy":"product_cat","embeddable":true,"href":"https:\/\/chilimag.hu\/webshop\/wp-json\/wp\/v2\/product_cat?post=30004"},{"taxonomy":"product_tag","embeddable":true,"href":"https:\/\/chilimag.hu\/webshop\/wp-json\/wp\/v2\/product_tag?post=30004"}],"curies":[{"name":"wp","href":"https:\/\/api.w.org\/{rel}","templated":true}]}}