{"id":30000,"date":"2024-02-17T19:13:10","date_gmt":"2024-02-17T19:13:10","guid":{"rendered":"https:\/\/chilimag.hu\/webshop\/?post_type=product&#038;p=30000"},"modified":"2026-04-15T19:27:27","modified_gmt":"2026-04-15T19:27:27","slug":"sutotok-muscat-opal-bg","status":"publish","type":"product","link":"https:\/\/chilimag.hu\/webshop\/termek\/sutotok-muscat-opal-bg\/","title":{"rendered":"S\u00fct\u0151t\u00f6k Muscat Opal Bg"},"content":{"rendered":"","protected":false},"excerpt":{"rendered":"<p><img decoding=\"async\" src=\"https:\/\/opal-bg.com\/_next\/image?url=%2F_next%2Fstatic%2Fimage%2Fpublic%2Fimages%2Fhome%2Fnobg1.40d357a89f8aca58449177aa96e69e77.png&amp;w=256&amp;q=75\" srcset=\"https:\/\/opal-bg.com\/_next\/image?url=%2F_next%2Fstatic%2Fimage%2Fpublic%2Fimages%2Fhome%2Fnobg1.40d357a89f8aca58449177aa96e69e77.png&amp;w=96&amp;q=75 1x, https:\/\/opal-bg.com\/_next\/image?url=%2F_next%2Fstatic%2Fimage%2Fpublic%2Fimages%2Fhome%2Fnobg1.40d357a89f8aca58449177aa96e69e77.png&amp;w=256&amp;q=75 2x\" data-nimg=\"intrinsic\" \/><\/p>\n<p>A s\u00fct\u0151t\u00f6k egy k\u00e9s\u0151i fajta, 130 napos veget\u00e1ci\u00f3val. Hossz\u00fa sz\u00e1rakat k\u00e9pez, sok lev\u00e9llel \u00e9s er\u0151s gy\u00f6k\u00e9rrel. Gy\u00fcm\u00f6lcsei nagyok, k\u00f6rte alak\u00faak, \u00e1tlagos t\u00f6meg\u00fck 7-9 kg. A gy\u00fcm\u00f6lcs h\u00e9ja enyh\u00e9n tagolt, sima. Technikailag \u00e9rett gy\u00fcm\u00f6lcs narancss\u00e1rga sz\u00edn\u0171. A p\u00e9p intenz\u00edv narancss\u00e1rga, t\u00f6r\u00e9keny, gazdag karotintartalommal. A magvakat \u00e1prilis 10-25. A vet\u00e9s 200\/200 cm t\u00e1vols\u00e1gra f\u00e9szkekben t\u00f6rt\u00e9nik, f\u00e9szekbe 4-5 magot helyezve, miut\u00e1n a talajh\u0151m\u00e9rs\u00e9klet folyamatosan 12 fok felett van.<\/p>\n<p>Magok sz\u00e1ma csomagonk\u00e9nt: 25 mag (5 g)<\/p>\n<p>M\u0171szaki adatok:<\/p>\n<p>M\u00e9lys\u00e9ge 6-7 cm<br \/>\n\u00c1prilis 10-25<br \/>\nVet\u00e9smennyis\u00e9g 0,350-0,600 Kg\/hekt\u00e1r<br \/>\nA vet\u0151magb\u00f3l t\u00f6rt\u00e9n\u0151 termel\u00e9s t\u00edpusai<br \/>\n\u00c1ltal\u00e1noss\u00e1gok:<\/p>\n<p>3-5 magot tartalmaz grammonk\u00e9nt<br \/>\nS\u00falya 5 gramm<br \/>\n\u00c1prilis \u00fcltet\u00e9s<br \/>\nSz\u00fcret augusztus-szeptember<br \/>\nVeget\u00e1ci\u00f3ja 120-130 nap<\/p>\n<p>A csomag 5 gr magot tartalmaz<\/p>\n","protected":false},"featured_media":30002,"comment_status":"closed","ping_status":"closed","template":"","meta":[],"product_brand":[],"product_cat":[451],"product_tag":[],"class_list":{"0":"post-30000","1":"product","2":"type-product","3":"status-publish","4":"has-post-thumbnail","6":"product_cat-dinnye-es-tok-vetomagok-bolgar-opal-vetomagok","8":"first","9":"instock","10":"taxable","11":"shipping-taxable","12":"purchasable","13":"product-type-simple"},"_links":{"self":[{"href":"https:\/\/chilimag.hu\/webshop\/wp-json\/wp\/v2\/product\/30000","targetHints":{"allow":["GET"]}}],"collection":[{"href":"https:\/\/chilimag.hu\/webshop\/wp-json\/wp\/v2\/product"}],"about":[{"href":"https:\/\/chilimag.hu\/webshop\/wp-json\/wp\/v2\/types\/product"}],"replies":[{"embeddable":true,"href":"https:\/\/chilimag.hu\/webshop\/wp-json\/wp\/v2\/comments?post=30000"}],"wp:featuredmedia":[{"embeddable":true,"href":"https:\/\/chilimag.hu\/webshop\/wp-json\/wp\/v2\/media\/30002"}],"wp:attachment":[{"href":"https:\/\/chilimag.hu\/webshop\/wp-json\/wp\/v2\/media?parent=30000"}],"wp:term":[{"taxonomy":"product_brand","embeddable":true,"href":"https:\/\/chilimag.hu\/webshop\/wp-json\/wp\/v2\/product_brand?post=30000"},{"taxonomy":"product_cat","embeddable":true,"href":"https:\/\/chilimag.hu\/webshop\/wp-json\/wp\/v2\/product_cat?post=30000"},{"taxonomy":"product_tag","embeddable":true,"href":"https:\/\/chilimag.hu\/webshop\/wp-json\/wp\/v2\/product_tag?post=30000"}],"curies":[{"name":"wp","href":"https:\/\/api.w.org\/{rel}","templated":true}]}}