{"id":29998,"date":"2024-02-17T19:10:59","date_gmt":"2024-02-17T19:10:59","guid":{"rendered":"https:\/\/chilimag.hu\/webshop\/?post_type=product&#038;p=29998"},"modified":"2026-05-11T06:30:54","modified_gmt":"2026-05-11T06:30:54","slug":"sargadinnye-deserten-opal-bg","status":"publish","type":"product","link":"https:\/\/chilimag.hu\/webshop\/termek\/sargadinnye-deserten-opal-bg\/","title":{"rendered":"S\u00e1rgadinnye Deserten Opal Bg"},"content":{"rendered":"","protected":false},"excerpt":{"rendered":"<p><img decoding=\"async\" src=\"https:\/\/opal-bg.com\/_next\/image?url=%2F_next%2Fstatic%2Fimage%2Fpublic%2Fimages%2Fhome%2Fnobg1.40d357a89f8aca58449177aa96e69e77.png&amp;w=256&amp;q=75\" srcset=\"https:\/\/opal-bg.com\/_next\/image?url=%2F_next%2Fstatic%2Fimage%2Fpublic%2Fimages%2Fhome%2Fnobg1.40d357a89f8aca58449177aa96e69e77.png&amp;w=96&amp;q=75 1x, https:\/\/opal-bg.com\/_next\/image?url=%2F_next%2Fstatic%2Fimage%2Fpublic%2Fimages%2Fhome%2Fnobg1.40d357a89f8aca58449177aa96e69e77.png&amp;w=256&amp;q=75 2x\" data-nimg=\"intrinsic\" \/><\/p>\n<p>F\u00e9lkorai \u00e9s k\u00e9s\u0151i fajta k\u00fclt\u00e9ri \u00e9s \u00fcvegh\u00e1zi termeszt\u00e9sre.<br \/>\nM\u00e9lys\u00e9g &#8211; 3-6 cm<br \/>\nVet\u00e9s &#8211; \u00e1prilist\u00f3l kezd\u0151d\u0151en<br \/>\nVet\u00e9smennyis\u00e9g &#8211; 350 &#8211; 450 gramm\/10 \u00e1r<br \/>\nTerm\u0151k\u00e9pess\u00e9g &#8211; hozam 2,5 &#8211; 3,5 tonna\/10 \u00e1r<br \/>\nA veget\u00e1ci\u00f3s id\u0151szak k\u00f6r\u00fclbel\u00fcl 85-90 nap.<br \/>\nGy\u00fcm\u00f6lcs jellemz\u0151k:<br \/>\nA gy\u00fcm\u00f6lcs\u00f6k kerek alak\u00faak, aranys\u00e1rga h\u00e9j\u00faak, nagyon j\u00f3 \u00edz\u0171ek.<br \/>\nFriss fogyaszt\u00e1sra alkalmas.<br \/>\nH\u00fasa \u00e9s \u00edze &#8211; viszonylag vastag, \u00e9l\u00e9nk s\u00e1rga-narancss\u00e1rga. \u00cdzletes \u00e9s nagyon er\u0151s illat\u00fa. A gy\u00fcm\u00f6lcs\u00f6k viszonylag nagyok, 2-3 kg.<br \/>\nA n\u00f6v\u00e9ny specifik\u00e1ci\u00f3i:<br \/>\nN\u00f6v\u00e9nyek &#8211; n\/a.<br \/>\nA sz\u00e1r hossza 1,8-2,2 m.<br \/>\nA levelek k\u00f6zepes m\u00e9ret\u0171ek, enyh\u00e9n v\u00e1gottak, s\u00f6t\u00e9tz\u00f6ld sz\u00edn\u0171ek.<br \/>\n\u00c1ltal\u00e1noss\u00e1gok:<br \/>\nTartalom 1 gr = 20-25 mag<br \/>\n5 \u00e9s 100 grammos kiszerel\u00e9s<br \/>\n\u00c1prilis \u00fcltet\u00e9s<br \/>\nSz\u00fcret j\u00falius-augusztus<br \/>\nVeget\u00e1ci\u00f3ja 85-90 nap<br \/>\n\u200b<\/p>\n<p>A csomag 3 gr magot tartalmaz<\/p>\n","protected":false},"featured_media":29999,"comment_status":"closed","ping_status":"closed","template":"","meta":[],"product_brand":[],"product_cat":[451],"product_tag":[],"class_list":{"0":"post-29998","1":"product","2":"type-product","3":"status-publish","4":"has-post-thumbnail","6":"product_cat-dinnye-es-tok-vetomagok-bolgar-opal-vetomagok","8":"first","9":"instock","10":"taxable","11":"shipping-taxable","12":"purchasable","13":"product-type-simple"},"_links":{"self":[{"href":"https:\/\/chilimag.hu\/webshop\/wp-json\/wp\/v2\/product\/29998","targetHints":{"allow":["GET"]}}],"collection":[{"href":"https:\/\/chilimag.hu\/webshop\/wp-json\/wp\/v2\/product"}],"about":[{"href":"https:\/\/chilimag.hu\/webshop\/wp-json\/wp\/v2\/types\/product"}],"replies":[{"embeddable":true,"href":"https:\/\/chilimag.hu\/webshop\/wp-json\/wp\/v2\/comments?post=29998"}],"wp:featuredmedia":[{"embeddable":true,"href":"https:\/\/chilimag.hu\/webshop\/wp-json\/wp\/v2\/media\/29999"}],"wp:attachment":[{"href":"https:\/\/chilimag.hu\/webshop\/wp-json\/wp\/v2\/media?parent=29998"}],"wp:term":[{"taxonomy":"product_brand","embeddable":true,"href":"https:\/\/chilimag.hu\/webshop\/wp-json\/wp\/v2\/product_brand?post=29998"},{"taxonomy":"product_cat","embeddable":true,"href":"https:\/\/chilimag.hu\/webshop\/wp-json\/wp\/v2\/product_cat?post=29998"},{"taxonomy":"product_tag","embeddable":true,"href":"https:\/\/chilimag.hu\/webshop\/wp-json\/wp\/v2\/product_tag?post=29998"}],"curies":[{"name":"wp","href":"https:\/\/api.w.org\/{rel}","templated":true}]}}