{"id":29981,"date":"2024-02-17T18:50:39","date_gmt":"2024-02-17T18:50:39","guid":{"rendered":"https:\/\/chilimag.hu\/webshop\/?post_type=product&#038;p=29981"},"modified":"2026-03-27T17:22:46","modified_gmt":"2026-03-27T17:22:46","slug":"sargadinnye-diamant-lux-f1-opal-bg","status":"publish","type":"product","link":"https:\/\/chilimag.hu\/webshop\/termek\/sargadinnye-diamant-lux-f1-opal-bg\/","title":{"rendered":"S\u00e1rgadinnye Diamant Lux F1 Opal Bg"},"content":{"rendered":"","protected":false},"excerpt":{"rendered":"<p><img decoding=\"async\" src=\"https:\/\/opal-bg.com\/_next\/image?url=%2F_next%2Fstatic%2Fimage%2Fpublic%2Fimages%2Fhome%2Fnobg1.40d357a89f8aca58449177aa96e69e77.png&amp;w=256&amp;q=75\" srcset=\"https:\/\/opal-bg.com\/_next\/image?url=%2F_next%2Fstatic%2Fimage%2Fpublic%2Fimages%2Fhome%2Fnobg1.40d357a89f8aca58449177aa96e69e77.png&amp;w=96&amp;q=75 1x, https:\/\/opal-bg.com\/_next\/image?url=%2F_next%2Fstatic%2Fimage%2Fpublic%2Fimages%2Fhome%2Fnobg1.40d357a89f8aca58449177aa96e69e77.png&amp;w=256&amp;q=75 2x\" data-nimg=\"intrinsic\" \/><\/p>\n<p>Dinnyemag Diamant Lux F1 (1 gr), \u00faj extra korai bolg\u00e1r hibrid, Opal<\/p>\n<p>Kiszerel\u00e9s: 25 mag (1 gr)*<\/p>\n<p>A Diamond Lux \u200b\u200b\u200b\u200bF1 bolg\u00e1r dinnye \u00faj hibridje, extra korai, \u00fcvegh\u00e1zban \u00e9s sz\u00e1nt\u00f3f\u00f6ldi termeszt\u00e9sre alkalmas. A gy\u00fcm\u00f6lcs hossz\u00fak\u00e1s-kerek alak\u00fa. A h\u00e9ja finom cs\u00edkokb\u00f3l \u00e1ll\u00f3 szerkezet, a term\u00e9sek m\u00e9rete a termeszt\u00e9si k\u00f6r\u00fclm\u00e9nyekt\u0151l f\u00fcgg\u0151en 2,5-4,5 kg k\u00f6z\u00f6tt v\u00e1ltozik. A k\u00e9reg reped\u00e9sekkel szemben ellen\u00e1ll\u00f3, h\u00e1l\u00f3s, s\u00e1rga sz\u00edn\u0171. A mag narancss\u00e1rga sz\u00edn\u0171, l\u00e9d\u00fas \u00e9s arom\u00e1s \u00e1llag\u00fa, kiv\u00e1l\u00f3 \u00edz\u0171. Veget\u00e1ci\u00f3s id\u0151szak 70-78 nap.<\/p>\n<p>Vet\u0151mennyis\u00e9g: 250 &#8211; 300 gr\/1000 m2<\/p>\n<p>\u00c1tlagos termel\u00e9s: 3 &#8211; 4,5 tonna\/1000 m2<\/p>\n<p>Magok sz\u00e1ma 1 grammban: k\u00f6r\u00fclbel\u00fcl 25 mag<\/p>\n<p>Gy\u00e1rt\u00f3: Opal Bulgaria<\/p>\n<p>A csomag 1 gr magot tartalmaz<\/p>\n","protected":false},"featured_media":29982,"comment_status":"closed","ping_status":"closed","template":"","meta":[],"product_brand":[],"product_cat":[451],"product_tag":[],"class_list":{"0":"post-29981","1":"product","2":"type-product","3":"status-publish","4":"has-post-thumbnail","6":"product_cat-dinnye-es-tok-vetomagok-bolgar-opal-vetomagok","8":"first","9":"instock","10":"taxable","11":"shipping-taxable","12":"purchasable","13":"product-type-simple"},"_links":{"self":[{"href":"https:\/\/chilimag.hu\/webshop\/wp-json\/wp\/v2\/product\/29981","targetHints":{"allow":["GET"]}}],"collection":[{"href":"https:\/\/chilimag.hu\/webshop\/wp-json\/wp\/v2\/product"}],"about":[{"href":"https:\/\/chilimag.hu\/webshop\/wp-json\/wp\/v2\/types\/product"}],"replies":[{"embeddable":true,"href":"https:\/\/chilimag.hu\/webshop\/wp-json\/wp\/v2\/comments?post=29981"}],"wp:featuredmedia":[{"embeddable":true,"href":"https:\/\/chilimag.hu\/webshop\/wp-json\/wp\/v2\/media\/29982"}],"wp:attachment":[{"href":"https:\/\/chilimag.hu\/webshop\/wp-json\/wp\/v2\/media?parent=29981"}],"wp:term":[{"taxonomy":"product_brand","embeddable":true,"href":"https:\/\/chilimag.hu\/webshop\/wp-json\/wp\/v2\/product_brand?post=29981"},{"taxonomy":"product_cat","embeddable":true,"href":"https:\/\/chilimag.hu\/webshop\/wp-json\/wp\/v2\/product_cat?post=29981"},{"taxonomy":"product_tag","embeddable":true,"href":"https:\/\/chilimag.hu\/webshop\/wp-json\/wp\/v2\/product_tag?post=29981"}],"curies":[{"name":"wp","href":"https:\/\/api.w.org\/{rel}","templated":true}]}}