{"id":29979,"date":"2024-02-17T18:47:58","date_gmt":"2024-02-17T18:47:58","guid":{"rendered":"https:\/\/chilimag.hu\/webshop\/?post_type=product&#038;p=29979"},"modified":"2026-03-28T17:25:21","modified_gmt":"2026-03-28T17:25:21","slug":"gorogdinnye-mramorna-opal-bg","status":"publish","type":"product","link":"https:\/\/chilimag.hu\/webshop\/termek\/gorogdinnye-mramorna-opal-bg\/","title":{"rendered":"G\u00f6r\u00f6gdinnye Mramorna Opal Bg"},"content":{"rendered":"","protected":false},"excerpt":{"rendered":"<p><img decoding=\"async\" src=\"https:\/\/opal-bg.com\/_next\/image?url=%2F_next%2Fstatic%2Fimage%2Fpublic%2Fimages%2Fhome%2Fnobg1.40d357a89f8aca58449177aa96e69e77.png&amp;w=256&amp;q=75\" srcset=\"https:\/\/opal-bg.com\/_next\/image?url=%2F_next%2Fstatic%2Fimage%2Fpublic%2Fimages%2Fhome%2Fnobg1.40d357a89f8aca58449177aa96e69e77.png&amp;w=96&amp;q=75 1x, https:\/\/opal-bg.com\/_next\/image?url=%2F_next%2Fstatic%2Fimage%2Fpublic%2Fimages%2Fhome%2Fnobg1.40d357a89f8aca58449177aa96e69e77.png&amp;w=256&amp;q=75 2x\" data-nimg=\"intrinsic\" \/><\/p>\n<p>A fajta k\u00f6zepes, j\u00f3 \u00e9s korai hozam\u00fa. A veget\u00e1ci\u00f3s id\u0151szak 75-80 nap. Gy\u00fcm\u00f6lcse g\u00f6mb alak\u00fa, \u00e1tlagos t\u00f6mege 4-6 kg. Fel\u00fclete sima, vil\u00e1gosz\u00f6ld, megny\u00falt s\u00f6t\u00e9tz\u00f6ld foltokkal. A h\u00e9j v\u00e9kony. Magja r\u00f3zsasz\u00ednt\u0151l v\u00f6r\u00f6sig terjed, \u00e9des, l\u00e9d\u00fas, k\u00fcl\u00f6nleges arom\u00e1j\u00fa, kiv\u00e1l\u00f3 \u00edz\u00e9r\u0151l h\u00edres.<\/p>\n<p>K\u00f6zvetlen vet\u00e9s: \u00e1prilis 15-30, m\u00e9lys\u00e9g 4-7 cm.<br \/>\nBetakar\u00edt\u00e1s: j\u00falius-augusztus<br \/>\nVet\u0151mennyis\u00e9g: 40 g\/100 nm<br \/>\nGy\u00fcm\u00f6lcs m\u00e9rete: 4-6 kg<\/p>\n<p>A csomag 5 gr magot tartalmaz<\/p>\n","protected":false},"featured_media":29980,"comment_status":"closed","ping_status":"closed","template":"","meta":[],"product_brand":[],"product_cat":[451],"product_tag":[],"class_list":{"0":"post-29979","1":"product","2":"type-product","3":"status-publish","4":"has-post-thumbnail","6":"product_cat-dinnye-es-tok-vetomagok-bolgar-opal-vetomagok","8":"first","9":"instock","10":"taxable","11":"shipping-taxable","12":"purchasable","13":"product-type-simple"},"_links":{"self":[{"href":"https:\/\/chilimag.hu\/webshop\/wp-json\/wp\/v2\/product\/29979","targetHints":{"allow":["GET"]}}],"collection":[{"href":"https:\/\/chilimag.hu\/webshop\/wp-json\/wp\/v2\/product"}],"about":[{"href":"https:\/\/chilimag.hu\/webshop\/wp-json\/wp\/v2\/types\/product"}],"replies":[{"embeddable":true,"href":"https:\/\/chilimag.hu\/webshop\/wp-json\/wp\/v2\/comments?post=29979"}],"wp:featuredmedia":[{"embeddable":true,"href":"https:\/\/chilimag.hu\/webshop\/wp-json\/wp\/v2\/media\/29980"}],"wp:attachment":[{"href":"https:\/\/chilimag.hu\/webshop\/wp-json\/wp\/v2\/media?parent=29979"}],"wp:term":[{"taxonomy":"product_brand","embeddable":true,"href":"https:\/\/chilimag.hu\/webshop\/wp-json\/wp\/v2\/product_brand?post=29979"},{"taxonomy":"product_cat","embeddable":true,"href":"https:\/\/chilimag.hu\/webshop\/wp-json\/wp\/v2\/product_cat?post=29979"},{"taxonomy":"product_tag","embeddable":true,"href":"https:\/\/chilimag.hu\/webshop\/wp-json\/wp\/v2\/product_tag?post=29979"}],"curies":[{"name":"wp","href":"https:\/\/api.w.org\/{rel}","templated":true}]}}