{"id":29977,"date":"2024-02-17T18:46:28","date_gmt":"2024-02-17T18:46:28","guid":{"rendered":"https:\/\/chilimag.hu\/webshop\/?post_type=product&#038;p=29977"},"modified":"2026-03-28T17:25:21","modified_gmt":"2026-03-28T17:25:21","slug":"gorogdinnye-sugar-baby-opal-bg","status":"publish","type":"product","link":"https:\/\/chilimag.hu\/webshop\/termek\/gorogdinnye-sugar-baby-opal-bg\/","title":{"rendered":"G\u00f6r\u00f6gdinnye Sugar Baby Opal Bg"},"content":{"rendered":"","protected":false},"excerpt":{"rendered":"<p><img decoding=\"async\" src=\"https:\/\/opal-bg.com\/_next\/image?url=%2F_next%2Fstatic%2Fimage%2Fpublic%2Fimages%2Fhome%2Fnobg1.40d357a89f8aca58449177aa96e69e77.png&amp;w=256&amp;q=75\" srcset=\"https:\/\/opal-bg.com\/_next\/image?url=%2F_next%2Fstatic%2Fimage%2Fpublic%2Fimages%2Fhome%2Fnobg1.40d357a89f8aca58449177aa96e69e77.png&amp;w=96&amp;q=75 1x, https:\/\/opal-bg.com\/_next\/image?url=%2F_next%2Fstatic%2Fimage%2Fpublic%2Fimages%2Fhome%2Fnobg1.40d357a89f8aca58449177aa96e69e77.png&amp;w=256&amp;q=75 2x\" data-nimg=\"intrinsic\" \/><\/p>\n<p>Korai fajta piros g\u00f6r\u00f6gdinnye kerek gy\u00fcm\u00f6lcs\u00f6kkel, \u00e1tlagosan 2,5-3,5 kg s\u00faly\u00fa. \u00c9l\u00e9nkpiros, h\u00fasos magja \u00e9des \u00e9s gyeng\u00e9d \u00edz\u0171.<\/p>\n<p>Veget\u00e1ci\u00f3s id\u0151szak 75-80 nap.<\/p>\n<p>Vet\u00e9sid\u0151 \u00e1prilis 15-30.<\/p>\n<p>T\u00e1vols\u00e1g: 200\/80-100 cm. M\u00e9lys\u00e9ge 4-7 cm<\/p>\n<p>M\u0171szaki adatok:<\/p>\n<p>M\u00e9lys\u00e9ge 4-7 cm<br \/>\n\u00c1prilis 15-30-ig vetik<br \/>\nVet\u0151mennyis\u00e9g 150-300 gramm\/hekt\u00e1r<br \/>\nA vet\u0151magb\u00f3l t\u00f6rt\u00e9n\u0151 termel\u00e9s t\u00edpusai<br \/>\n\u00c1ltal\u00e1noss\u00e1gok:<br \/>\n\u00c1prilis \u00fcltet\u00e9s<br \/>\nSz\u00fcret j\u00falius-augusztus<br \/>\nVeget\u00e1ci\u00f3ja 75-80 nap<br \/>\n\u200b<\/p>\n<p>A csomag 3 gr magot tartalmaz<\/p>\n","protected":false},"featured_media":29978,"comment_status":"closed","ping_status":"closed","template":"","meta":[],"product_brand":[],"product_cat":[451],"product_tag":[],"class_list":{"0":"post-29977","1":"product","2":"type-product","3":"status-publish","4":"has-post-thumbnail","6":"product_cat-dinnye-es-tok-vetomagok-bolgar-opal-vetomagok","8":"first","9":"instock","10":"taxable","11":"shipping-taxable","12":"purchasable","13":"product-type-simple"},"_links":{"self":[{"href":"https:\/\/chilimag.hu\/webshop\/wp-json\/wp\/v2\/product\/29977","targetHints":{"allow":["GET"]}}],"collection":[{"href":"https:\/\/chilimag.hu\/webshop\/wp-json\/wp\/v2\/product"}],"about":[{"href":"https:\/\/chilimag.hu\/webshop\/wp-json\/wp\/v2\/types\/product"}],"replies":[{"embeddable":true,"href":"https:\/\/chilimag.hu\/webshop\/wp-json\/wp\/v2\/comments?post=29977"}],"wp:featuredmedia":[{"embeddable":true,"href":"https:\/\/chilimag.hu\/webshop\/wp-json\/wp\/v2\/media\/29978"}],"wp:attachment":[{"href":"https:\/\/chilimag.hu\/webshop\/wp-json\/wp\/v2\/media?parent=29977"}],"wp:term":[{"taxonomy":"product_brand","embeddable":true,"href":"https:\/\/chilimag.hu\/webshop\/wp-json\/wp\/v2\/product_brand?post=29977"},{"taxonomy":"product_cat","embeddable":true,"href":"https:\/\/chilimag.hu\/webshop\/wp-json\/wp\/v2\/product_cat?post=29977"},{"taxonomy":"product_tag","embeddable":true,"href":"https:\/\/chilimag.hu\/webshop\/wp-json\/wp\/v2\/product_tag?post=29977"}],"curies":[{"name":"wp","href":"https:\/\/api.w.org\/{rel}","templated":true}]}}