{"id":29962,"date":"2024-02-17T15:11:30","date_gmt":"2024-02-17T15:11:30","guid":{"rendered":"https:\/\/chilimag.hu\/webshop\/?post_type=product&#038;p=29962"},"modified":"2026-03-12T22:39:50","modified_gmt":"2026-03-12T22:39:50","slug":"zeller-gian-prague-opal-bg","status":"publish","type":"product","link":"https:\/\/chilimag.hu\/webshop\/termek\/zeller-gian-prague-opal-bg\/","title":{"rendered":"Zeller Gigant Prague Opal Bg"},"content":{"rendered":"","protected":false},"excerpt":{"rendered":"<p><img decoding=\"async\" src=\"https:\/\/opal-bg.com\/_next\/image?url=%2F_next%2Fstatic%2Fimage%2Fpublic%2Fimages%2Fhome%2Fnobg1.40d357a89f8aca58449177aa96e69e77.png&amp;w=256&amp;q=75\" srcset=\"https:\/\/opal-bg.com\/_next\/image?url=%2F_next%2Fstatic%2Fimage%2Fpublic%2Fimages%2Fhome%2Fnobg1.40d357a89f8aca58449177aa96e69e77.png&amp;w=96&amp;q=75 1x, https:\/\/opal-bg.com\/_next\/image?url=%2F_next%2Fstatic%2Fimage%2Fpublic%2Fimages%2Fhome%2Fnobg1.40d357a89f8aca58449177aa96e69e77.png&amp;w=256&amp;q=75 2x\" data-nimg=\"intrinsic\" \/><\/p>\n<p>Le\u00edr\u00e1s<\/p>\n<p>\u00d3ri\u00e1s Praga gy\u00f6k\u00e9rzeller (5000 mag) nagyon term\u0151 \u00f3ri\u00e1s zellerfajt\u00e1b\u00f3l, Opal Bulg\u00e1ria<\/p>\n<p>K\u00e9zzel sz\u00f3rva, vagy a vet\u0151g\u00e9ppel 5 cm t\u00e1vols\u00e1gra sorokban vetik. A pal\u00e1nt\u00e1t m\u00e1jus 25-t\u0151l j\u00fanius 5-ig \u00fcltetik.<\/p>\n<p>Kiszerel\u00e9s: 5000 mag (2 gr)<\/p>\n<p>K\u00e9s\u0151i termeszt\u00e9sre alkalmas zellergy\u00f6k\u00e9r nagy, ov\u00e1lis, sima feh\u00e9r-s\u00e1rga h\u00e9j\u00fa, feh\u00e9r, ropog\u00f3s, \u00edzes hossz\u00fa t\u00e1rol\u00e1si id\u0151 4-6 h\u00f3nap k\u00f6z\u00f6tt pinc\u00e9ben vagy h\u0171t\u0151ben 2-4 C fokos h\u0151m\u00e9rs\u00e9kleten. Veget\u00e1ci\u00f3s id\u0151szak 110-130 nap.<\/p>\n<p>M\u00e1rcius 1-15-ig vetik 0,5-1 cm m\u00e9lyre.<\/p>\n<p>K\u00e9zzel sz\u00f3rva, vagy a vet\u0151g\u00e9ppel 5 cm t\u00e1vols\u00e1gra sorokban vetik. A pal\u00e1nt\u00e1t m\u00e1jus 25-t\u0151l j\u00fanius 5-ig \u00fcltetik.<\/p>\n<p>M\u0171szaki adatok:<\/p>\n<p>M\u00e9lys\u00e9ge 0,5-1 cm<br \/>\nM\u00e1rcius 1-15-ig vetik<br \/>\nVet\u00e9smennyis\u00e9g 20-30 gramm\/hekt\u00e1r<br \/>\nA magvakb\u00f3l, pal\u00e1nt\u00e1kb\u00f3l t\u00f6rt\u00e9n\u0151 el\u0151\u00e1ll\u00edt\u00e1s fajt\u00e1i<br \/>\n\u00c1ltal\u00e1noss\u00e1gok:<\/p>\n<p>2500 magot tartalmaz grammonk\u00e9nt<br \/>\nS\u00falya 2 gramm<br \/>\n\u00dcltet\u00e9s m\u00e1jus 25-j\u00fanius 5<br \/>\nSz\u00fcret szeptember-okt\u00f3ber<br \/>\nVeget\u00e1ci\u00f3 110 nap<\/p>\n<p>A csomag 2 gr magot tartalmaz<\/p>\n","protected":false},"featured_media":29963,"comment_status":"closed","ping_status":"closed","template":"","meta":[],"product_brand":[],"product_cat":[463],"product_tag":[],"class_list":{"0":"post-29962","1":"product","2":"type-product","3":"status-publish","4":"has-post-thumbnail","6":"product_cat-zeller-karalabe-cekla-vetomagok-bolgar-opal-vetomagok","8":"first","9":"instock","10":"taxable","11":"shipping-taxable","12":"purchasable","13":"product-type-simple"},"_links":{"self":[{"href":"https:\/\/chilimag.hu\/webshop\/wp-json\/wp\/v2\/product\/29962","targetHints":{"allow":["GET"]}}],"collection":[{"href":"https:\/\/chilimag.hu\/webshop\/wp-json\/wp\/v2\/product"}],"about":[{"href":"https:\/\/chilimag.hu\/webshop\/wp-json\/wp\/v2\/types\/product"}],"replies":[{"embeddable":true,"href":"https:\/\/chilimag.hu\/webshop\/wp-json\/wp\/v2\/comments?post=29962"}],"wp:featuredmedia":[{"embeddable":true,"href":"https:\/\/chilimag.hu\/webshop\/wp-json\/wp\/v2\/media\/29963"}],"wp:attachment":[{"href":"https:\/\/chilimag.hu\/webshop\/wp-json\/wp\/v2\/media?parent=29962"}],"wp:term":[{"taxonomy":"product_brand","embeddable":true,"href":"https:\/\/chilimag.hu\/webshop\/wp-json\/wp\/v2\/product_brand?post=29962"},{"taxonomy":"product_cat","embeddable":true,"href":"https:\/\/chilimag.hu\/webshop\/wp-json\/wp\/v2\/product_cat?post=29962"},{"taxonomy":"product_tag","embeddable":true,"href":"https:\/\/chilimag.hu\/webshop\/wp-json\/wp\/v2\/product_tag?post=29962"}],"curies":[{"name":"wp","href":"https:\/\/api.w.org\/{rel}","templated":true}]}}