{"id":29943,"date":"2024-02-17T14:52:36","date_gmt":"2024-02-17T14:52:36","guid":{"rendered":"https:\/\/chilimag.hu\/webshop\/?post_type=product&#038;p=29943"},"modified":"2026-03-05T14:56:31","modified_gmt":"2026-03-05T14:56:31","slug":"retek-winter-white-round-opal-bg","status":"publish","type":"product","link":"https:\/\/chilimag.hu\/webshop\/termek\/retek-winter-white-round-opal-bg\/","title":{"rendered":"Retek Winter White Round Opal Bg"},"content":{"rendered":"","protected":false},"excerpt":{"rendered":"<p><img decoding=\"async\" src=\"https:\/\/opal-bg.com\/_next\/image?url=%2F_next%2Fstatic%2Fimage%2Fpublic%2Fimages%2Fhome%2Fnobg1.40d357a89f8aca58449177aa96e69e77.png&amp;w=256&amp;q=75\" srcset=\"https:\/\/opal-bg.com\/_next\/image?url=%2F_next%2Fstatic%2Fimage%2Fpublic%2Fimages%2Fhome%2Fnobg1.40d357a89f8aca58449177aa96e69e77.png&amp;w=96&amp;q=75 1x, https:\/\/opal-bg.com\/_next\/image?url=%2F_next%2Fstatic%2Fimage%2Fpublic%2Fimages%2Fhome%2Fnobg1.40d357a89f8aca58449177aa96e69e77.png&amp;w=256&amp;q=75 2x\" data-nimg=\"intrinsic\" \/><\/p>\n<p>Le\u00edr\u00e1s<\/p>\n<p>Feh\u00e9r t\u00e9li retek, korai fajta magvak, h\u00fasos mag, feh\u00e9r, enyh\u00e9n f\u0171szeres, op\u00e1los<\/p>\n<p>1 gramm k\u00f6r\u00fclbel\u00fcl 100 retekmagot tartalmaz.<\/p>\n<p>Tasak mennyis\u00e9ge: 5 g.<\/p>\n<p>A gy\u00f6k\u00e9r feh\u00e9r, nagyon kev\u00e9s vil\u00e1gosz\u00f6ld a fels\u0151 r\u00e9sz\u00e9n a levelek fel\u00e9.<\/p>\n<p>A h\u00fasos r\u00e9sz feh\u00e9r, t\u00f6r\u00e9keny, enyh\u00e9n f\u0171szeres \u00edz\u0171.<\/p>\n<p>A retek ig\u00e9nyes a leveg\u0151 \u00e9s a talaj p\u00e1ratartalma tekintet\u00e9ben. Norm\u00e1lisan 18-20 C fokos h\u0151m\u00e9rs\u00e9kleten fejl\u0151dik.<\/p>\n<p>Veget\u00e1ci\u00f3s id\u0151szak: 80-90 nap.<\/p>\n<p>A t\u00e9li retek jellemz\u0151i a napsug\u00e1rz\u00e1st\u00f3l, a teny\u00e9szid\u0151szakt\u00f3l, a nedvess\u00e9gszintt\u0151l, a m\u0171tr\u00e1gy\u00e1kt\u00f3l, a talajt\u00edpust\u00f3l, a talajm\u0171vel\u00e9st\u0151l, a k\u00e1rtev\u0151kt\u0151l \u00e9s egy\u00e9b t\u00e9nyez\u0151kt\u0151l f\u00fcgg\u0151en v\u00e1ltozhatnak. Ez\u00e9rt a kapott eredm\u00e9nyek elt\u00e9rhetnek a bemutatott k\u00e9pekt\u0151l \u00e9s a le\u00edrt jellemz\u0151kt\u0151l.<\/p>\n<p>A csomag 5 gr magot tartalmaz<\/p>\n","protected":false},"featured_media":29945,"comment_status":"closed","ping_status":"closed","template":"","meta":[],"product_brand":[],"product_cat":[460],"product_tag":[],"class_list":{"0":"post-29943","1":"product","2":"type-product","3":"status-publish","4":"has-post-thumbnail","6":"product_cat-salata-es-retek-vetomagok-bolgar-opal-vetomagok","8":"first","9":"instock","10":"taxable","11":"shipping-taxable","12":"purchasable","13":"product-type-simple"},"_links":{"self":[{"href":"https:\/\/chilimag.hu\/webshop\/wp-json\/wp\/v2\/product\/29943","targetHints":{"allow":["GET"]}}],"collection":[{"href":"https:\/\/chilimag.hu\/webshop\/wp-json\/wp\/v2\/product"}],"about":[{"href":"https:\/\/chilimag.hu\/webshop\/wp-json\/wp\/v2\/types\/product"}],"replies":[{"embeddable":true,"href":"https:\/\/chilimag.hu\/webshop\/wp-json\/wp\/v2\/comments?post=29943"}],"wp:featuredmedia":[{"embeddable":true,"href":"https:\/\/chilimag.hu\/webshop\/wp-json\/wp\/v2\/media\/29945"}],"wp:attachment":[{"href":"https:\/\/chilimag.hu\/webshop\/wp-json\/wp\/v2\/media?parent=29943"}],"wp:term":[{"taxonomy":"product_brand","embeddable":true,"href":"https:\/\/chilimag.hu\/webshop\/wp-json\/wp\/v2\/product_brand?post=29943"},{"taxonomy":"product_cat","embeddable":true,"href":"https:\/\/chilimag.hu\/webshop\/wp-json\/wp\/v2\/product_cat?post=29943"},{"taxonomy":"product_tag","embeddable":true,"href":"https:\/\/chilimag.hu\/webshop\/wp-json\/wp\/v2\/product_tag?post=29943"}],"curies":[{"name":"wp","href":"https:\/\/api.w.org\/{rel}","templated":true}]}}