{"id":29934,"date":"2024-02-17T14:44:43","date_gmt":"2024-02-17T14:44:43","guid":{"rendered":"https:\/\/chilimag.hu\/webshop\/?post_type=product&#038;p=29934"},"modified":"2026-03-01T16:24:51","modified_gmt":"2026-03-01T16:24:51","slug":"retek-french-breakfast-opal-bg","status":"publish","type":"product","link":"https:\/\/chilimag.hu\/webshop\/termek\/retek-french-breakfast-opal-bg\/","title":{"rendered":"Retek French breakfast Opal Bg"},"content":{"rendered":"","protected":false},"excerpt":{"rendered":"<p><img decoding=\"async\" src=\"https:\/\/opal-bg.com\/_next\/image?url=%2F_next%2Fstatic%2Fimage%2Fpublic%2Fimages%2Fhome%2Fnobg1.40d357a89f8aca58449177aa96e69e77.png&amp;w=256&amp;q=75\" srcset=\"https:\/\/opal-bg.com\/_next\/image?url=%2F_next%2Fstatic%2Fimage%2Fpublic%2Fimages%2Fhome%2Fnobg1.40d357a89f8aca58449177aa96e69e77.png&amp;w=96&amp;q=75 1x, https:\/\/opal-bg.com\/_next\/image?url=%2F_next%2Fstatic%2Fimage%2Fpublic%2Fimages%2Fhome%2Fnobg1.40d357a89f8aca58449177aa96e69e77.png&amp;w=256&amp;q=75 2x\" data-nimg=\"intrinsic\" \/><\/p>\n<p>Le\u00edr\u00e1s<\/p>\n<p>K\u00fcl\u00f6nf\u00e9le megn\u00f6velt term\u0151k\u00e9pess\u00e9g\u0171, tavaszi \u00e9s \u0151szi vet\u00e9sre alkalmas. A gy\u00f6k\u00e9rn\u00f6v\u00e9ny hengeres, legfeljebb 9 cm hossz\u00fa, r\u00f3zsasz\u00edn-piros sz\u00edn\u0171, a farok k\u00f6r\u00fcli feh\u00e9r ter\u00fclet kiv\u00e1l\u00f3 \u00edz\u0171. Veget\u00e1ci\u00f3s id\u0151szak 25-35 nap.<\/p>\n<p>Tavaszi termeszt\u00e9sre febru\u00e1r-\u00e1prilisban, \u0151szi termeszt\u00e9sre szeptember-okt\u00f3berben vetik.<\/p>\n<p>Magok mennyis\u00e9ge zs\u00e1konk\u00e9nt: 10 gramm &#8211; 1500 mag<\/p>\n<p>M\u0171szaki adatok:<\/p>\n<p>M\u00e9lys\u00e9ge 2-2,5 cm<br \/>\nFebru\u00e1r-\u00e1prilisban, szeptember-okt\u00f3berben vetik<br \/>\nVet\u00e9smennyis\u00e9g 2-3 Kg\/hekt\u00e1r<br \/>\nA vet\u0151magb\u00f3l t\u00f6rt\u00e9n\u0151 termel\u00e9s t\u00edpusai<br \/>\n\u00c1ltal\u00e1noss\u00e1gok:<\/p>\n<p>125-150 magot tartalmaz grammonk\u00e9nt<br \/>\nS\u00falya 10 gramm<br \/>\n\u00dcltet\u00e9s febru\u00e1r-\u00e1prilis, szeptember-okt\u00f3ber<br \/>\nSz\u00fcret m\u00e1rcius-m\u00e1jus, okt\u00f3ber-november<br \/>\nVeget\u00e1ci\u00f3ja 25-35 nap<\/p>\n","protected":false},"featured_media":29935,"comment_status":"closed","ping_status":"closed","template":"","meta":[],"product_brand":[],"product_cat":[460],"product_tag":[],"class_list":{"0":"post-29934","1":"product","2":"type-product","3":"status-publish","4":"has-post-thumbnail","6":"product_cat-salata-es-retek-vetomagok-bolgar-opal-vetomagok","8":"first","9":"instock","10":"taxable","11":"shipping-taxable","12":"purchasable","13":"product-type-simple"},"_links":{"self":[{"href":"https:\/\/chilimag.hu\/webshop\/wp-json\/wp\/v2\/product\/29934","targetHints":{"allow":["GET"]}}],"collection":[{"href":"https:\/\/chilimag.hu\/webshop\/wp-json\/wp\/v2\/product"}],"about":[{"href":"https:\/\/chilimag.hu\/webshop\/wp-json\/wp\/v2\/types\/product"}],"replies":[{"embeddable":true,"href":"https:\/\/chilimag.hu\/webshop\/wp-json\/wp\/v2\/comments?post=29934"}],"wp:featuredmedia":[{"embeddable":true,"href":"https:\/\/chilimag.hu\/webshop\/wp-json\/wp\/v2\/media\/29935"}],"wp:attachment":[{"href":"https:\/\/chilimag.hu\/webshop\/wp-json\/wp\/v2\/media?parent=29934"}],"wp:term":[{"taxonomy":"product_brand","embeddable":true,"href":"https:\/\/chilimag.hu\/webshop\/wp-json\/wp\/v2\/product_brand?post=29934"},{"taxonomy":"product_cat","embeddable":true,"href":"https:\/\/chilimag.hu\/webshop\/wp-json\/wp\/v2\/product_cat?post=29934"},{"taxonomy":"product_tag","embeddable":true,"href":"https:\/\/chilimag.hu\/webshop\/wp-json\/wp\/v2\/product_tag?post=29934"}],"curies":[{"name":"wp","href":"https:\/\/api.w.org\/{rel}","templated":true}]}}