{"id":29926,"date":"2024-02-17T14:32:15","date_gmt":"2024-02-17T14:32:15","guid":{"rendered":"https:\/\/chilimag.hu\/webshop\/?post_type=product&#038;p=29926"},"modified":"2026-02-02T18:22:42","modified_gmt":"2026-02-02T18:22:42","slug":"porehagyma-starozagorski-72-opal-bg","status":"publish","type":"product","link":"https:\/\/chilimag.hu\/webshop\/termek\/porehagyma-starozagorski-72-opal-bg\/","title":{"rendered":"P\u00f3r\u00e9hagyma Starozagorski 72 Opal Bg"},"content":{"rendered":"","protected":false},"excerpt":{"rendered":"<p><img decoding=\"async\" src=\"https:\/\/c.cdnmp.net\/592978066\/brands\/1000004_logo.jpg\" alt=\"OPAL ZI - Bulgaria\" \/><\/p>\n<p>Hidegt\u0171r\u0151, nagy hozam\u00fa fajta, zsenge \u00e9s t\u00f6r\u00e9keny sz\u00e1rral, k\u00f6r\u00fclbel\u00fcl 1 m\u00e9ter hossz\u00fa feh\u00e9r r\u00e9sszel, kiv\u00e1l\u00f3 \u00edzekkel.Pal\u00e1nt\u00e1n termesztik.<\/p>\n<p>Nagyon produkt\u00edv, n\u00e9pszer\u0171 p\u00f3r\u00e9hagymafajta. K\u00fcl\u00f6n\u00f6sen feh\u00e9r sz\u00edn\u0171, ak\u00e1r 1 m hossz\u00fas\u00e1g\u00fa, teljesen egyenes, t\u00f6r\u00e9keny \u00e9s finom folytat\u00e1s\u00e1t k\u00e9pezi. A levelek s\u00e1rg\u00e1sz\u00f6ldek, keskenyek, hossz\u00fak\u00e1sak, a k\u00f6zponti tengelyhez k\u00e9pest 45 fokos sz\u00f6get z\u00e1rnak ki. A fajta hidegt\u0171r\u0151, t\u00e9len nagyon j\u00f3l eltarthat\u00f3, \u00edze kiv\u00e1l\u00f3. Pal\u00e1ntanevel\u00e9ssel termesztik, \u00e9s a n\u00f6v\u00e9nyeket j\u00falius 1-15. k\u00f6z\u00f6tt, amikor k\u00e9szen \u00e1llnak, \u00e1t\u00fcltetik. A veget\u00e1ci\u00f3s id\u0151szak 220-240 nap.<\/p>\n<p>M\u00e1rcius 15. \u00e9s \u00e1prilis 15. k\u00f6z\u00f6tt vetik 2 cm m\u00e9lyre.<\/p>\n<p>M\u0171szaki adatok:<\/p>\n<p>M\u00e9lys\u00e9ge 2 cm<br \/>\nVet\u00e9s: m\u00e1rcius 15-\u00e1prilis 15<br \/>\n\u00c1ltal\u00e1noss\u00e1gok:<\/p>\n<p>\u00dcltet\u00e9s j\u00falius 1-15<br \/>\nVeget\u00e1ci\u00f3ja 220-240 nap<\/p>\n<p>A csomag 2 gr magot tartalmaz<\/p>\n","protected":false},"featured_media":29927,"comment_status":"closed","ping_status":"closed","template":"","meta":[],"product_brand":[],"product_cat":[454],"product_tag":[],"class_list":{"0":"post-29926","1":"product","2":"type-product","3":"status-publish","4":"has-post-thumbnail","6":"product_cat-hagyma-vetomagok-bolgar-opal-vetomagok","8":"first","9":"instock","10":"taxable","11":"shipping-taxable","12":"purchasable","13":"product-type-simple"},"_links":{"self":[{"href":"https:\/\/chilimag.hu\/webshop\/wp-json\/wp\/v2\/product\/29926","targetHints":{"allow":["GET"]}}],"collection":[{"href":"https:\/\/chilimag.hu\/webshop\/wp-json\/wp\/v2\/product"}],"about":[{"href":"https:\/\/chilimag.hu\/webshop\/wp-json\/wp\/v2\/types\/product"}],"replies":[{"embeddable":true,"href":"https:\/\/chilimag.hu\/webshop\/wp-json\/wp\/v2\/comments?post=29926"}],"wp:featuredmedia":[{"embeddable":true,"href":"https:\/\/chilimag.hu\/webshop\/wp-json\/wp\/v2\/media\/29927"}],"wp:attachment":[{"href":"https:\/\/chilimag.hu\/webshop\/wp-json\/wp\/v2\/media?parent=29926"}],"wp:term":[{"taxonomy":"product_brand","embeddable":true,"href":"https:\/\/chilimag.hu\/webshop\/wp-json\/wp\/v2\/product_brand?post=29926"},{"taxonomy":"product_cat","embeddable":true,"href":"https:\/\/chilimag.hu\/webshop\/wp-json\/wp\/v2\/product_cat?post=29926"},{"taxonomy":"product_tag","embeddable":true,"href":"https:\/\/chilimag.hu\/webshop\/wp-json\/wp\/v2\/product_tag?post=29926"}],"curies":[{"name":"wp","href":"https:\/\/api.w.org\/{rel}","templated":true}]}}