{"id":29916,"date":"2024-02-17T13:52:23","date_gmt":"2024-02-17T13:52:23","guid":{"rendered":"https:\/\/chilimag.hu\/webshop\/?post_type=product&#038;p=29916"},"modified":"2026-01-09T17:52:31","modified_gmt":"2026-01-09T17:52:31","slug":"hagyma-density-opal-bg","status":"publish","type":"product","link":"https:\/\/chilimag.hu\/webshop\/termek\/hagyma-density-opal-bg\/","title":{"rendered":"Hagyma Density Opal Bg"},"content":{"rendered":"","protected":false},"excerpt":{"rendered":"<p><img decoding=\"async\" src=\"https:\/\/c.cdnmp.net\/592978066\/brands\/1000004_logo.jpg\" alt=\"OPAL ZI - Bulgaria\" \/><\/p>\n<p>Le\u00edr\u00e1s<\/p>\n<p>Nem cs\u00edp\u0151s, nagy, kerek fej\u0171, aranyh\u00e9j\u00fa, \u00e9des \u00edz\u0171, k\u00f6z\u00e9pkorai \u00e9s k\u00e9s\u0151i hagymafajta. Hossz\u00fa t\u00e1v\u00fa t\u00e1rol\u00e1sra \u00e9s sz\u00e1r\u00edt\u00e1sra alkalmas. K\u00e9z\u00e1ll\u00f3. Veget\u00e1ci\u00f3s id\u0151szak 120-130 nap.<\/p>\n<p>Magok sz\u00e1ma csomagonk\u00e9nt: 900 mag (2 g)<\/p>\n<p>Gy\u00e1rt\u00e1si t\u00edpusok:<\/p>\n<p>magr\u00f3l \u00e9s pal\u00e1nt\u00e1r\u00f3l &#8211; febru\u00e1r 25-m\u00e1rcius 5<br \/>\nz\u00f6ld &#8211; szeptember 1-10.<br \/>\nMagok mennyis\u00e9ge zs\u00e1konk\u00e9nt: 2 gramm<br \/>\nM\u0171szaki adatok:<\/p>\n<p>M\u00e9lys\u00e9ge 2,5 &#8211; 3 cm<br \/>\nVet\u00e9s 25.02 \u2013 05.03<br \/>\nVet\u0151mennyis\u00e9g 0,600 Kg\/hekt\u00e1r<br \/>\nA vet\u0151magb\u00f3l t\u00f6rt\u00e9n\u0151 termel\u00e9s t\u00edpusai<br \/>\n\u00c1ltal\u00e1noss\u00e1gok:<\/p>\n<p>250-300 magot tartalmaz grammonk\u00e9nt<br \/>\nS\u00falya 50 gramm<br \/>\n\u00dcltet\u00e9s febru\u00e1r-szeptember<br \/>\nSz\u00fcret j\u00fanius-j\u00falius<br \/>\nVeget\u00e1ci\u00f3ja 120-130 nap<\/p>\n<p>A csomag 2 gr magot tartalmaz<\/p>\n","protected":false},"featured_media":29917,"comment_status":"closed","ping_status":"closed","template":"","meta":[],"product_brand":[],"product_cat":[454],"product_tag":[],"class_list":{"0":"post-29916","1":"product","2":"type-product","3":"status-publish","4":"has-post-thumbnail","6":"product_cat-hagyma-vetomagok-bolgar-opal-vetomagok","8":"first","9":"instock","10":"taxable","11":"shipping-taxable","12":"purchasable","13":"product-type-simple"},"_links":{"self":[{"href":"https:\/\/chilimag.hu\/webshop\/wp-json\/wp\/v2\/product\/29916","targetHints":{"allow":["GET"]}}],"collection":[{"href":"https:\/\/chilimag.hu\/webshop\/wp-json\/wp\/v2\/product"}],"about":[{"href":"https:\/\/chilimag.hu\/webshop\/wp-json\/wp\/v2\/types\/product"}],"replies":[{"embeddable":true,"href":"https:\/\/chilimag.hu\/webshop\/wp-json\/wp\/v2\/comments?post=29916"}],"wp:featuredmedia":[{"embeddable":true,"href":"https:\/\/chilimag.hu\/webshop\/wp-json\/wp\/v2\/media\/29917"}],"wp:attachment":[{"href":"https:\/\/chilimag.hu\/webshop\/wp-json\/wp\/v2\/media?parent=29916"}],"wp:term":[{"taxonomy":"product_brand","embeddable":true,"href":"https:\/\/chilimag.hu\/webshop\/wp-json\/wp\/v2\/product_brand?post=29916"},{"taxonomy":"product_cat","embeddable":true,"href":"https:\/\/chilimag.hu\/webshop\/wp-json\/wp\/v2\/product_cat?post=29916"},{"taxonomy":"product_tag","embeddable":true,"href":"https:\/\/chilimag.hu\/webshop\/wp-json\/wp\/v2\/product_tag?post=29916"}],"curies":[{"name":"wp","href":"https:\/\/api.w.org\/{rel}","templated":true}]}}