{"id":29914,"date":"2024-02-17T13:44:36","date_gmt":"2024-02-17T13:44:36","guid":{"rendered":"https:\/\/chilimag.hu\/webshop\/?post_type=product&#038;p=29914"},"modified":"2026-04-03T15:55:55","modified_gmt":"2026-04-03T15:55:55","slug":"pasztinak-halflong-opal-bg","status":"publish","type":"product","link":"https:\/\/chilimag.hu\/webshop\/termek\/pasztinak-halflong-opal-bg\/","title":{"rendered":"Pasztin\u00e1k Halflong Opal Bg"},"content":{"rendered":"","protected":false},"excerpt":{"rendered":"<p><img decoding=\"async\" src=\"https:\/\/opal-bg.com\/_next\/image?url=%2F_next%2Fstatic%2Fimage%2Fpublic%2Fimages%2Fhome%2Fnobg1.40d357a89f8aca58449177aa96e69e77.png&amp;w=256&amp;q=75\" srcset=\"https:\/\/opal-bg.com\/_next\/image?url=%2F_next%2Fstatic%2Fimage%2Fpublic%2Fimages%2Fhome%2Fnobg1.40d357a89f8aca58449177aa96e69e77.png&amp;w=96&amp;q=75 1x, https:\/\/opal-bg.com\/_next\/image?url=%2F_next%2Fstatic%2Fimage%2Fpublic%2Fimages%2Fhome%2Fnobg1.40d357a89f8aca58449177aa96e69e77.png&amp;w=256&amp;q=75 2x\" data-nimg=\"intrinsic\" \/><\/p>\n<p>Le\u00edr\u00e1s<\/p>\n<p>Pasztern\u00e1k F\u00e9lhossz\u00fa pasztern\u00e1k magvak term\u00e9keny \u00e9s ellen\u00e1ll\u00f3 fajta<\/p>\n<p>K\u00e9t\u00e9ves n\u00f6v\u00e9ny, nagyon hideg\u00e1ll\u00f3, nagyon fejlett gy\u00f6kerekkel. A mag finom, \u00e9s m\u00e9g jobb lesz, miut\u00e1n az els\u0151 fagy elm\u00falt. A gy\u00fcm\u00f6lcs k\u00fap alak\u00fa, hossza el\u00e9ri a 25 cm-t. Term\u0151 fajta. A n\u00f6v\u00e9nyek ellen\u00e1ll\u00f3ak \u00e9s k\u00f6nnyen termeszthet\u0151k.<\/p>\n<p>Kiszerel\u00e9s: 1000 mag (3 gr)<\/p>\n<p>M\u0171szaki adatok<br \/>\nM\u00e9lys\u00e9ge 2-2,5 cm<br \/>\nVet\u00e9s febru\u00e1rt\u00f3l kezd\u0151d\u0151en<br \/>\nVet\u00e9smennyis\u00e9g 600 gramm\/hekt\u00e1r<br \/>\nA magvakb\u00f3l, pal\u00e1nt\u00e1kb\u00f3l t\u00f6rt\u00e9n\u0151 el\u0151\u00e1ll\u00edt\u00e1s fajt\u00e1i<br \/>\n\u00c1ttekint\u00e9s<br \/>\n200-300 magot tartalmaz grammonk\u00e9nt<br \/>\nS\u00falya 3 gramm<br \/>\n\u00dcltet\u00e9s febru\u00e1r-\u00e1prilis<br \/>\nSz\u00fcret j\u00fanius-j\u00falius<\/p>\n<p>A csomag 3 gr magot tartalmaz<\/p>\n","protected":false},"featured_media":29915,"comment_status":"closed","ping_status":"closed","template":"","meta":[],"product_brand":[],"product_cat":[464],"product_tag":[],"class_list":{"0":"post-29914","1":"product","2":"type-product","3":"status-publish","4":"has-post-thumbnail","6":"product_cat-zoldseg-vetomagok-bolgar-opal-vetomagok","8":"first","9":"instock","10":"taxable","11":"shipping-taxable","12":"purchasable","13":"product-type-simple"},"_links":{"self":[{"href":"https:\/\/chilimag.hu\/webshop\/wp-json\/wp\/v2\/product\/29914","targetHints":{"allow":["GET"]}}],"collection":[{"href":"https:\/\/chilimag.hu\/webshop\/wp-json\/wp\/v2\/product"}],"about":[{"href":"https:\/\/chilimag.hu\/webshop\/wp-json\/wp\/v2\/types\/product"}],"replies":[{"embeddable":true,"href":"https:\/\/chilimag.hu\/webshop\/wp-json\/wp\/v2\/comments?post=29914"}],"wp:featuredmedia":[{"embeddable":true,"href":"https:\/\/chilimag.hu\/webshop\/wp-json\/wp\/v2\/media\/29915"}],"wp:attachment":[{"href":"https:\/\/chilimag.hu\/webshop\/wp-json\/wp\/v2\/media?parent=29914"}],"wp:term":[{"taxonomy":"product_brand","embeddable":true,"href":"https:\/\/chilimag.hu\/webshop\/wp-json\/wp\/v2\/product_brand?post=29914"},{"taxonomy":"product_cat","embeddable":true,"href":"https:\/\/chilimag.hu\/webshop\/wp-json\/wp\/v2\/product_cat?post=29914"},{"taxonomy":"product_tag","embeddable":true,"href":"https:\/\/chilimag.hu\/webshop\/wp-json\/wp\/v2\/product_tag?post=29914"}],"curies":[{"name":"wp","href":"https:\/\/api.w.org\/{rel}","templated":true}]}}