{"id":29889,"date":"2024-02-17T09:48:45","date_gmt":"2024-02-17T09:48:45","guid":{"rendered":"https:\/\/chilimag.hu\/webshop\/?post_type=product&#038;p=29889"},"modified":"2026-04-14T09:11:51","modified_gmt":"2026-04-14T09:11:51","slug":"soska-opal-bg","status":"publish","type":"product","link":"https:\/\/chilimag.hu\/webshop\/termek\/soska-opal-bg\/","title":{"rendered":"S\u00f3ska Opal Bg"},"content":{"rendered":"","protected":false},"excerpt":{"rendered":"<p><img decoding=\"async\" src=\"https:\/\/opal-bg.com\/_next\/image?url=%2F_next%2Fstatic%2Fimage%2Fpublic%2Fimages%2Fhome%2Fnobg1.40d357a89f8aca58449177aa96e69e77.png&amp;w=256&amp;q=75\" srcset=\"https:\/\/opal-bg.com\/_next\/image?url=%2F_next%2Fstatic%2Fimage%2Fpublic%2Fimages%2Fhome%2Fnobg1.40d357a89f8aca58449177aa96e69e77.png&amp;w=96&amp;q=75 1x, https:\/\/opal-bg.com\/_next\/image?url=%2F_next%2Fstatic%2Fimage%2Fpublic%2Fimages%2Fhome%2Fnobg1.40d357a89f8aca58449177aa96e69e77.png&amp;w=256&amp;q=75 2x\" data-nimg=\"intrinsic\" \/><\/p>\n<p>Le\u00edr\u00e1s<\/p>\n<p>A s\u00f3ska savany\u00fa \u00e9s kellemes \u00edz\u0171 \u00e9vel\u0151 l\u00e1gysz\u00e1r\u00fa n\u00f6v\u00e9ny, amelyet leveles z\u00f6lds\u00e9gk\u00e9nt vagy gy\u00f3gyn\u00f6v\u00e9nyk\u00e9nt termesztenek kora tavaszt\u00f3l k\u00e9s\u0151 \u0151szig. A n\u00f6v\u00e9ny k\u00f6r\u00fclbel\u00fcl 60 cm magas, hossz\u00fak\u00e1s z\u00f6ld \u00e9s piros levelekkel rendelkezik. A fajta alkalmas kieg\u00e9sz\u00edt\u0151k\u00e9nt \u00e9s f\u0151 \u00f6sszetev\u0151k\u00e9nt levesek, sal\u00e1t\u00e1k \u00e9s f\u0151tt \u00e9telek elk\u00e9sz\u00edt\u00e9s\u00e9hez.<\/p>\n<p>Kiszerel\u00e9s: 1500 mag (1 gr)<\/p>\n<p>Veget\u00e1ci\u00f3s id\u0151szak 90-120 nap.<\/p>\n<p>Tavaszi termeszt\u00e9sre m\u00e1rcius \u00e9s m\u00e1jus k\u00f6z\u00f6tt vetik 1-2,5 cm m\u00e9lys\u00e9gbe, \u0151szi termeszt\u00e9sre pedig szeptember \u00e9s okt\u00f3ber k\u00f6z\u00f6tt.<\/p>\n<p>M\u0171szaki adatok:<\/p>\n<p>M\u00e9lys\u00e9ge 1-2,5 cm<br \/>\nM\u00e1rcius-m\u00e1just\u00f3l, szeptember-okt\u00f3bert\u0151l kezd\u0151d\u0151en vetik<br \/>\nVet\u0151mennyis\u00e9g 0,500 Kg\/hekt\u00e1r<br \/>\nA magvakb\u00f3l, pal\u00e1nt\u00e1kb\u00f3l t\u00f6rt\u00e9n\u0151 el\u0151\u00e1ll\u00edt\u00e1s fajt\u00e1i<br \/>\n\u00c1ltal\u00e1noss\u00e1gok:<\/p>\n<p>1000-1500 magot tartalmaz grammonk\u00e9nt<br \/>\nS\u00falya 1 gramm<br \/>\n\u00dcltet\u00e9s m\u00e1rcius-m\u00e1jus, szeptember-okt\u00f3ber<br \/>\nSz\u00fcret j\u00fanius-szeptember, december-janu\u00e1r<br \/>\nVeget\u00e1ci\u00f3ja 90-120 nap<\/p>\n<p>A csomag 1 gr magot tartalmaz<\/p>\n","protected":false},"featured_media":29891,"comment_status":"closed","ping_status":"closed","template":"","meta":[],"product_brand":[],"product_cat":[464],"product_tag":[],"class_list":{"0":"post-29889","1":"product","2":"type-product","3":"status-publish","4":"has-post-thumbnail","6":"product_cat-zoldseg-vetomagok-bolgar-opal-vetomagok","8":"first","9":"instock","10":"taxable","11":"shipping-taxable","12":"purchasable","13":"product-type-simple"},"_links":{"self":[{"href":"https:\/\/chilimag.hu\/webshop\/wp-json\/wp\/v2\/product\/29889","targetHints":{"allow":["GET"]}}],"collection":[{"href":"https:\/\/chilimag.hu\/webshop\/wp-json\/wp\/v2\/product"}],"about":[{"href":"https:\/\/chilimag.hu\/webshop\/wp-json\/wp\/v2\/types\/product"}],"replies":[{"embeddable":true,"href":"https:\/\/chilimag.hu\/webshop\/wp-json\/wp\/v2\/comments?post=29889"}],"wp:featuredmedia":[{"embeddable":true,"href":"https:\/\/chilimag.hu\/webshop\/wp-json\/wp\/v2\/media\/29891"}],"wp:attachment":[{"href":"https:\/\/chilimag.hu\/webshop\/wp-json\/wp\/v2\/media?parent=29889"}],"wp:term":[{"taxonomy":"product_brand","embeddable":true,"href":"https:\/\/chilimag.hu\/webshop\/wp-json\/wp\/v2\/product_brand?post=29889"},{"taxonomy":"product_cat","embeddable":true,"href":"https:\/\/chilimag.hu\/webshop\/wp-json\/wp\/v2\/product_cat?post=29889"},{"taxonomy":"product_tag","embeddable":true,"href":"https:\/\/chilimag.hu\/webshop\/wp-json\/wp\/v2\/product_tag?post=29889"}],"curies":[{"name":"wp","href":"https:\/\/api.w.org\/{rel}","templated":true}]}}