{"id":29885,"date":"2024-02-17T09:42:58","date_gmt":"2024-02-17T09:42:58","guid":{"rendered":"https:\/\/chilimag.hu\/webshop\/?post_type=product&#038;p=29885"},"modified":"2026-02-18T09:37:35","modified_gmt":"2026-02-18T09:37:35","slug":"metelohagyma-opal-bg-2","status":"publish","type":"product","link":"https:\/\/chilimag.hu\/webshop\/termek\/metelohagyma-opal-bg-2\/","title":{"rendered":"Met\u00e9l\u0151hagyma Opal Bg"},"content":{"rendered":"","protected":false},"excerpt":{"rendered":"<p><img decoding=\"async\" src=\"https:\/\/c.cdnmp.net\/592978066\/brands\/1000004_logo.jpg\" alt=\"OPAL ZI - Bulgaria\" \/><\/p>\n<p>A hagymaf\u00e9l\u00e9k csal\u00e1dj\u00e1ba tartozik, igen term\u0151 korai fajta, szabadf\u00f6ld\u00f6n \u00e9s v\u00e9dett helyen is termeszthet\u0151.<\/p>\n<p>Az els\u0151 leveleket 110 nap m\u00falva v\u00e1gj\u00e1k le.<\/p>\n<p>Nagyon j\u00f3 hideg\u00e1ll\u00f3s\u00e1g.<\/p>\n<p>A csomag 2 gr magot tartalmaz<\/p>\n","protected":false},"featured_media":29883,"comment_status":"closed","ping_status":"closed","template":"","meta":[],"product_brand":[],"product_cat":[452],"product_tag":[],"class_list":{"0":"post-29885","1":"product","2":"type-product","3":"status-publish","4":"has-post-thumbnail","6":"product_cat-fuszer-es-gyogynoveny-vetomagok-bolgar-opal-vetomagok","8":"first","9":"instock","10":"taxable","11":"shipping-taxable","12":"purchasable","13":"product-type-simple"},"_links":{"self":[{"href":"https:\/\/chilimag.hu\/webshop\/wp-json\/wp\/v2\/product\/29885","targetHints":{"allow":["GET"]}}],"collection":[{"href":"https:\/\/chilimag.hu\/webshop\/wp-json\/wp\/v2\/product"}],"about":[{"href":"https:\/\/chilimag.hu\/webshop\/wp-json\/wp\/v2\/types\/product"}],"replies":[{"embeddable":true,"href":"https:\/\/chilimag.hu\/webshop\/wp-json\/wp\/v2\/comments?post=29885"}],"wp:featuredmedia":[{"embeddable":true,"href":"https:\/\/chilimag.hu\/webshop\/wp-json\/wp\/v2\/media\/29883"}],"wp:attachment":[{"href":"https:\/\/chilimag.hu\/webshop\/wp-json\/wp\/v2\/media?parent=29885"}],"wp:term":[{"taxonomy":"product_brand","embeddable":true,"href":"https:\/\/chilimag.hu\/webshop\/wp-json\/wp\/v2\/product_brand?post=29885"},{"taxonomy":"product_cat","embeddable":true,"href":"https:\/\/chilimag.hu\/webshop\/wp-json\/wp\/v2\/product_cat?post=29885"},{"taxonomy":"product_tag","embeddable":true,"href":"https:\/\/chilimag.hu\/webshop\/wp-json\/wp\/v2\/product_tag?post=29885"}],"curies":[{"name":"wp","href":"https:\/\/api.w.org\/{rel}","templated":true}]}}