{"id":29876,"date":"2024-02-17T06:59:34","date_gmt":"2024-02-17T06:59:34","guid":{"rendered":"https:\/\/chilimag.hu\/webshop\/?post_type=product&#038;p=29876"},"modified":"2024-04-27T08:43:38","modified_gmt":"2024-04-27T08:43:38","slug":"viragtarto-kaspo-feher-m","status":"publish","type":"product","link":"https:\/\/chilimag.hu\/webshop\/termek\/viragtarto-kaspo-feher-m\/","title":{"rendered":"Vir\u00e1gtart\u00f3 Kasp\u00f3 Feh\u00e9r (M)"},"content":{"rendered":"","protected":false},"excerpt":{"rendered":"<p>M\u00e9retek:Vir\u00e1gtart\u00f3 f\u00e9m 42,5\u00d738,5\u00d736,5 feh\u00e9r<\/p>\n","protected":false},"featured_media":29877,"comment_status":"closed","ping_status":"closed","template":"","meta":[],"product_brand":[],"product_cat":[342,336],"product_tag":[],"class_list":{"0":"post-29876","1":"product","2":"type-product","3":"status-publish","4":"has-post-thumbnail","6":"product_cat-egyeb-kerti-termekek","7":"product_cat-vetotalcak-ulteto-cserepek-es-palanta-nevelok","9":"first","10":"instock","11":"taxable","12":"shipping-taxable","13":"purchasable","14":"product-type-simple"},"_links":{"self":[{"href":"https:\/\/chilimag.hu\/webshop\/wp-json\/wp\/v2\/product\/29876","targetHints":{"allow":["GET"]}}],"collection":[{"href":"https:\/\/chilimag.hu\/webshop\/wp-json\/wp\/v2\/product"}],"about":[{"href":"https:\/\/chilimag.hu\/webshop\/wp-json\/wp\/v2\/types\/product"}],"replies":[{"embeddable":true,"href":"https:\/\/chilimag.hu\/webshop\/wp-json\/wp\/v2\/comments?post=29876"}],"wp:featuredmedia":[{"embeddable":true,"href":"https:\/\/chilimag.hu\/webshop\/wp-json\/wp\/v2\/media\/29877"}],"wp:attachment":[{"href":"https:\/\/chilimag.hu\/webshop\/wp-json\/wp\/v2\/media?parent=29876"}],"wp:term":[{"taxonomy":"product_brand","embeddable":true,"href":"https:\/\/chilimag.hu\/webshop\/wp-json\/wp\/v2\/product_brand?post=29876"},{"taxonomy":"product_cat","embeddable":true,"href":"https:\/\/chilimag.hu\/webshop\/wp-json\/wp\/v2\/product_cat?post=29876"},{"taxonomy":"product_tag","embeddable":true,"href":"https:\/\/chilimag.hu\/webshop\/wp-json\/wp\/v2\/product_tag?post=29876"}],"curies":[{"name":"wp","href":"https:\/\/api.w.org\/{rel}","templated":true}]}}